{"id":424668,"date":"2026-04-02T03:29:15","date_gmt":"2026-04-02T01:29:15","guid":{"rendered":"https:\/\/interiorposter.com\/product\/obraz-na-plotnie-spokojne-morze-w-jasnej-tonacji\/"},"modified":"2026-04-04T03:09:53","modified_gmt":"2026-04-04T01:09:53","slug":"obraz-na-plotnie-spokojne-morze-w-jasnej-tonacji","status":"publish","type":"product","link":"https:\/\/interiorposter.com\/cs\/product\/obraz-na-plotnie-spokojne-morze-w-jasnej-tonacji\/","title":{"rendered":"Obraz na pl\u00e1tn\u011b Klidn\u00e9 mo\u0159e ve sv\u011btl\u00fdch t\u00f3nech"},"content":{"rendered":"<p>Jemn\u00fd obraz na pl\u00e1tn\u011b s motivem klidn\u00e9ho mo\u0159e a jemn\u00fdch vln okouzl\u00ed svou jednoduchost\u00ed a uklid\u0148uj\u00edc\u00ed atmosf\u00e9rou. Sv\u011btl\u00e1, tlumen\u00e1 kompozice zalo\u017een\u00e1 na odst\u00ednech b\u00e9\u017eov\u00e9, kr\u00e9mov\u00e9, b\u00edl\u00e9 a sv\u011btle \u0161ed\u00e9 vnese do interi\u00e9ru harmonii, lehkost a pocit prostoru. Je to elegantn\u00ed obraz do ob\u00fdvac\u00edho pokoje, lo\u017enice, kancel\u00e1\u0159e, hotelu nebo p\u0159eds\u00edn\u011b, ide\u00e1ln\u00ed pro modern\u00ed, minimalistick\u00e9 a skandin\u00e1vsk\u00e9 interi\u00e9ry. P\u0159\u00edmo\u0159sk\u00e1 krajina v tak st\u0159\u00eddm\u00e9m um\u011bleck\u00e9m pojet\u00ed podporuje zklidn\u011bn\u00ed a relaxaci, zat\u00edmco obraz na st\u011bn\u011b kr\u00e1sn\u011b dopln\u00ed sv\u011btl\u00fd prostor klidn\u00fdm a nad\u010dasov\u00fdm charakterem.<\/p>\n","protected":false},"excerpt":{"rendered":"<p>Sv\u011btl\u00fd obraz na pl\u00e1tn\u011b s klidn\u00fdm mo\u0159em a jemn\u00fdmi vlnami. Stylov\u00e1 dekorace do ob\u00fdvac\u00edho pokoje, lo\u017enice, kancel\u00e1\u0159e a interi\u00e9r\u016f v p\u0159\u00edrodn\u00edm minimalistick\u00e9m stylu.<\/p>\n","protected":false},"featured_media":333373,"comment_status":"closed","ping_status":"closed","template":"","meta":[],"product_brand":[],"product_cat":[108,74,86,135,68,102,105,141,83,71,111],"product_tag":[702,698,277,274],"class_list":{"0":"post-424668","1":"product","2":"type-product","3":"status-publish","4":"has-post-thumbnail","6":"product_cat-fotografie","7":"product_cat-hotel-cs","8":"product_cat-kancelar","9":"product_cat-krajiny","10":"product_cat-loznice","11":"product_cat-minimalisticky","12":"product_cat-moderni","13":"product_cat-more-a-pobrezi","14":"product_cat-obyvaci-pokoj","15":"product_cat-predsin","16":"product_cat-skandinavsky","17":"product_tag-horizontalni","18":"product_tag-moderni-obrazy","19":"product_tag-pastelove","20":"product_tag-svetle","21":"pa_size-finishing-60x40-w-ramie-drewnianej-naturalnej-cs","22":"pa_size-finishing-60x40-w-ramie-drewnianej-czarnej-cs","23":"pa_size-finishing-90x60-standard-cs","24":"pa_size-finishing-90x60-na-ptnie-woskim-cs","25":"pa_size-finishing-90x60-premium-print-cs","26":"pa_size-finishing-90x60-akustyczny-cs","27":"pa_size-finishing-90x60-w-ramie-drewnianej-naturalnej-cs","28":"pa_size-finishing-90x60-w-ramie-drewnianej-czarnej-cs","29":"pa_size-finishing-120x80-standard-cs","30":"pa_size-finishing-120x80-na-ptnie-woskim-cs","31":"pa_size-finishing-120x80-premium-print-cs","32":"pa_size-finishing-120x80-akustyczny-cs","33":"pa_size-finishing-120x80-w-ramie-drewnianej-naturalnej-cs","34":"pa_size-finishing-120x80-w-ramie-drewnianej-czarnej-cs","36":"first","37":"instock","38":"purchasable","39":"product-type-variable","40":"has-default-attributes"},"aioseo_notices":[],"_links":{"self":[{"href":"https:\/\/interiorposter.com\/cs\/wp-json\/wp\/v2\/product\/424668","targetHints":{"allow":["GET"]}}],"collection":[{"href":"https:\/\/interiorposter.com\/cs\/wp-json\/wp\/v2\/product"}],"about":[{"href":"https:\/\/interiorposter.com\/cs\/wp-json\/wp\/v2\/types\/product"}],"replies":[{"embeddable":true,"href":"https:\/\/interiorposter.com\/cs\/wp-json\/wp\/v2\/comments?post=424668"}],"wp:featuredmedia":[{"embeddable":true,"href":"https:\/\/interiorposter.com\/cs\/wp-json\/wp\/v2\/media\/333373"}],"wp:attachment":[{"href":"https:\/\/interiorposter.com\/cs\/wp-json\/wp\/v2\/media?parent=424668"}],"wp:term":[{"taxonomy":"product_brand","embeddable":true,"href":"https:\/\/interiorposter.com\/cs\/wp-json\/wp\/v2\/product_brand?post=424668"},{"taxonomy":"product_cat","embeddable":true,"href":"https:\/\/interiorposter.com\/cs\/wp-json\/wp\/v2\/product_cat?post=424668"},{"taxonomy":"product_tag","embeddable":true,"href":"https:\/\/interiorposter.com\/cs\/wp-json\/wp\/v2\/product_tag?post=424668"}],"curies":[{"name":"wp","href":"https:\/\/api.w.org\/{rel}","templated":true}]}}