{"id":424183,"date":"2026-04-02T07:42:58","date_gmt":"2026-04-02T05:42:58","guid":{"rendered":"https:\/\/interiorposter.com\/product\/obraz-na-plotnie-lodz-w-barwnym-blasku-wieczoru\/"},"modified":"2026-04-04T03:00:36","modified_gmt":"2026-04-04T01:00:36","slug":"obraz-na-plotnie-lodz-w-barwnym-blasku-wieczoru","status":"publish","type":"product","link":"https:\/\/interiorposter.com\/cs\/product\/obraz-na-plotnie-lodz-w-barwnym-blasku-wieczoru\/","title":{"rendered":"Obraz na pl\u00e1tn\u011b Lo\u010f v barevn\u00e9 z\u00e1\u0159i ve\u010dera"},"content":{"rendered":"<p>V\u00fdjime\u010dn\u00fd obraz na pl\u00e1tn\u011b s lod\u00ed na klidn\u00e9 vod\u011b okouzl\u00ed intenzivn\u00ed barevnost\u00ed a mal\u00ed\u0159skou atmosf\u00e9rou plnou emoc\u00ed. Spojen\u00ed hlubok\u00fdch odst\u00edn\u016f modr\u00e9, fialov\u00e9, r\u016f\u017eov\u00e9 a oran\u017eov\u00e9 vytv\u00e1\u0159\u00ed p\u016fsobivou kompozici, kter\u00e1 o\u017eiv\u00ed interi\u00e9r a upout\u00e1 pozornost u\u017e na prvn\u00ed pohled. Je to stylov\u00fd obraz do ob\u00fdvac\u00edho pokoje, lo\u017enice, kancel\u00e1\u0159e, hotelu nebo restaurace, ide\u00e1ln\u00ed pro modern\u00ed a um\u011blecky lad\u011bn\u00e9 interi\u00e9ry. Motiv lodi, odlesk\u016f sv\u011btla a ve\u010dern\u00ed scen\u00e9rie dod\u00e1v\u00e1 dekoraci mimo\u0159\u00e1dnou hloubku, tak\u017ee se obraz na st\u011bn\u011b st\u00e1v\u00e1 v\u00fdrazn\u00fdm akcentem, kter\u00fd vytv\u00e1\u0159\u00ed n\u00e1ladovou a elegantn\u00ed atmosf\u00e9ru.<\/p>\n","protected":false},"excerpt":{"rendered":"<p>Mal\u00ed\u0159sk\u00fd obraz na pl\u00e1tn\u011b s lod\u00ed na vod\u011b v intenzivn\u00edch odst\u00ednech modr\u00e9, r\u016f\u017eov\u00e9 a oran\u017eov\u00e9. P\u016fsobiv\u00e1 dekorace do ob\u00fdvac\u00edho pokoje, kancel\u00e1\u0159e, hotelu a modern\u00edch interi\u00e9r\u016f.<\/p>\n","protected":false},"featured_media":351992,"comment_status":"closed","ping_status":"closed","template":"","meta":[],"product_brand":[],"product_cat":[74,86,135,68,141,265,83,89],"product_tag":[702,698,271,186],"class_list":{"0":"post-424183","1":"product","2":"type-product","3":"status-publish","4":"has-post-thumbnail","6":"product_cat-hotel-cs","7":"product_cat-kancelar","8":"product_cat-krajiny","9":"product_cat-loznice","10":"product_cat-more-a-pobrezi","11":"product_cat-nocni","12":"product_cat-obyvaci-pokoj","13":"product_cat-restaurace","14":"product_tag-horizontalni","15":"product_tag-moderni-obrazy","16":"product_tag-tmave","17":"product_tag-vicebarevny","18":"pa_size-finishing-30x20-standard-cs","19":"pa_size-finishing-30x20-na-ptnie-woskim-cs","20":"pa_size-finishing-30x20-premium-print-cs","21":"pa_size-finishing-30x20-akustyczny-cs","22":"pa_size-finishing-60x40-standard-cs","23":"pa_size-finishing-60x40-na-ptnie-woskim-cs","24":"pa_size-finishing-60x40-premium-print-cs","25":"pa_size-finishing-60x40-akustyczny-cs","26":"pa_size-finishing-60x40-w-ramie-drewnianej-naturalnej-cs","27":"pa_size-finishing-60x40-w-ramie-drewnianej-czarnej-cs","28":"pa_size-finishing-90x60-standard-cs","29":"pa_size-finishing-90x60-na-ptnie-woskim-cs","30":"pa_size-finishing-90x60-premium-print-cs","31":"pa_size-finishing-90x60-akustyczny-cs","32":"pa_size-finishing-90x60-w-ramie-drewnianej-naturalnej-cs","33":"pa_size-finishing-90x60-w-ramie-drewnianej-czarnej-cs","34":"pa_size-finishing-120x80-standard-cs","35":"pa_size-finishing-120x80-na-ptnie-woskim-cs","36":"pa_size-finishing-120x80-premium-print-cs","37":"pa_size-finishing-120x80-akustyczny-cs","38":"pa_size-finishing-120x80-w-ramie-drewnianej-naturalnej-cs","39":"pa_size-finishing-120x80-w-ramie-drewnianej-czarnej-cs","41":"first","42":"instock","43":"purchasable","44":"product-type-variable","45":"has-default-attributes"},"aioseo_notices":[],"_links":{"self":[{"href":"https:\/\/interiorposter.com\/cs\/wp-json\/wp\/v2\/product\/424183","targetHints":{"allow":["GET"]}}],"collection":[{"href":"https:\/\/interiorposter.com\/cs\/wp-json\/wp\/v2\/product"}],"about":[{"href":"https:\/\/interiorposter.com\/cs\/wp-json\/wp\/v2\/types\/product"}],"replies":[{"embeddable":true,"href":"https:\/\/interiorposter.com\/cs\/wp-json\/wp\/v2\/comments?post=424183"}],"wp:featuredmedia":[{"embeddable":true,"href":"https:\/\/interiorposter.com\/cs\/wp-json\/wp\/v2\/media\/351992"}],"wp:attachment":[{"href":"https:\/\/interiorposter.com\/cs\/wp-json\/wp\/v2\/media?parent=424183"}],"wp:term":[{"taxonomy":"product_brand","embeddable":true,"href":"https:\/\/interiorposter.com\/cs\/wp-json\/wp\/v2\/product_brand?post=424183"},{"taxonomy":"product_cat","embeddable":true,"href":"https:\/\/interiorposter.com\/cs\/wp-json\/wp\/v2\/product_cat?post=424183"},{"taxonomy":"product_tag","embeddable":true,"href":"https:\/\/interiorposter.com\/cs\/wp-json\/wp\/v2\/product_tag?post=424183"}],"curies":[{"name":"wp","href":"https:\/\/api.w.org\/{rel}","templated":true}]}}