{"id":423845,"date":"2026-04-02T06:13:20","date_gmt":"2026-04-02T04:13:20","guid":{"rendered":"https:\/\/interiorposter.com\/product\/obraz-na-plotnie-skaliste-wybrzeze-w-jasnej-tonacji\/"},"modified":"2026-04-04T02:54:08","modified_gmt":"2026-04-04T00:54:08","slug":"obraz-na-plotnie-skaliste-wybrzeze-w-jasnej-tonacji","status":"publish","type":"product","link":"https:\/\/interiorposter.com\/cs\/product\/obraz-na-plotnie-skaliste-wybrzeze-w-jasnej-tonacji\/","title":{"rendered":"Obraz na pl\u00e1tn\u011b Skalnat\u00e9 pob\u0159e\u017e\u00ed ve sv\u011btl\u00fdch t\u00f3nech"},"content":{"rendered":"<p>Jemn\u00fd obraz na pl\u00e1tn\u011b se skalnat\u00fdm pob\u0159e\u017e\u00edm a klidnou vodou okouzl\u00ed minimalistickou kompozic\u00ed a p\u0159irozen\u00fdm klidem. Sv\u011btl\u00e1, tlumen\u00e1 barevnost zalo\u017een\u00e1 na odst\u00ednech b\u00edl\u00e9, b\u00e9\u017eov\u00e9, \u0161ed\u00e9 a jemn\u011b tlumen\u00e9 hn\u011bd\u00e9 vnese do interi\u00e9ru lehkost, harmonii a pocit prostoru. Je to elegantn\u00ed obraz do ob\u00fdvac\u00edho pokoje, lo\u017enice, kancel\u00e1\u0159e, hotelu nebo p\u0159eds\u00edn\u011b, ide\u00e1ln\u00ed pro modern\u00ed, skandin\u00e1vsk\u00e9 a minimalistick\u00e9 aran\u017em\u00e1. P\u0159\u00edmo\u0159sk\u00e1 krajina v takto st\u0159\u00eddm\u00e9m um\u011bleck\u00e9m pojet\u00ed kr\u00e1sn\u011b podtrhne klidn\u00fd charakter interi\u00e9ru a prom\u011bn\u00ed obraz na st\u011bn\u011b ve stylov\u00fd akcent podporuj\u00edc\u00ed odpo\u010dinek.<\/p>\n","protected":false},"excerpt":{"rendered":"<p>Sv\u011btl\u00fd obraz na pl\u00e1tn\u011b se skalnat\u00fdm pob\u0159e\u017e\u00edm a klidnou vodou. Stylov\u00e1 dekorace do ob\u00fdvac\u00edho pokoje, lo\u017enice, kancel\u00e1\u0159e a interi\u00e9r\u016f v p\u0159\u00edrodn\u00edm minimalistick\u00e9m stylu.<\/p>\n","protected":false},"featured_media":346051,"comment_status":"closed","ping_status":"closed","template":"","meta":[],"product_brand":[],"product_cat":[108,74,86,135,68,102,105,141,83,71,111],"product_tag":[698,274,704,186],"class_list":{"0":"post-423845","1":"product","2":"type-product","3":"status-publish","4":"has-post-thumbnail","6":"product_cat-fotografie","7":"product_cat-hotel-cs","8":"product_cat-kancelar","9":"product_cat-krajiny","10":"product_cat-loznice","11":"product_cat-minimalisticky","12":"product_cat-moderni","13":"product_cat-more-a-pobrezi","14":"product_cat-obyvaci-pokoj","15":"product_cat-predsin","16":"product_cat-skandinavsky","17":"product_tag-moderni-obrazy","18":"product_tag-svetle","19":"product_tag-vertikalni","20":"product_tag-vicebarevny","21":"pa_size-finishing-20x30-standard-cs","22":"pa_size-finishing-20x30-na-ptnie-woskim-cs","23":"pa_size-finishing-20x30-premium-print-cs","24":"pa_size-finishing-20x30-akustyczny-cs","25":"pa_size-finishing-40x60-standard-cs","26":"pa_size-finishing-40x60-na-ptnie-woskim-cs","27":"pa_size-finishing-40x60-premium-print-cs","28":"pa_size-finishing-40x60-akustyczny-cs","29":"pa_size-finishing-40x60-w-ramie-drewnianej-naturalnej-cs","30":"pa_size-finishing-40x60-w-ramie-drewnianej-czarnej-cs","31":"pa_size-finishing-60x90-standard-cs","32":"pa_size-finishing-60x90-na-ptnie-woskim-cs","33":"pa_size-finishing-60x90-premium-print-cs","34":"pa_size-finishing-60x90-akustyczny-cs","35":"pa_size-finishing-60x90-w-ramie-drewnianej-naturalnej-cs","36":"pa_size-finishing-60x90-w-ramie-drewnianej-czarnej-cs","37":"pa_size-finishing-80x120-standard-cs","38":"pa_size-finishing-80x120-na-ptnie-woskim-cs","39":"pa_size-finishing-80x120-premium-print-cs","40":"pa_size-finishing-80x120-akustyczny-cs","41":"pa_size-finishing-80x120-w-ramie-drewnianej-naturalnej-cs","42":"pa_size-finishing-80x120-w-ramie-drewnianej-czarnej-cs","44":"first","45":"instock","46":"purchasable","47":"product-type-variable","48":"has-default-attributes"},"aioseo_notices":[],"_links":{"self":[{"href":"https:\/\/interiorposter.com\/cs\/wp-json\/wp\/v2\/product\/423845","targetHints":{"allow":["GET"]}}],"collection":[{"href":"https:\/\/interiorposter.com\/cs\/wp-json\/wp\/v2\/product"}],"about":[{"href":"https:\/\/interiorposter.com\/cs\/wp-json\/wp\/v2\/types\/product"}],"replies":[{"embeddable":true,"href":"https:\/\/interiorposter.com\/cs\/wp-json\/wp\/v2\/comments?post=423845"}],"wp:featuredmedia":[{"embeddable":true,"href":"https:\/\/interiorposter.com\/cs\/wp-json\/wp\/v2\/media\/346051"}],"wp:attachment":[{"href":"https:\/\/interiorposter.com\/cs\/wp-json\/wp\/v2\/media?parent=423845"}],"wp:term":[{"taxonomy":"product_brand","embeddable":true,"href":"https:\/\/interiorposter.com\/cs\/wp-json\/wp\/v2\/product_brand?post=423845"},{"taxonomy":"product_cat","embeddable":true,"href":"https:\/\/interiorposter.com\/cs\/wp-json\/wp\/v2\/product_cat?post=423845"},{"taxonomy":"product_tag","embeddable":true,"href":"https:\/\/interiorposter.com\/cs\/wp-json\/wp\/v2\/product_tag?post=423845"}],"curies":[{"name":"wp","href":"https:\/\/api.w.org\/{rel}","templated":true}]}}