{"id":423555,"date":"2026-04-02T05:52:31","date_gmt":"2026-04-02T03:52:31","guid":{"rendered":"https:\/\/interiorposter.com\/product\/obraz-na-plotnie-pomost-o-zachodzie-slonca-z-kamieniami\/"},"modified":"2026-04-04T02:48:17","modified_gmt":"2026-04-04T00:48:17","slug":"obraz-na-plotnie-pomost-o-zachodzie-slonca-z-kamieniami","status":"publish","type":"product","link":"https:\/\/interiorposter.com\/cs\/product\/obraz-na-plotnie-pomost-o-zachodzie-slonca-z-kamieniami\/","title":{"rendered":"Obraz na pl\u00e1tn\u011b Molo p\u0159i z\u00e1padu slunce s kameny"},"content":{"rendered":"<p>Atmosf\u00e9rick\u00fd obraz na pl\u00e1tn\u011b s d\u0159ev\u011bn\u00fdm molem, kameny a klidnou vodn\u00ed hladinou okouzl\u00ed elegantn\u00ed kompozic\u00ed a uklid\u0148uj\u00edc\u00ed n\u00e1ladou. Tepl\u00e9 sv\u011btlo zapadaj\u00edc\u00edho slunce jemn\u011b prosv\u011btluje tmav\u0161\u00ed scen\u00e9rii a vytv\u00e1\u0159\u00ed harmonick\u00e9 spojen\u00ed hn\u011bd\u00fdch, \u0161ed\u00fdch, b\u00e9\u017eov\u00fdch a tlumen\u011b r\u016f\u017eov\u00fdch t\u00f3n\u016f. Je to stylov\u00fd obraz do ob\u00fdvac\u00edho pokoje, lo\u017enice, hotelu, kancel\u00e1\u0159e nebo p\u0159eds\u00edn\u011b, ide\u00e1ln\u00ed pro modern\u00ed, minimalistick\u00e9 a p\u0159\u00edrodou inspirovan\u00e9 interi\u00e9ry. Tato dekorace p\u0159itahuje pozornost hloubkou perspektivy a klidn\u00fdm charakterem, d\u00edky \u010demu\u017e kr\u00e1sn\u011b vytv\u00e1\u0159\u00ed atmosf\u00e9ru relaxace a nad\u010dasov\u00e9 elegance.<\/p>\n","protected":false},"excerpt":{"rendered":"<p>Atmosf\u00e9rick\u00fd obraz na pl\u00e1tn\u011b s molem, kameny a z\u00e1padem slunce. Elegantn\u00ed dekorace do ob\u00fdvac\u00edho pokoje, lo\u017enice, kancel\u00e1\u0159e a interi\u00e9r\u016f v klidn\u00e9m p\u0159\u00edrodn\u00edm stylu.<\/p>\n","protected":false},"featured_media":344526,"comment_status":"closed","ping_status":"closed","template":"","meta":[],"product_brand":[],"product_cat":[108,74,86,135,68,102,105,141,83,71,111],"product_tag":[698,271,704,186],"class_list":{"0":"post-423555","1":"product","2":"type-product","3":"status-publish","4":"has-post-thumbnail","6":"product_cat-fotografie","7":"product_cat-hotel-cs","8":"product_cat-kancelar","9":"product_cat-krajiny","10":"product_cat-loznice","11":"product_cat-minimalisticky","12":"product_cat-moderni","13":"product_cat-more-a-pobrezi","14":"product_cat-obyvaci-pokoj","15":"product_cat-predsin","16":"product_cat-skandinavsky","17":"product_tag-moderni-obrazy","18":"product_tag-tmave","19":"product_tag-vertikalni","20":"product_tag-vicebarevny","21":"pa_size-finishing-20x30-standard-cs","22":"pa_size-finishing-20x30-na-ptnie-woskim-cs","23":"pa_size-finishing-20x30-premium-print-cs","24":"pa_size-finishing-20x30-akustyczny-cs","25":"pa_size-finishing-40x60-standard-cs","26":"pa_size-finishing-40x60-na-ptnie-woskim-cs","27":"pa_size-finishing-40x60-premium-print-cs","28":"pa_size-finishing-40x60-akustyczny-cs","29":"pa_size-finishing-40x60-w-ramie-drewnianej-naturalnej-cs","30":"pa_size-finishing-40x60-w-ramie-drewnianej-czarnej-cs","31":"pa_size-finishing-60x90-standard-cs","32":"pa_size-finishing-60x90-na-ptnie-woskim-cs","33":"pa_size-finishing-60x90-premium-print-cs","34":"pa_size-finishing-60x90-akustyczny-cs","35":"pa_size-finishing-60x90-w-ramie-drewnianej-naturalnej-cs","36":"pa_size-finishing-60x90-w-ramie-drewnianej-czarnej-cs","37":"pa_size-finishing-80x120-standard-cs","38":"pa_size-finishing-80x120-na-ptnie-woskim-cs","39":"pa_size-finishing-80x120-premium-print-cs","40":"pa_size-finishing-80x120-akustyczny-cs","41":"pa_size-finishing-80x120-w-ramie-drewnianej-naturalnej-cs","42":"pa_size-finishing-80x120-w-ramie-drewnianej-czarnej-cs","44":"first","45":"instock","46":"purchasable","47":"product-type-variable","48":"has-default-attributes"},"aioseo_notices":[],"_links":{"self":[{"href":"https:\/\/interiorposter.com\/cs\/wp-json\/wp\/v2\/product\/423555","targetHints":{"allow":["GET"]}}],"collection":[{"href":"https:\/\/interiorposter.com\/cs\/wp-json\/wp\/v2\/product"}],"about":[{"href":"https:\/\/interiorposter.com\/cs\/wp-json\/wp\/v2\/types\/product"}],"replies":[{"embeddable":true,"href":"https:\/\/interiorposter.com\/cs\/wp-json\/wp\/v2\/comments?post=423555"}],"wp:featuredmedia":[{"embeddable":true,"href":"https:\/\/interiorposter.com\/cs\/wp-json\/wp\/v2\/media\/344526"}],"wp:attachment":[{"href":"https:\/\/interiorposter.com\/cs\/wp-json\/wp\/v2\/media?parent=423555"}],"wp:term":[{"taxonomy":"product_brand","embeddable":true,"href":"https:\/\/interiorposter.com\/cs\/wp-json\/wp\/v2\/product_brand?post=423555"},{"taxonomy":"product_cat","embeddable":true,"href":"https:\/\/interiorposter.com\/cs\/wp-json\/wp\/v2\/product_cat?post=423555"},{"taxonomy":"product_tag","embeddable":true,"href":"https:\/\/interiorposter.com\/cs\/wp-json\/wp\/v2\/product_tag?post=423555"}],"curies":[{"name":"wp","href":"https:\/\/api.w.org\/{rel}","templated":true}]}}