{"id":423108,"date":"2026-04-03T08:03:38","date_gmt":"2026-04-03T06:03:38","guid":{"rendered":"https:\/\/interiorposter.com\/product\/obraz-na-plotnie-rozowe-maki-w-subtelnej-odslonie\/"},"modified":"2026-04-04T02:41:05","modified_gmt":"2026-04-04T00:41:05","slug":"obraz-na-plotnie-rozowe-maki-w-subtelnej-odslonie","status":"publish","type":"product","link":"https:\/\/interiorposter.com\/cs\/product\/obraz-na-plotnie-rozowe-maki-w-subtelnej-odslonie\/","title":{"rendered":"Obraz na pl\u00e1tn\u011b R\u016f\u017eov\u00e9 m\u00e1ky v jemn\u00e9m pojet\u00ed"},"content":{"rendered":"<p>Jemn\u00fd obraz na pl\u00e1tn\u011b s r\u016f\u017eov\u00fdmi m\u00e1ky okouzl\u00ed lehkost\u00ed formy a elegantn\u00ed jednoduchost\u00ed. Kv\u011btinov\u00e1 kompozice na sv\u011btl\u00e9m pozad\u00ed vnese do interi\u00e9ru sv\u011b\u017eest, klid a jemn\u00fd romantick\u00fd akcent. Odst\u00edny r\u016f\u017eov\u00e9, b\u00edl\u00e9 a tlumen\u00e9 zelen\u00e9 vytv\u00e1\u0159ej\u00ed harmonick\u00fd celek, kter\u00fd se skv\u011ble hod\u00ed do ob\u00fdvac\u00edho pokoje, lo\u017enice, kancel\u00e1\u0159e, hotelu nebo p\u0159eds\u00edn\u011b. Je to stylov\u00e1 n\u00e1st\u011bnn\u00e1 dekorace pro modern\u00ed, minimalistick\u00e9 a skandin\u00e1vsk\u00e9 interi\u00e9ry, kter\u00e1 prostor rozjasn\u00ed a dod\u00e1 mu lehkost. Kv\u011btinov\u00fd motiv v tak elegantn\u00edm proveden\u00ed kr\u00e1sn\u011b dopln\u00ed sv\u011btl\u00e9 a klidn\u00e9 aran\u017em\u00e1.<\/p>\n","protected":false},"excerpt":{"rendered":"<p>Sv\u011btl\u00fd obraz na pl\u00e1tn\u011b s r\u016f\u017eov\u00fdmi m\u00e1ky na jemn\u00e9m pozad\u00ed. Elegantn\u00ed dekorace do ob\u00fdvac\u00edho pokoje, lo\u017enice, kancel\u00e1\u0159e a sv\u011btl\u00fdch modern\u00edch interi\u00e9r\u016f.<\/p>\n","protected":false},"featured_media":405511,"comment_status":"closed","ping_status":"closed","template":"","meta":[],"product_brand":[],"product_cat":[108,74,86,68,102,105,83,71,123,111],"product_tag":[698,274,704,186],"class_list":{"0":"post-423108","1":"product","2":"type-product","3":"status-publish","4":"has-post-thumbnail","6":"product_cat-fotografie","7":"product_cat-hotel-cs","8":"product_cat-kancelar","9":"product_cat-loznice","10":"product_cat-minimalisticky","11":"product_cat-moderni","12":"product_cat-obyvaci-pokoj","13":"product_cat-predsin","14":"product_cat-rostliny-a-kvetiny","15":"product_cat-skandinavsky","16":"product_tag-moderni-obrazy","17":"product_tag-svetle","18":"product_tag-vertikalni","19":"product_tag-vicebarevny","20":"pa_size-finishing-20x30-standard-cs","21":"pa_size-finishing-20x30-na-ptnie-woskim-cs","22":"pa_size-finishing-20x30-premium-print-cs","23":"pa_size-finishing-20x30-akustyczny-cs","24":"pa_size-finishing-40x60-standard-cs","25":"pa_size-finishing-40x60-na-ptnie-woskim-cs","26":"pa_size-finishing-40x60-premium-print-cs","27":"pa_size-finishing-40x60-akustyczny-cs","28":"pa_size-finishing-40x60-w-ramie-drewnianej-naturalnej-cs","29":"pa_size-finishing-40x60-w-ramie-drewnianej-czarnej-cs","30":"pa_size-finishing-60x90-standard-cs","31":"pa_size-finishing-60x90-na-ptnie-woskim-cs","32":"pa_size-finishing-60x90-premium-print-cs","33":"pa_size-finishing-60x90-akustyczny-cs","34":"pa_size-finishing-60x90-w-ramie-drewnianej-naturalnej-cs","35":"pa_size-finishing-60x90-w-ramie-drewnianej-czarnej-cs","36":"pa_size-finishing-80x120-standard-cs","37":"pa_size-finishing-80x120-na-ptnie-woskim-cs","38":"pa_size-finishing-80x120-premium-print-cs","39":"pa_size-finishing-80x120-akustyczny-cs","40":"pa_size-finishing-80x120-w-ramie-drewnianej-naturalnej-cs","41":"pa_size-finishing-80x120-w-ramie-drewnianej-czarnej-cs","43":"first","44":"instock","45":"purchasable","46":"product-type-variable","47":"has-default-attributes"},"aioseo_notices":[],"_links":{"self":[{"href":"https:\/\/interiorposter.com\/cs\/wp-json\/wp\/v2\/product\/423108","targetHints":{"allow":["GET"]}}],"collection":[{"href":"https:\/\/interiorposter.com\/cs\/wp-json\/wp\/v2\/product"}],"about":[{"href":"https:\/\/interiorposter.com\/cs\/wp-json\/wp\/v2\/types\/product"}],"replies":[{"embeddable":true,"href":"https:\/\/interiorposter.com\/cs\/wp-json\/wp\/v2\/comments?post=423108"}],"wp:featuredmedia":[{"embeddable":true,"href":"https:\/\/interiorposter.com\/cs\/wp-json\/wp\/v2\/media\/405511"}],"wp:attachment":[{"href":"https:\/\/interiorposter.com\/cs\/wp-json\/wp\/v2\/media?parent=423108"}],"wp:term":[{"taxonomy":"product_brand","embeddable":true,"href":"https:\/\/interiorposter.com\/cs\/wp-json\/wp\/v2\/product_brand?post=423108"},{"taxonomy":"product_cat","embeddable":true,"href":"https:\/\/interiorposter.com\/cs\/wp-json\/wp\/v2\/product_cat?post=423108"},{"taxonomy":"product_tag","embeddable":true,"href":"https:\/\/interiorposter.com\/cs\/wp-json\/wp\/v2\/product_tag?post=423108"}],"curies":[{"name":"wp","href":"https:\/\/api.w.org\/{rel}","templated":true}]}}