{"id":422580,"date":"2026-04-03T06:19:50","date_gmt":"2026-04-03T04:19:50","guid":{"rendered":"https:\/\/interiorposter.com\/product\/obraz-na-plotnie-dmuchawiec-w-bezowo-blekitnej-tonacji\/"},"modified":"2026-04-04T02:31:47","modified_gmt":"2026-04-04T00:31:47","slug":"obraz-na-plotnie-dmuchawiec-w-bezowo-blekitnej-tonacji","status":"publish","type":"product","link":"https:\/\/interiorposter.com\/cs\/product\/obraz-na-plotnie-dmuchawiec-w-bezowo-blekitnej-tonacji\/","title":{"rendered":"Obraz na pl\u00e1tn\u011b Pampeli\u0161ka v b\u00e9\u017eovo modr\u00fdch t\u00f3nech"},"content":{"rendered":"<p>Stylov\u00fd obraz na pl\u00e1tn\u011b s motivem pampeli\u0161ky v um\u011bleck\u00e9m pojet\u00ed okouzl\u00ed lehkost\u00ed, jemnost\u00ed a dekorativn\u00ed m\u011bkkost\u00ed formy. Jemn\u011b rozost\u0159en\u00e1 kompozice v odst\u00ednech b\u00e9\u017eov\u00e9, b\u00edl\u00e9, \u0161ed\u00e9 a tlumen\u00e9 modr\u00e9 vnese do interi\u00e9ru klid a harmonickou atmosf\u00e9ru. Je to elegantn\u00ed obraz do ob\u00fdvac\u00edho pokoje, lo\u017enice, kancel\u00e1\u0159e, hotelu nebo p\u0159eds\u00edn\u011b, kter\u00fd se skv\u011ble hod\u00ed do modern\u00edch, skandin\u00e1vsk\u00fdch a minimalistick\u00fdch aran\u017em\u00e1. Kv\u011btinov\u00fd motiv v mal\u00ed\u0159sk\u00e9m proveden\u00ed p\u0159itahuje pozornost, a p\u0159itom z\u016fst\u00e1v\u00e1 lehk\u00fd a nen\u00e1padn\u00fd, d\u00edky \u010demu\u017e obraz na st\u011bn\u011b kr\u00e1sn\u011b dopln\u00ed sv\u011btl\u00fd a stylov\u00fd prostor.<\/p>\n","protected":false},"excerpt":{"rendered":"<p>Jemn\u00fd obraz na pl\u00e1tn\u011b s pampeli\u0161kou v b\u00e9\u017eov\u00fdch, \u0161ed\u00fdch a jemn\u011b modr\u00fdch t\u00f3nech. Elegantn\u00ed dekorace do ob\u00fdvac\u00edho pokoje, lo\u017enice, kancel\u00e1\u0159e a sv\u011btl\u00fdch modern\u00edch interi\u00e9r\u016f.<\/p>\n","protected":false},"featured_media":400761,"comment_status":"closed","ping_status":"closed","template":"","meta":[],"product_brand":[],"product_cat":[74,86,68,297,102,105,83,71,123,111],"product_tag":[702,698,277,180,274],"class_list":{"0":"post-422580","1":"product","2":"type-product","3":"status-publish","4":"has-post-thumbnail","6":"product_cat-hotel-cs","7":"product_cat-kancelar","8":"product_cat-loznice","9":"product_cat-malirsky","10":"product_cat-minimalisticky","11":"product_cat-moderni","12":"product_cat-obyvaci-pokoj","13":"product_cat-predsin","14":"product_cat-rostliny-a-kvetiny","15":"product_cat-skandinavsky","16":"product_tag-horizontalni","17":"product_tag-moderni-obrazy","18":"product_tag-pastelove","19":"product_tag-seda","20":"product_tag-svetle","21":"pa_size-finishing-60x40-standard-cs","22":"pa_size-finishing-60x40-na-ptnie-woskim-cs","23":"pa_size-finishing-60x40-premium-print-cs","24":"pa_size-finishing-60x40-akustyczny-cs","25":"pa_size-finishing-60x40-w-ramie-drewnianej-naturalnej-cs","26":"pa_size-finishing-60x40-w-ramie-drewnianej-czarnej-cs","27":"pa_size-finishing-90x60-standard-cs","28":"pa_size-finishing-90x60-na-ptnie-woskim-cs","29":"pa_size-finishing-90x60-premium-print-cs","30":"pa_size-finishing-90x60-akustyczny-cs","31":"pa_size-finishing-90x60-w-ramie-drewnianej-naturalnej-cs","32":"pa_size-finishing-90x60-w-ramie-drewnianej-czarnej-cs","33":"pa_size-finishing-120x80-standard-cs","34":"pa_size-finishing-120x80-na-ptnie-woskim-cs","35":"pa_size-finishing-120x80-premium-print-cs","36":"pa_size-finishing-120x80-akustyczny-cs","37":"pa_size-finishing-120x80-w-ramie-drewnianej-naturalnej-cs","38":"pa_size-finishing-120x80-w-ramie-drewnianej-czarnej-cs","40":"first","41":"instock","42":"purchasable","43":"product-type-variable","44":"has-default-attributes"},"aioseo_notices":[],"_links":{"self":[{"href":"https:\/\/interiorposter.com\/cs\/wp-json\/wp\/v2\/product\/422580","targetHints":{"allow":["GET"]}}],"collection":[{"href":"https:\/\/interiorposter.com\/cs\/wp-json\/wp\/v2\/product"}],"about":[{"href":"https:\/\/interiorposter.com\/cs\/wp-json\/wp\/v2\/types\/product"}],"replies":[{"embeddable":true,"href":"https:\/\/interiorposter.com\/cs\/wp-json\/wp\/v2\/comments?post=422580"}],"wp:featuredmedia":[{"embeddable":true,"href":"https:\/\/interiorposter.com\/cs\/wp-json\/wp\/v2\/media\/400761"}],"wp:attachment":[{"href":"https:\/\/interiorposter.com\/cs\/wp-json\/wp\/v2\/media?parent=422580"}],"wp:term":[{"taxonomy":"product_brand","embeddable":true,"href":"https:\/\/interiorposter.com\/cs\/wp-json\/wp\/v2\/product_brand?post=422580"},{"taxonomy":"product_cat","embeddable":true,"href":"https:\/\/interiorposter.com\/cs\/wp-json\/wp\/v2\/product_cat?post=422580"},{"taxonomy":"product_tag","embeddable":true,"href":"https:\/\/interiorposter.com\/cs\/wp-json\/wp\/v2\/product_tag?post=422580"}],"curies":[{"name":"wp","href":"https:\/\/api.w.org\/{rel}","templated":true}]}}