{"id":422135,"date":"2026-04-03T03:32:02","date_gmt":"2026-04-03T01:32:02","guid":{"rendered":"https:\/\/interiorposter.com\/product\/obraz-na-plotnie-bialy-szkic-kwiatu-na-czarnym-tle\/"},"modified":"2026-04-04T02:22:07","modified_gmt":"2026-04-04T00:22:07","slug":"obraz-na-plotnie-bialy-szkic-kwiatu-na-czarnym-tle","status":"publish","type":"product","link":"https:\/\/interiorposter.com\/cs\/product\/obraz-na-plotnie-bialy-szkic-kwiatu-na-czarnym-tle\/","title":{"rendered":"Obraz na pl\u00e1tn\u011b B\u00edl\u00e1 skica kv\u011btu na \u010dern\u00e9m pozad\u00ed"},"content":{"rendered":"<p>Modern\u00ed obraz na pl\u00e1tn\u011b s b\u00edlou skicou kv\u011btu na hlubok\u00e9m \u010dern\u00e9m pozad\u00ed zaujme svou jednoduchost\u00ed, kontrastem a elegantn\u00ed formou. Minimalistick\u00e1 kompozice inspirovan\u00e1 line\u00e1rn\u00ed kresbou kr\u00e1sn\u011b podtrhne styl interi\u00e9ru a dod\u00e1 mu vyt\u0159\u00edbenost i um\u011bleck\u00fd charakter. Je to v\u00fdjime\u010dn\u00fd obraz do ob\u00fdvac\u00edho pokoje, lo\u017enice, kancel\u00e1\u0159e, hotelu nebo p\u0159eds\u00edn\u011b, ide\u00e1ln\u00ed pro modern\u00ed, minimalistick\u00e9 a loftov\u00e9 interi\u00e9ry. \u010cernob\u00edl\u00e1 barevnost d\u011bl\u00e1 z t\u00e9to dekorace univerz\u00e1ln\u00ed a z\u00e1rove\u0148 velmi p\u016fsobiv\u00fd prvek, d\u00edky kter\u00e9mu se obraz na st\u011bn\u011b st\u00e1v\u00e1 v\u00fdrazn\u00fdm stylov\u00fdm akcentem prostoru.<\/p>\n","protected":false},"excerpt":{"rendered":"<p>Minimalistick\u00fd obraz na pl\u00e1tn\u011b s b\u00edlou skicou kv\u011btu na \u010dern\u00e9m pozad\u00ed. Elegantn\u00ed dekorace do ob\u00fdvac\u00edho pokoje, lo\u017enice, kancel\u00e1\u0159e a modern\u00edch interi\u00e9r\u016f.<\/p>\n","protected":false},"featured_media":393277,"comment_status":"closed","ping_status":"closed","template":"","meta":[],"product_brand":[],"product_cat":[74,289,86,68,102,105,83,71,123],"product_tag":[698,180,271,704],"class_list":{"0":"post-422135","1":"product","2":"type-product","3":"status-publish","4":"has-post-thumbnail","6":"product_cat-hotel-cs","7":"product_cat-ilustrace","8":"product_cat-kancelar","9":"product_cat-loznice","10":"product_cat-minimalisticky","11":"product_cat-moderni","12":"product_cat-obyvaci-pokoj","13":"product_cat-predsin","14":"product_cat-rostliny-a-kvetiny","15":"product_tag-moderni-obrazy","16":"product_tag-seda","17":"product_tag-tmave","18":"product_tag-vertikalni","19":"pa_size-finishing-20x30-standard-cs","20":"pa_size-finishing-20x30-na-ptnie-woskim-cs","21":"pa_size-finishing-20x30-premium-print-cs","22":"pa_size-finishing-20x30-akustyczny-cs","23":"pa_size-finishing-40x60-standard-cs","24":"pa_size-finishing-40x60-na-ptnie-woskim-cs","25":"pa_size-finishing-40x60-premium-print-cs","26":"pa_size-finishing-40x60-akustyczny-cs","27":"pa_size-finishing-40x60-w-ramie-drewnianej-naturalnej-cs","28":"pa_size-finishing-40x60-w-ramie-drewnianej-czarnej-cs","29":"pa_size-finishing-60x90-standard-cs","30":"pa_size-finishing-60x90-na-ptnie-woskim-cs","31":"pa_size-finishing-60x90-premium-print-cs","32":"pa_size-finishing-60x90-akustyczny-cs","33":"pa_size-finishing-60x90-w-ramie-drewnianej-naturalnej-cs","34":"pa_size-finishing-60x90-w-ramie-drewnianej-czarnej-cs","35":"pa_size-finishing-80x120-standard-cs","36":"pa_size-finishing-80x120-na-ptnie-woskim-cs","37":"pa_size-finishing-80x120-premium-print-cs","38":"pa_size-finishing-80x120-akustyczny-cs","39":"pa_size-finishing-80x120-w-ramie-drewnianej-naturalnej-cs","40":"pa_size-finishing-80x120-w-ramie-drewnianej-czarnej-cs","42":"first","43":"instock","44":"purchasable","45":"product-type-variable","46":"has-default-attributes"},"aioseo_notices":[],"_links":{"self":[{"href":"https:\/\/interiorposter.com\/cs\/wp-json\/wp\/v2\/product\/422135","targetHints":{"allow":["GET"]}}],"collection":[{"href":"https:\/\/interiorposter.com\/cs\/wp-json\/wp\/v2\/product"}],"about":[{"href":"https:\/\/interiorposter.com\/cs\/wp-json\/wp\/v2\/types\/product"}],"replies":[{"embeddable":true,"href":"https:\/\/interiorposter.com\/cs\/wp-json\/wp\/v2\/comments?post=422135"}],"wp:featuredmedia":[{"embeddable":true,"href":"https:\/\/interiorposter.com\/cs\/wp-json\/wp\/v2\/media\/393277"}],"wp:attachment":[{"href":"https:\/\/interiorposter.com\/cs\/wp-json\/wp\/v2\/media?parent=422135"}],"wp:term":[{"taxonomy":"product_brand","embeddable":true,"href":"https:\/\/interiorposter.com\/cs\/wp-json\/wp\/v2\/product_brand?post=422135"},{"taxonomy":"product_cat","embeddable":true,"href":"https:\/\/interiorposter.com\/cs\/wp-json\/wp\/v2\/product_cat?post=422135"},{"taxonomy":"product_tag","embeddable":true,"href":"https:\/\/interiorposter.com\/cs\/wp-json\/wp\/v2\/product_tag?post=422135"}],"curies":[{"name":"wp","href":"https:\/\/api.w.org\/{rel}","templated":true}]}}