{"id":421748,"date":"2026-04-03T02:51:14","date_gmt":"2026-04-03T00:51:14","guid":{"rendered":"https:\/\/interiorposter.com\/product\/szeroki-obraz-na-plotnie-czerwone-maki-w-eleganckim-kontrascie\/"},"modified":"2026-04-04T02:15:51","modified_gmt":"2026-04-04T00:15:51","slug":"szeroki-obraz-na-plotnie-czerwone-maki-w-eleganckim-kontrascie","status":"publish","type":"product","link":"https:\/\/interiorposter.com\/cs\/product\/szeroki-obraz-na-plotnie-czerwone-maki-w-eleganckim-kontrascie\/","title":{"rendered":"\u0160irok\u00fd obraz na pl\u00e1tn\u011b \u010cerven\u00e9 m\u00e1ky v elegantn\u00edm kontrastu"},"content":{"rendered":"<p>P\u016fsobiv\u00fd \u0161irok\u00fd obraz na pl\u00e1tn\u011b s \u010derven\u00fdmi m\u00e1ky upout\u00e1 pozornost v\u00fdraznou kompozic\u00ed a dekorativn\u00edm kontrastem. Intenzivn\u00ed \u010derven\u00e9 t\u00f3ny kv\u011bt\u016f na sv\u011btl\u00e9m, jemn\u011b \u0161ed\u00e9m pozad\u00ed vytv\u00e1\u0159ej\u00ed modern\u00ed a z\u00e1rove\u0148 elegantn\u00ed akcent, kter\u00fd interi\u00e9r o\u017eiv\u00ed a dod\u00e1 mu energii. Je to skv\u011bl\u00fd obraz do ob\u00fdvac\u00edho pokoje, lo\u017enice, restaurace, hotelu, kancel\u00e1\u0159e nebo p\u0159eds\u00edn\u011b, zejm\u00e9na tam, kde je \u017e\u00e1douc\u00ed stylov\u00e1 n\u00e1st\u011bnn\u00e1 dekorace s v\u00fdrazn\u011bj\u0161\u00edm charakterem. Kv\u011btinov\u00fd motiv v panoramatick\u00e9m form\u00e1tu se v\u00fdborn\u011b vyj\u00edm\u00e1 nad pohovkou, postel\u00ed nebo stolem a kr\u00e1sn\u011b podtrhne modern\u00ed uspo\u0159\u00e1d\u00e1n\u00ed prostoru.<\/p>\n","protected":false},"excerpt":{"rendered":"<p>\u0160irok\u00fd obraz na pl\u00e1tn\u011b s \u010derven\u00fdmi m\u00e1ky na sv\u011btl\u00e9m pozad\u00ed. V\u00fdrazn\u00e1 a elegantn\u00ed dekorace do ob\u00fdvac\u00edho pokoje, lo\u017enice, restaurace a modern\u00edch interi\u00e9r\u016f.<\/p>\n","protected":false},"featured_media":391545,"comment_status":"closed","ping_status":"closed","template":"","meta":[],"product_brand":[],"product_cat":[74,86,68,297,102,105,83,71,89,123],"product_tag":[702,698,915,180,186],"class_list":{"0":"post-421748","1":"product","2":"type-product","3":"status-publish","4":"has-post-thumbnail","6":"product_cat-hotel-cs","7":"product_cat-kancelar","8":"product_cat-loznice","9":"product_cat-malirsky","10":"product_cat-minimalisticky","11":"product_cat-moderni","12":"product_cat-obyvaci-pokoj","13":"product_cat-predsin","14":"product_cat-restaurace","15":"product_cat-rostliny-a-kvetiny","16":"product_tag-horizontalni","17":"product_tag-moderni-obrazy","18":"product_tag-panoramaticke","19":"product_tag-seda","20":"product_tag-vicebarevny","21":"pa_size-finishing-120x40-akustyczny-cs","22":"pa_size-finishing-120x40-na-ptnie-woskim-cs","23":"pa_size-finishing-120x40-premium-print-cs","24":"pa_size-finishing-120x40-standard-cs","25":"pa_size-finishing-120x40-w-ramie-drewnianej-czarnej-cs","26":"pa_size-finishing-120x40-w-ramie-drewnianej-naturalnej-cs","27":"pa_size-finishing-135x45-akustyczny-cs","28":"pa_size-finishing-135x45-na-ptnie-woskim-cs","29":"pa_size-finishing-135x45-premium-print-cs","30":"pa_size-finishing-135x45-standard-cs","31":"pa_size-finishing-150x50-akustyczny-cs","32":"pa_size-finishing-150x50-na-ptnie-woskim-cs","33":"pa_size-finishing-150x50-premium-print-cs","34":"pa_size-finishing-150x50-standard-cs","35":"pa_size-finishing-150x50-w-ramie-drewnianej-czarnej-cs","36":"pa_size-finishing-150x50-w-ramie-drewnianej-naturalnej-cs","37":"pa_size-finishing-90x30-w-ramie-drewnianej-czarnej-cs","38":"pa_size-finishing-90x30-w-ramie-drewnianej-naturalnej-cs","40":"first","41":"instock","42":"purchasable","43":"product-type-variable","44":"has-default-attributes"},"aioseo_notices":[],"_links":{"self":[{"href":"https:\/\/interiorposter.com\/cs\/wp-json\/wp\/v2\/product\/421748","targetHints":{"allow":["GET"]}}],"collection":[{"href":"https:\/\/interiorposter.com\/cs\/wp-json\/wp\/v2\/product"}],"about":[{"href":"https:\/\/interiorposter.com\/cs\/wp-json\/wp\/v2\/types\/product"}],"replies":[{"embeddable":true,"href":"https:\/\/interiorposter.com\/cs\/wp-json\/wp\/v2\/comments?post=421748"}],"wp:featuredmedia":[{"embeddable":true,"href":"https:\/\/interiorposter.com\/cs\/wp-json\/wp\/v2\/media\/391545"}],"wp:attachment":[{"href":"https:\/\/interiorposter.com\/cs\/wp-json\/wp\/v2\/media?parent=421748"}],"wp:term":[{"taxonomy":"product_brand","embeddable":true,"href":"https:\/\/interiorposter.com\/cs\/wp-json\/wp\/v2\/product_brand?post=421748"},{"taxonomy":"product_cat","embeddable":true,"href":"https:\/\/interiorposter.com\/cs\/wp-json\/wp\/v2\/product_cat?post=421748"},{"taxonomy":"product_tag","embeddable":true,"href":"https:\/\/interiorposter.com\/cs\/wp-json\/wp\/v2\/product_tag?post=421748"}],"curies":[{"name":"wp","href":"https:\/\/api.w.org\/{rel}","templated":true}]}}