{"id":421337,"date":"2026-04-03T02:32:23","date_gmt":"2026-04-03T00:32:23","guid":{"rendered":"https:\/\/interiorposter.com\/product\/obraz-na-plotnie-kamienie-zen-i-bambus-nad-woda\/"},"modified":"2026-04-04T02:06:41","modified_gmt":"2026-04-04T00:06:41","slug":"obraz-na-plotnie-kamienie-zen-i-bambus-nad-woda","status":"publish","type":"product","link":"https:\/\/interiorposter.com\/cs\/product\/obraz-na-plotnie-kamienie-zen-i-bambus-nad-woda\/","title":{"rendered":"Obraz na pl\u00e1tn\u011b Zen kameny a bambus nad vodou"},"content":{"rendered":"<p>Harmonick\u00fd obraz na pl\u00e1tn\u011b se zen kameny a zelen\u00fdm bambusem nad klidnou vodn\u00ed hladinou vnese do interi\u00e9ru zklidn\u011bn\u00ed, sv\u011b\u017eest a p\u0159irozenou rovnov\u00e1hu. Jemn\u00e1 kompozice inspirovan\u00e1 estetikou spa spojuje decentn\u00ed odst\u00edny \u0161ed\u00e9, b\u00edl\u00e9 a zelen\u00e9 a vytv\u00e1\u0159\u00ed lehkou dekoraci s relaxa\u010dn\u00edm charakterem. Je to ide\u00e1ln\u00ed obraz do ob\u00fdvac\u00edho pokoje, koupelny, lo\u017enice, hotelu nebo kancel\u00e1\u0159e, kde z\u00e1le\u017e\u00ed na klidn\u00e9 atmosf\u00e9\u0159e a elegantn\u00edm detailu. Motiv p\u0159\u00edrody v minimalistick\u00e9m a modern\u00edm pojet\u00ed kr\u00e1sn\u011b dopln\u00ed sv\u011btl\u00e9 interi\u00e9ry a prom\u011bn\u00ed obraz na st\u011bn\u011b ve stylov\u00fd akcent podporuj\u00edc\u00ed odpo\u010dinek.<\/p>\n","protected":false},"excerpt":{"rendered":"<p>Sv\u011btl\u00fd obraz na pl\u00e1tn\u011b se zen kameny, vodou a zelen\u00fdm bambusem. Relaxa\u010dn\u00ed dekorace do ob\u00fdvac\u00edho pokoje, koupelny, lo\u017enice a interi\u00e9r\u016f inspirovan\u00fdch stylem spa.<\/p>\n","protected":false},"featured_media":390855,"comment_status":"closed","ping_status":"closed","template":"","meta":[],"product_brand":[],"product_cat":[108,74,86,65,68,102,105,83,123,111],"product_tag":[702,698,277,180,274,186],"class_list":{"0":"post-421337","1":"product","2":"type-product","3":"status-publish","4":"has-post-thumbnail","6":"product_cat-fotografie","7":"product_cat-hotel-cs","8":"product_cat-kancelar","9":"product_cat-koupelna","10":"product_cat-loznice","11":"product_cat-minimalisticky","12":"product_cat-moderni","13":"product_cat-obyvaci-pokoj","14":"product_cat-rostliny-a-kvetiny","15":"product_cat-skandinavsky","16":"product_tag-horizontalni","17":"product_tag-moderni-obrazy","18":"product_tag-pastelove","19":"product_tag-seda","20":"product_tag-svetle","21":"product_tag-vicebarevny","22":"pa_size-finishing-30x20-standard-cs","23":"pa_size-finishing-30x20-na-ptnie-woskim-cs","24":"pa_size-finishing-30x20-premium-print-cs","25":"pa_size-finishing-30x20-akustyczny-cs","26":"pa_size-finishing-60x40-standard-cs","27":"pa_size-finishing-60x40-na-ptnie-woskim-cs","28":"pa_size-finishing-60x40-premium-print-cs","29":"pa_size-finishing-60x40-akustyczny-cs","30":"pa_size-finishing-60x40-w-ramie-drewnianej-naturalnej-cs","31":"pa_size-finishing-60x40-w-ramie-drewnianej-czarnej-cs","32":"pa_size-finishing-90x60-standard-cs","33":"pa_size-finishing-90x60-na-ptnie-woskim-cs","34":"pa_size-finishing-90x60-premium-print-cs","35":"pa_size-finishing-90x60-akustyczny-cs","36":"pa_size-finishing-90x60-w-ramie-drewnianej-naturalnej-cs","37":"pa_size-finishing-90x60-w-ramie-drewnianej-czarnej-cs","38":"pa_size-finishing-120x80-standard-cs","39":"pa_size-finishing-120x80-na-ptnie-woskim-cs","40":"pa_size-finishing-120x80-premium-print-cs","41":"pa_size-finishing-120x80-akustyczny-cs","42":"pa_size-finishing-120x80-w-ramie-drewnianej-naturalnej-cs","43":"pa_size-finishing-120x80-w-ramie-drewnianej-czarnej-cs","45":"first","46":"instock","47":"purchasable","48":"product-type-variable","49":"has-default-attributes"},"aioseo_notices":[],"_links":{"self":[{"href":"https:\/\/interiorposter.com\/cs\/wp-json\/wp\/v2\/product\/421337","targetHints":{"allow":["GET"]}}],"collection":[{"href":"https:\/\/interiorposter.com\/cs\/wp-json\/wp\/v2\/product"}],"about":[{"href":"https:\/\/interiorposter.com\/cs\/wp-json\/wp\/v2\/types\/product"}],"replies":[{"embeddable":true,"href":"https:\/\/interiorposter.com\/cs\/wp-json\/wp\/v2\/comments?post=421337"}],"wp:featuredmedia":[{"embeddable":true,"href":"https:\/\/interiorposter.com\/cs\/wp-json\/wp\/v2\/media\/390855"}],"wp:attachment":[{"href":"https:\/\/interiorposter.com\/cs\/wp-json\/wp\/v2\/media?parent=421337"}],"wp:term":[{"taxonomy":"product_brand","embeddable":true,"href":"https:\/\/interiorposter.com\/cs\/wp-json\/wp\/v2\/product_brand?post=421337"},{"taxonomy":"product_cat","embeddable":true,"href":"https:\/\/interiorposter.com\/cs\/wp-json\/wp\/v2\/product_cat?post=421337"},{"taxonomy":"product_tag","embeddable":true,"href":"https:\/\/interiorposter.com\/cs\/wp-json\/wp\/v2\/product_tag?post=421337"}],"curies":[{"name":"wp","href":"https:\/\/api.w.org\/{rel}","templated":true}]}}