{"id":420836,"date":"2026-04-03T01:22:19","date_gmt":"2026-04-02T23:22:19","guid":{"rendered":"https:\/\/interiorposter.com\/product\/obraz-na-plotnie-lotos-i-kamienie-w-spokojnej-harmonii\/"},"modified":"2026-04-04T01:56:57","modified_gmt":"2026-04-03T23:56:57","slug":"obraz-na-plotnie-lotos-i-kamienie-w-spokojnej-harmonii","status":"publish","type":"product","link":"https:\/\/interiorposter.com\/cs\/product\/obraz-na-plotnie-lotos-i-kamienie-w-spokojnej-harmonii\/","title":{"rendered":"Obraz na pl\u00e1tn\u011b Lotos a kameny v klidn\u00e9 harmonii"},"content":{"rendered":"<p>Jemn\u00fd obraz na pl\u00e1tn\u011b s b\u00edl\u00fdm lotosem a hladk\u00fdmi kameny na vodn\u00ed hladin\u011b vnese do interi\u00e9ru zklidn\u011bn\u00ed, rovnov\u00e1hu a elegantn\u00ed minimalismus. Delik\u00e1tn\u00ed kompozice inspirovan\u00e1 estetikou spa okouzl\u00ed klidn\u00fdm uspo\u0159\u00e1d\u00e1n\u00edm a jemn\u00fdmi p\u0159echody mezi b\u00edlou, \u0161edou a sv\u011btl\u00fdmi b\u00e9\u017eov\u00fdmi t\u00f3ny. Je to skv\u011bl\u00e1 volba do ob\u00fdvac\u00edho pokoje, lo\u017enice, koupelny, hotelu nebo kancel\u00e1\u0159e, v\u0161ude tam, kde z\u00e1le\u017e\u00ed na harmonii a uvol\u0148uj\u00edc\u00ed atmosf\u00e9\u0159e. Motiv p\u0159\u00edrody v modern\u00edm minimalistick\u00e9m pojet\u00ed kr\u00e1sn\u011b dopln\u00ed sv\u011btl\u00e9 interi\u00e9ry a prom\u011bn\u00ed obraz na st\u011bn\u011b ve stylov\u00fd akcent podporuj\u00edc\u00ed odpo\u010dinek a relaxaci.<\/p>\n","protected":false},"excerpt":{"rendered":"<p>Sv\u011btl\u00fd obraz na pl\u00e1tn\u011b s lotosem, kameny a klidnou vodn\u00ed hladinou. Elegantn\u00ed dekorace do ob\u00fdvac\u00edho pokoje, lo\u017enice, koupelny, hotelu a interi\u00e9r\u016f ve stylu spa.<\/p>\n","protected":false},"featured_media":388659,"comment_status":"closed","ping_status":"closed","template":"","meta":[],"product_brand":[],"product_cat":[108,74,86,65,68,102,105,83,123,111],"product_tag":[702,698,277,180,274],"class_list":{"0":"post-420836","1":"product","2":"type-product","3":"status-publish","4":"has-post-thumbnail","6":"product_cat-fotografie","7":"product_cat-hotel-cs","8":"product_cat-kancelar","9":"product_cat-koupelna","10":"product_cat-loznice","11":"product_cat-minimalisticky","12":"product_cat-moderni","13":"product_cat-obyvaci-pokoj","14":"product_cat-rostliny-a-kvetiny","15":"product_cat-skandinavsky","16":"product_tag-horizontalni","17":"product_tag-moderni-obrazy","18":"product_tag-pastelove","19":"product_tag-seda","20":"product_tag-svetle","21":"pa_size-finishing-30x20-standard-cs","22":"pa_size-finishing-30x20-na-ptnie-woskim-cs","23":"pa_size-finishing-30x20-premium-print-cs","24":"pa_size-finishing-30x20-akustyczny-cs","25":"pa_size-finishing-60x40-standard-cs","26":"pa_size-finishing-60x40-na-ptnie-woskim-cs","27":"pa_size-finishing-60x40-premium-print-cs","28":"pa_size-finishing-60x40-akustyczny-cs","29":"pa_size-finishing-60x40-w-ramie-drewnianej-naturalnej-cs","30":"pa_size-finishing-60x40-w-ramie-drewnianej-czarnej-cs","31":"pa_size-finishing-90x60-standard-cs","32":"pa_size-finishing-90x60-na-ptnie-woskim-cs","33":"pa_size-finishing-90x60-premium-print-cs","34":"pa_size-finishing-90x60-akustyczny-cs","35":"pa_size-finishing-90x60-w-ramie-drewnianej-naturalnej-cs","36":"pa_size-finishing-90x60-w-ramie-drewnianej-czarnej-cs","37":"pa_size-finishing-120x80-standard-cs","38":"pa_size-finishing-120x80-na-ptnie-woskim-cs","39":"pa_size-finishing-120x80-premium-print-cs","40":"pa_size-finishing-120x80-akustyczny-cs","41":"pa_size-finishing-120x80-w-ramie-drewnianej-naturalnej-cs","42":"pa_size-finishing-120x80-w-ramie-drewnianej-czarnej-cs","44":"first","45":"instock","46":"purchasable","47":"product-type-variable","48":"has-default-attributes"},"aioseo_notices":[],"_links":{"self":[{"href":"https:\/\/interiorposter.com\/cs\/wp-json\/wp\/v2\/product\/420836","targetHints":{"allow":["GET"]}}],"collection":[{"href":"https:\/\/interiorposter.com\/cs\/wp-json\/wp\/v2\/product"}],"about":[{"href":"https:\/\/interiorposter.com\/cs\/wp-json\/wp\/v2\/types\/product"}],"replies":[{"embeddable":true,"href":"https:\/\/interiorposter.com\/cs\/wp-json\/wp\/v2\/comments?post=420836"}],"wp:featuredmedia":[{"embeddable":true,"href":"https:\/\/interiorposter.com\/cs\/wp-json\/wp\/v2\/media\/388659"}],"wp:attachment":[{"href":"https:\/\/interiorposter.com\/cs\/wp-json\/wp\/v2\/media?parent=420836"}],"wp:term":[{"taxonomy":"product_brand","embeddable":true,"href":"https:\/\/interiorposter.com\/cs\/wp-json\/wp\/v2\/product_brand?post=420836"},{"taxonomy":"product_cat","embeddable":true,"href":"https:\/\/interiorposter.com\/cs\/wp-json\/wp\/v2\/product_cat?post=420836"},{"taxonomy":"product_tag","embeddable":true,"href":"https:\/\/interiorposter.com\/cs\/wp-json\/wp\/v2\/product_tag?post=420836"}],"curies":[{"name":"wp","href":"https:\/\/api.w.org\/{rel}","templated":true}]}}