{"id":420545,"date":"2026-04-03T01:04:57","date_gmt":"2026-04-02T23:04:57","guid":{"rendered":"https:\/\/interiorposter.com\/product\/obraz-na-plotnie-deszczowy-wieczor-w-miejskim-blasku\/"},"modified":"2026-04-04T01:50:15","modified_gmt":"2026-04-03T23:50:15","slug":"obraz-na-plotnie-deszczowy-wieczor-w-miejskim-blasku","status":"publish","type":"product","link":"https:\/\/interiorposter.com\/cs\/product\/obraz-na-plotnie-deszczowy-wieczor-w-miejskim-blasku\/","title":{"rendered":"Obraz na pl\u00e1tn\u011b De\u0161tiv\u00fd ve\u010der v m\u011bstsk\u00e9 z\u00e1\u0159i"},"content":{"rendered":"<p>Atmosf\u00e9rick\u00fd obraz na pl\u00e1tn\u011b zobrazuj\u00edc\u00ed de\u0161tivou ulici v m\u011bstsk\u00e9 scen\u00e9rii okouzl\u00ed um\u011bleckou n\u00e1ladou a elegantn\u00ed hrou sv\u011btel. Rozost\u0159en\u00e9 siluety budov, odlesky na mokr\u00e9 vozovce a tepl\u00e9 \u017elut\u00e9 akcenty vytv\u00e1\u0159ej\u00ed jedine\u010dnou kompozici plnou hloubky a emoc\u00ed. Je to stylov\u00fd obraz do ob\u00fdvac\u00edho pokoje, kancel\u00e1\u0159e, hotelu, restaurace nebo p\u0159eds\u00edn\u011b, kter\u00fd skv\u011ble podtrhne modern\u00ed charakter interi\u00e9ru. Tmav\u0161\u00ed barevnost prolomen\u00e1 sv\u011btlem a kontrastem dod\u00e1v\u00e1 dekoraci v\u00fdraznost, zat\u00edmco mal\u00ed\u0159sk\u00e9 pojet\u00ed p\u0159itahuje pozornost a navozuje atmosf\u00e9ru velkom\u011bsta.<\/p>\n","protected":false},"excerpt":{"rendered":"<p>Atmosf\u00e9rick\u00fd obraz na pl\u00e1tn\u011b s de\u0161tivou ulic\u00ed a sv\u011btly m\u011bsta. Stylov\u00e1 dekorace do ob\u00fdvac\u00edho pokoje, kancel\u00e1\u0159e, hotelu a modern\u00edch interi\u00e9r\u016f s charakterem.<\/p>\n","protected":false},"featured_media":388440,"comment_status":"closed","ping_status":"closed","template":"","meta":[],"product_brand":[],"product_cat":[74,86,297,120,102,105,265,83,71,89],"product_tag":[698,271,704,186],"class_list":{"0":"post-420545","1":"product","2":"type-product","3":"status-publish","4":"has-post-thumbnail","6":"product_cat-hotel-cs","7":"product_cat-kancelar","8":"product_cat-malirsky","9":"product_cat-mesta-a-mosty","10":"product_cat-minimalisticky","11":"product_cat-moderni","12":"product_cat-nocni","13":"product_cat-obyvaci-pokoj","14":"product_cat-predsin","15":"product_cat-restaurace","16":"product_tag-moderni-obrazy","17":"product_tag-tmave","18":"product_tag-vertikalni","19":"product_tag-vicebarevny","20":"pa_size-finishing-20x30-standard-cs","21":"pa_size-finishing-20x30-na-ptnie-woskim-cs","22":"pa_size-finishing-20x30-premium-print-cs","23":"pa_size-finishing-20x30-akustyczny-cs","24":"pa_size-finishing-40x60-standard-cs","25":"pa_size-finishing-40x60-na-ptnie-woskim-cs","26":"pa_size-finishing-40x60-premium-print-cs","27":"pa_size-finishing-40x60-akustyczny-cs","28":"pa_size-finishing-40x60-w-ramie-drewnianej-naturalnej-cs","29":"pa_size-finishing-40x60-w-ramie-drewnianej-czarnej-cs","30":"pa_size-finishing-60x90-standard-cs","31":"pa_size-finishing-60x90-na-ptnie-woskim-cs","32":"pa_size-finishing-60x90-premium-print-cs","33":"pa_size-finishing-60x90-akustyczny-cs","34":"pa_size-finishing-60x90-w-ramie-drewnianej-naturalnej-cs","35":"pa_size-finishing-60x90-w-ramie-drewnianej-czarnej-cs","36":"pa_size-finishing-80x120-standard-cs","37":"pa_size-finishing-80x120-na-ptnie-woskim-cs","38":"pa_size-finishing-80x120-premium-print-cs","39":"pa_size-finishing-80x120-akustyczny-cs","40":"pa_size-finishing-80x120-w-ramie-drewnianej-naturalnej-cs","41":"pa_size-finishing-80x120-w-ramie-drewnianej-czarnej-cs","43":"first","44":"instock","45":"purchasable","46":"product-type-variable","47":"has-default-attributes"},"aioseo_notices":[],"_links":{"self":[{"href":"https:\/\/interiorposter.com\/cs\/wp-json\/wp\/v2\/product\/420545","targetHints":{"allow":["GET"]}}],"collection":[{"href":"https:\/\/interiorposter.com\/cs\/wp-json\/wp\/v2\/product"}],"about":[{"href":"https:\/\/interiorposter.com\/cs\/wp-json\/wp\/v2\/types\/product"}],"replies":[{"embeddable":true,"href":"https:\/\/interiorposter.com\/cs\/wp-json\/wp\/v2\/comments?post=420545"}],"wp:featuredmedia":[{"embeddable":true,"href":"https:\/\/interiorposter.com\/cs\/wp-json\/wp\/v2\/media\/388440"}],"wp:attachment":[{"href":"https:\/\/interiorposter.com\/cs\/wp-json\/wp\/v2\/media?parent=420545"}],"wp:term":[{"taxonomy":"product_brand","embeddable":true,"href":"https:\/\/interiorposter.com\/cs\/wp-json\/wp\/v2\/product_brand?post=420545"},{"taxonomy":"product_cat","embeddable":true,"href":"https:\/\/interiorposter.com\/cs\/wp-json\/wp\/v2\/product_cat?post=420545"},{"taxonomy":"product_tag","embeddable":true,"href":"https:\/\/interiorposter.com\/cs\/wp-json\/wp\/v2\/product_tag?post=420545"}],"curies":[{"name":"wp","href":"https:\/\/api.w.org\/{rel}","templated":true}]}}