{"id":420040,"date":"2026-04-03T00:30:49","date_gmt":"2026-04-02T22:30:49","guid":{"rendered":"https:\/\/interiorposter.com\/product\/obraz-na-plotnie-wieza-eiffla-w-artystycznej-odslonie\/"},"modified":"2026-04-04T01:43:04","modified_gmt":"2026-04-03T23:43:04","slug":"obraz-na-plotnie-wieza-eiffla-w-artystycznej-odslonie","status":"publish","type":"product","link":"https:\/\/interiorposter.com\/cs\/product\/obraz-na-plotnie-wieza-eiffla-w-artystycznej-odslonie\/","title":{"rendered":"Obraz na pl\u00e1tn\u011b Eiffelova v\u011b\u017e v um\u011bleck\u00e9m pojet\u00ed"},"content":{"rendered":"<p>Stylov\u00fd obraz na pl\u00e1tn\u011b s Eiffelovou v\u011b\u017e\u00ed v mal\u00ed\u0159sk\u00e9m zpracov\u00e1n\u00ed je elegantn\u00ed n\u00e1st\u011bnn\u00e1 dekorace, kter\u00e1 do interi\u00e9ru vnese atmosf\u00e9ru cestov\u00e1n\u00ed, lehkost a nad\u010dasov\u00fd p\u016fvab pa\u0159\u00ed\u017esk\u00e9 architektury. Jemn\u011b rozost\u0159en\u00e1 kompozice v odst\u00ednech modr\u00e9, b\u00e9\u017eov\u00e9, hn\u011bd\u00e9 a b\u00edl\u00e9 vytv\u00e1\u0159\u00ed harmonick\u00fd efekt, kter\u00fd se skv\u011ble hod\u00ed do ob\u00fdvac\u00edho pokoje, lo\u017enice, kancel\u00e1\u0159e, hotelu, restaurace nebo p\u0159eds\u00edn\u011b. Je to obraz na st\u011bnu ide\u00e1ln\u00ed pro modern\u00ed, minimalistick\u00e9 a m\u011bstsk\u00fdm stylem inspirovan\u00e9 interi\u00e9ry. Dekorace p\u0159itahuje pozornost, a p\u0159itom si zachov\u00e1v\u00e1 jemn\u00fd um\u011bleck\u00fd charakter, d\u00edky \u010demu\u017e kr\u00e1sn\u011b dopl\u0148uje elegantn\u00ed aran\u017em\u00e1.<\/p>\n","protected":false},"excerpt":{"rendered":"<p>Um\u011bleck\u00fd obraz na pl\u00e1tn\u011b s Eiffelovou v\u011b\u017e\u00ed ve sv\u011btl\u00e9 a stylov\u00e9 kompozici. Elegantn\u00ed dekorace do ob\u00fdvac\u00edho pokoje, lo\u017enice, kancel\u00e1\u0159e a interi\u00e9r\u016f inspirovan\u00fdch cestov\u00e1n\u00edm.<\/p>\n","protected":false},"featured_media":386907,"comment_status":"closed","ping_status":"closed","template":"","meta":[],"product_brand":[],"product_cat":[74,86,68,297,120,102,105,83,71,89],"product_tag":[698,277,274,704,186],"class_list":{"0":"post-420040","1":"product","2":"type-product","3":"status-publish","4":"has-post-thumbnail","6":"product_cat-hotel-cs","7":"product_cat-kancelar","8":"product_cat-loznice","9":"product_cat-malirsky","10":"product_cat-mesta-a-mosty","11":"product_cat-minimalisticky","12":"product_cat-moderni","13":"product_cat-obyvaci-pokoj","14":"product_cat-predsin","15":"product_cat-restaurace","16":"product_tag-moderni-obrazy","17":"product_tag-pastelove","18":"product_tag-svetle","19":"product_tag-vertikalni","20":"product_tag-vicebarevny","21":"pa_size-finishing-20x30-standard-cs","22":"pa_size-finishing-20x30-na-ptnie-woskim-cs","23":"pa_size-finishing-20x30-premium-print-cs","24":"pa_size-finishing-20x30-akustyczny-cs","25":"pa_size-finishing-40x60-standard-cs","26":"pa_size-finishing-40x60-na-ptnie-woskim-cs","27":"pa_size-finishing-40x60-premium-print-cs","28":"pa_size-finishing-40x60-akustyczny-cs","29":"pa_size-finishing-40x60-w-ramie-drewnianej-naturalnej-cs","30":"pa_size-finishing-40x60-w-ramie-drewnianej-czarnej-cs","31":"pa_size-finishing-60x90-standard-cs","32":"pa_size-finishing-60x90-na-ptnie-woskim-cs","33":"pa_size-finishing-60x90-premium-print-cs","34":"pa_size-finishing-60x90-akustyczny-cs","35":"pa_size-finishing-60x90-w-ramie-drewnianej-naturalnej-cs","36":"pa_size-finishing-60x90-w-ramie-drewnianej-czarnej-cs","37":"pa_size-finishing-80x120-standard-cs","38":"pa_size-finishing-80x120-na-ptnie-woskim-cs","39":"pa_size-finishing-80x120-premium-print-cs","40":"pa_size-finishing-80x120-akustyczny-cs","41":"pa_size-finishing-80x120-w-ramie-drewnianej-naturalnej-cs","42":"pa_size-finishing-80x120-w-ramie-drewnianej-czarnej-cs","44":"first","45":"instock","46":"purchasable","47":"product-type-variable","48":"has-default-attributes"},"aioseo_notices":[],"_links":{"self":[{"href":"https:\/\/interiorposter.com\/cs\/wp-json\/wp\/v2\/product\/420040","targetHints":{"allow":["GET"]}}],"collection":[{"href":"https:\/\/interiorposter.com\/cs\/wp-json\/wp\/v2\/product"}],"about":[{"href":"https:\/\/interiorposter.com\/cs\/wp-json\/wp\/v2\/types\/product"}],"replies":[{"embeddable":true,"href":"https:\/\/interiorposter.com\/cs\/wp-json\/wp\/v2\/comments?post=420040"}],"wp:featuredmedia":[{"embeddable":true,"href":"https:\/\/interiorposter.com\/cs\/wp-json\/wp\/v2\/media\/386907"}],"wp:attachment":[{"href":"https:\/\/interiorposter.com\/cs\/wp-json\/wp\/v2\/media?parent=420040"}],"wp:term":[{"taxonomy":"product_brand","embeddable":true,"href":"https:\/\/interiorposter.com\/cs\/wp-json\/wp\/v2\/product_brand?post=420040"},{"taxonomy":"product_cat","embeddable":true,"href":"https:\/\/interiorposter.com\/cs\/wp-json\/wp\/v2\/product_cat?post=420040"},{"taxonomy":"product_tag","embeddable":true,"href":"https:\/\/interiorposter.com\/cs\/wp-json\/wp\/v2\/product_tag?post=420040"}],"curies":[{"name":"wp","href":"https:\/\/api.w.org\/{rel}","templated":true}]}}