{"id":419584,"date":"2026-04-02T16:31:05","date_gmt":"2026-04-02T14:31:05","guid":{"rendered":"https:\/\/interiorposter.com\/product\/obraz-na-plotnie-czerwone-usta-na-czarnym-tle\/"},"modified":"2026-04-04T01:32:34","modified_gmt":"2026-04-03T23:32:34","slug":"obraz-na-plotnie-czerwone-usta-na-czarnym-tle","status":"publish","type":"product","link":"https:\/\/interiorposter.com\/cs\/product\/obraz-na-plotnie-czerwone-usta-na-czarnym-tle\/","title":{"rendered":"Obraz na pl\u00e1tn\u011b \u010cerven\u00e9 rty na \u010dern\u00e9m pozad\u00ed"},"content":{"rendered":"<p>V\u00fdrazn\u00fd obraz na pl\u00e1tn\u011b s motivem \u010derven\u00fdch rt\u016f na hlubok\u00e9m \u010dern\u00e9m pozad\u00ed je dekorace, kter\u00e1 okam\u017eit\u011b upout\u00e1 pozornost a dod\u00e1 interi\u00e9ru odv\u00e1\u017en\u00fd, modern\u00ed charakter. Kontrastn\u00ed kompozice spojuje smyslnost, eleganci a m\u00f3dn\u00ed glamour atmosf\u00e9ru, d\u00edky \u010demu\u017e se skv\u011ble hod\u00ed do ob\u00fdvac\u00edho pokoje, lo\u017enice, kancel\u00e1\u0159e, hotelu nebo stylov\u00e9 restaurace. Intenzivn\u00ed \u010derven\u00e1 v kombinaci s \u010dernou vytv\u00e1\u0159\u00ed dojem luxusu a v\u00fdrazn\u00e9ho akcentu na st\u011bn\u011b. Je to obraz na st\u011bnu ide\u00e1ln\u00ed pro modern\u00ed interi\u00e9ry, kter\u00fd podtrhne osobit\u00fd styl prostoru a dod\u00e1 mu jedine\u010dnou energii.<\/p>\n","protected":false},"excerpt":{"rendered":"<p>Modern\u00ed obraz na pl\u00e1tn\u011b s \u010derven\u00fdmi rty na \u010dern\u00e9m pozad\u00ed. Smysln\u00e1 a p\u016fsobiv\u00e1 dekorace do ob\u00fdvac\u00edho pokoje, lo\u017enice, kancel\u00e1\u0159e a glamour interi\u00e9r\u016f.<\/p>\n","protected":false},"featured_media":374945,"comment_status":"closed","ping_status":"closed","template":"","meta":[],"product_brand":[],"product_cat":[99,74,86,207,303,68,102,105,83,89],"product_tag":[698,271,704,186],"class_list":{"0":"post-419584","1":"product","2":"type-product","3":"status-publish","4":"has-post-thumbnail","6":"product_cat-glamour-cs","7":"product_cat-hotel-cs","8":"product_cat-kancelar","9":"product_cat-konceptualni-umeni","10":"product_cat-lide","11":"product_cat-loznice","12":"product_cat-minimalisticky","13":"product_cat-moderni","14":"product_cat-obyvaci-pokoj","15":"product_cat-restaurace","16":"product_tag-moderni-obrazy","17":"product_tag-tmave","18":"product_tag-vertikalni","19":"product_tag-vicebarevny","20":"pa_size-finishing-20x30-standard-cs","21":"pa_size-finishing-20x30-na-ptnie-woskim-cs","22":"pa_size-finishing-20x30-premium-print-cs","23":"pa_size-finishing-20x30-akustyczny-cs","24":"pa_size-finishing-40x60-standard-cs","25":"pa_size-finishing-40x60-na-ptnie-woskim-cs","26":"pa_size-finishing-40x60-premium-print-cs","27":"pa_size-finishing-40x60-akustyczny-cs","28":"pa_size-finishing-40x60-w-ramie-drewnianej-naturalnej-cs","29":"pa_size-finishing-40x60-w-ramie-drewnianej-czarnej-cs","30":"pa_size-finishing-60x90-standard-cs","31":"pa_size-finishing-60x90-na-ptnie-woskim-cs","32":"pa_size-finishing-60x90-premium-print-cs","33":"pa_size-finishing-60x90-akustyczny-cs","34":"pa_size-finishing-60x90-w-ramie-drewnianej-naturalnej-cs","35":"pa_size-finishing-60x90-w-ramie-drewnianej-czarnej-cs","36":"pa_size-finishing-80x120-standard-cs","37":"pa_size-finishing-80x120-na-ptnie-woskim-cs","38":"pa_size-finishing-80x120-premium-print-cs","39":"pa_size-finishing-80x120-akustyczny-cs","40":"pa_size-finishing-80x120-w-ramie-drewnianej-naturalnej-cs","41":"pa_size-finishing-80x120-w-ramie-drewnianej-czarnej-cs","43":"first","44":"instock","45":"purchasable","46":"product-type-variable","47":"has-default-attributes"},"aioseo_notices":[],"_links":{"self":[{"href":"https:\/\/interiorposter.com\/cs\/wp-json\/wp\/v2\/product\/419584","targetHints":{"allow":["GET"]}}],"collection":[{"href":"https:\/\/interiorposter.com\/cs\/wp-json\/wp\/v2\/product"}],"about":[{"href":"https:\/\/interiorposter.com\/cs\/wp-json\/wp\/v2\/types\/product"}],"replies":[{"embeddable":true,"href":"https:\/\/interiorposter.com\/cs\/wp-json\/wp\/v2\/comments?post=419584"}],"wp:featuredmedia":[{"embeddable":true,"href":"https:\/\/interiorposter.com\/cs\/wp-json\/wp\/v2\/media\/374945"}],"wp:attachment":[{"href":"https:\/\/interiorposter.com\/cs\/wp-json\/wp\/v2\/media?parent=419584"}],"wp:term":[{"taxonomy":"product_brand","embeddable":true,"href":"https:\/\/interiorposter.com\/cs\/wp-json\/wp\/v2\/product_brand?post=419584"},{"taxonomy":"product_cat","embeddable":true,"href":"https:\/\/interiorposter.com\/cs\/wp-json\/wp\/v2\/product_cat?post=419584"},{"taxonomy":"product_tag","embeddable":true,"href":"https:\/\/interiorposter.com\/cs\/wp-json\/wp\/v2\/product_tag?post=419584"}],"curies":[{"name":"wp","href":"https:\/\/api.w.org\/{rel}","templated":true}]}}