{"id":419240,"date":"2026-04-03T09:16:57","date_gmt":"2026-04-03T07:16:57","guid":{"rendered":"https:\/\/interiorposter.com\/product\/obraz-na-plotnie-orchidea-w-kremowej-harmonii\/"},"modified":"2026-04-04T01:25:37","modified_gmt":"2026-04-03T23:25:37","slug":"obraz-na-plotnie-orchidea-w-kremowej-harmonii","status":"publish","type":"product","link":"https:\/\/interiorposter.com\/cs\/product\/obraz-na-plotnie-orchidea-w-kremowej-harmonii\/","title":{"rendered":"Obraz na pl\u00e1tn\u011b Orchidej v kr\u00e9mov\u00e9 harmonii"},"content":{"rendered":"<p>Smysln\u00fd obraz na pl\u00e1tn\u011b s orchidej\u00ed ve velk\u00e9m detailu okouzl\u00ed jemnou formou a elegantn\u00edm detailem. K\u0159ehk\u00e9 okv\u011btn\u00ed l\u00edstky v odst\u00ednech b\u00edl\u00e9, kr\u00e9mov\u00e9 a tepl\u00e9 b\u00e9\u017eov\u00e9 vytv\u00e1\u0159ej\u00ed lehkou a harmonickou kompozici, kter\u00e1 do interi\u00e9ru vnese klid, sv\u011b\u017eest a vyt\u0159\u00edben\u00fd styl. Je to kr\u00e1sn\u00fd obraz do ob\u00fdvac\u00edho pokoje, lo\u017enice, hotelu, kancel\u00e1\u0159e nebo p\u0159eds\u00edn\u011b, ide\u00e1ln\u00ed pro modern\u00ed, minimalistick\u00e9, skandin\u00e1vsk\u00e9 a glamour interi\u00e9ry. Kv\u011btinov\u00fd motiv s dekorativn\u00edm st\u0159edem p\u0159itahuje pozornost a sv\u011btl\u00e1 pastelov\u00e1 barevnost jemn\u011b prosv\u011btluje prostor a dod\u00e1v\u00e1 st\u011bn\u011b elegantn\u00ed charakter.<\/p>\n","protected":false},"excerpt":{"rendered":"<p>Sv\u011btl\u00fd obraz na pl\u00e1tn\u011b s orchidej\u00ed v kr\u00e9mov\u00fdch a b\u00edl\u00fdch t\u00f3nech. Jemn\u00e1 a elegantn\u00ed dekorace do ob\u00fdvac\u00edho pokoje, lo\u017enice, kancel\u00e1\u0159e a stylov\u00fdch sv\u011btl\u00fdch interi\u00e9r\u016f.<\/p>\n","protected":false},"featured_media":408780,"comment_status":"closed","ping_status":"closed","template":"","meta":[],"product_brand":[],"product_cat":[108,99,74,86,68,138,102,105,83,71,123],"product_tag":[698,277,274,704],"class_list":{"0":"post-419240","1":"product","2":"type-product","3":"status-publish","4":"has-post-thumbnail","6":"product_cat-fotografie","7":"product_cat-glamour-cs","8":"product_cat-hotel-cs","9":"product_cat-kancelar","10":"product_cat-loznice","11":"product_cat-makro","12":"product_cat-minimalisticky","13":"product_cat-moderni","14":"product_cat-obyvaci-pokoj","15":"product_cat-predsin","16":"product_cat-rostliny-a-kvetiny","17":"product_tag-moderni-obrazy","18":"product_tag-pastelove","19":"product_tag-svetle","20":"product_tag-vertikalni","21":"pa_size-finishing-20x30-standard-cs","22":"pa_size-finishing-20x30-na-ptnie-woskim-cs","23":"pa_size-finishing-20x30-premium-print-cs","24":"pa_size-finishing-20x30-akustyczny-cs","25":"pa_size-finishing-40x60-standard-cs","26":"pa_size-finishing-40x60-na-ptnie-woskim-cs","27":"pa_size-finishing-40x60-premium-print-cs","28":"pa_size-finishing-40x60-akustyczny-cs","29":"pa_size-finishing-40x60-w-ramie-drewnianej-naturalnej-cs","30":"pa_size-finishing-40x60-w-ramie-drewnianej-czarnej-cs","31":"pa_size-finishing-60x90-standard-cs","32":"pa_size-finishing-60x90-na-ptnie-woskim-cs","33":"pa_size-finishing-60x90-premium-print-cs","34":"pa_size-finishing-60x90-akustyczny-cs","35":"pa_size-finishing-60x90-w-ramie-drewnianej-naturalnej-cs","36":"pa_size-finishing-60x90-w-ramie-drewnianej-czarnej-cs","37":"pa_size-finishing-80x120-standard-cs","38":"pa_size-finishing-80x120-na-ptnie-woskim-cs","39":"pa_size-finishing-80x120-premium-print-cs","40":"pa_size-finishing-80x120-akustyczny-cs","41":"pa_size-finishing-80x120-w-ramie-drewnianej-naturalnej-cs","42":"pa_size-finishing-80x120-w-ramie-drewnianej-czarnej-cs","44":"first","45":"instock","46":"purchasable","47":"product-type-variable","48":"has-default-attributes"},"aioseo_notices":[],"_links":{"self":[{"href":"https:\/\/interiorposter.com\/cs\/wp-json\/wp\/v2\/product\/419240","targetHints":{"allow":["GET"]}}],"collection":[{"href":"https:\/\/interiorposter.com\/cs\/wp-json\/wp\/v2\/product"}],"about":[{"href":"https:\/\/interiorposter.com\/cs\/wp-json\/wp\/v2\/types\/product"}],"replies":[{"embeddable":true,"href":"https:\/\/interiorposter.com\/cs\/wp-json\/wp\/v2\/comments?post=419240"}],"wp:featuredmedia":[{"embeddable":true,"href":"https:\/\/interiorposter.com\/cs\/wp-json\/wp\/v2\/media\/408780"}],"wp:attachment":[{"href":"https:\/\/interiorposter.com\/cs\/wp-json\/wp\/v2\/media?parent=419240"}],"wp:term":[{"taxonomy":"product_brand","embeddable":true,"href":"https:\/\/interiorposter.com\/cs\/wp-json\/wp\/v2\/product_brand?post=419240"},{"taxonomy":"product_cat","embeddable":true,"href":"https:\/\/interiorposter.com\/cs\/wp-json\/wp\/v2\/product_cat?post=419240"},{"taxonomy":"product_tag","embeddable":true,"href":"https:\/\/interiorposter.com\/cs\/wp-json\/wp\/v2\/product_tag?post=419240"}],"curies":[{"name":"wp","href":"https:\/\/api.w.org\/{rel}","templated":true}]}}