{"id":418712,"date":"2026-04-03T09:11:58","date_gmt":"2026-04-03T07:11:58","guid":{"rendered":"https:\/\/interiorposter.com\/product\/obraz-na-plotnie-magnolia-w-jasnej-elegancji\/"},"modified":"2026-04-04T01:14:47","modified_gmt":"2026-04-03T23:14:47","slug":"obraz-na-plotnie-magnolia-w-jasnej-elegancji","status":"publish","type":"product","link":"https:\/\/interiorposter.com\/cs\/product\/obraz-na-plotnie-magnolia-w-jasnej-elegancji\/","title":{"rendered":"Obraz na pl\u00e1tn\u011b Magnolie ve sv\u011btl\u00e9 eleganci"},"content":{"rendered":"<p>Elegantn\u00ed obraz na pl\u00e1tn\u011b s magnoli\u00ed ve velk\u00e9m detailu okouzl\u00ed jemnost\u00ed a nad\u010dasov\u00fdm p\u016fvabem kv\u011btinov\u00e9 kompozice. K\u0159ehk\u00e9 okv\u011btn\u00ed l\u00edstky ve sv\u011btl\u00fdch odst\u00ednech b\u00edl\u00e9, kr\u00e9mov\u00e9 a pudrov\u011b r\u016f\u017eov\u00e9 vytv\u00e1\u0159ej\u00ed harmonickou dekoraci, kter\u00e1 do interi\u00e9ru vnese lehkost, sv\u011b\u017eest a klidnou atmosf\u00e9ru. Je to v\u00fdjime\u010dn\u00fd obraz do ob\u00fdvac\u00edho pokoje, lo\u017enice, hotelu, p\u0159eds\u00edn\u011b nebo kancel\u00e1\u0159e, ide\u00e1ln\u00ed pro modern\u00ed, glamour, minimalistick\u00e9 a skandin\u00e1vsk\u00e9 interi\u00e9ry. Kv\u011btinov\u00fd motiv v elegantn\u00edm proveden\u00ed kr\u00e1sn\u011b podtrhne styl prostoru a dod\u00e1 st\u011bn\u011b vyt\u0159\u00edben\u00fd dekorativn\u00ed akcent.<\/p>\n","protected":false},"excerpt":{"rendered":"<p>Sv\u011btl\u00fd obraz na pl\u00e1tn\u011b s magnoli\u00ed v jemn\u00fdch odst\u00ednech b\u00edl\u00e9 a pudrov\u011b r\u016f\u017eov\u00e9. Stylov\u00e1 dekorace do ob\u00fdvac\u00edho pokoje, lo\u017enice, kancel\u00e1\u0159e a elegantn\u00edch modern\u00edch interi\u00e9r\u016f.<\/p>\n","protected":false},"featured_media":408561,"comment_status":"closed","ping_status":"closed","template":"","meta":[],"product_brand":[],"product_cat":[108,99,74,86,68,138,102,105,83,71,123,111],"product_tag":[698,277,274,704],"class_list":{"0":"post-418712","1":"product","2":"type-product","3":"status-publish","4":"has-post-thumbnail","6":"product_cat-fotografie","7":"product_cat-glamour-cs","8":"product_cat-hotel-cs","9":"product_cat-kancelar","10":"product_cat-loznice","11":"product_cat-makro","12":"product_cat-minimalisticky","13":"product_cat-moderni","14":"product_cat-obyvaci-pokoj","15":"product_cat-predsin","16":"product_cat-rostliny-a-kvetiny","17":"product_cat-skandinavsky","18":"product_tag-moderni-obrazy","19":"product_tag-pastelove","20":"product_tag-svetle","21":"product_tag-vertikalni","22":"pa_size-finishing-20x30-standard-cs","23":"pa_size-finishing-20x30-na-ptnie-woskim-cs","24":"pa_size-finishing-20x30-premium-print-cs","25":"pa_size-finishing-20x30-akustyczny-cs","26":"pa_size-finishing-40x60-standard-cs","27":"pa_size-finishing-40x60-na-ptnie-woskim-cs","28":"pa_size-finishing-40x60-premium-print-cs","29":"pa_size-finishing-40x60-akustyczny-cs","30":"pa_size-finishing-40x60-w-ramie-drewnianej-naturalnej-cs","31":"pa_size-finishing-40x60-w-ramie-drewnianej-czarnej-cs","32":"pa_size-finishing-60x90-standard-cs","33":"pa_size-finishing-60x90-na-ptnie-woskim-cs","34":"pa_size-finishing-60x90-premium-print-cs","35":"pa_size-finishing-60x90-akustyczny-cs","36":"pa_size-finishing-60x90-w-ramie-drewnianej-naturalnej-cs","37":"pa_size-finishing-60x90-w-ramie-drewnianej-czarnej-cs","38":"pa_size-finishing-80x120-standard-cs","39":"pa_size-finishing-80x120-na-ptnie-woskim-cs","40":"pa_size-finishing-80x120-premium-print-cs","41":"pa_size-finishing-80x120-akustyczny-cs","42":"pa_size-finishing-80x120-w-ramie-drewnianej-naturalnej-cs","43":"pa_size-finishing-80x120-w-ramie-drewnianej-czarnej-cs","45":"first","46":"instock","47":"purchasable","48":"product-type-variable","49":"has-default-attributes"},"aioseo_notices":[],"_links":{"self":[{"href":"https:\/\/interiorposter.com\/cs\/wp-json\/wp\/v2\/product\/418712","targetHints":{"allow":["GET"]}}],"collection":[{"href":"https:\/\/interiorposter.com\/cs\/wp-json\/wp\/v2\/product"}],"about":[{"href":"https:\/\/interiorposter.com\/cs\/wp-json\/wp\/v2\/types\/product"}],"replies":[{"embeddable":true,"href":"https:\/\/interiorposter.com\/cs\/wp-json\/wp\/v2\/comments?post=418712"}],"wp:featuredmedia":[{"embeddable":true,"href":"https:\/\/interiorposter.com\/cs\/wp-json\/wp\/v2\/media\/408561"}],"wp:attachment":[{"href":"https:\/\/interiorposter.com\/cs\/wp-json\/wp\/v2\/media?parent=418712"}],"wp:term":[{"taxonomy":"product_brand","embeddable":true,"href":"https:\/\/interiorposter.com\/cs\/wp-json\/wp\/v2\/product_brand?post=418712"},{"taxonomy":"product_cat","embeddable":true,"href":"https:\/\/interiorposter.com\/cs\/wp-json\/wp\/v2\/product_cat?post=418712"},{"taxonomy":"product_tag","embeddable":true,"href":"https:\/\/interiorposter.com\/cs\/wp-json\/wp\/v2\/product_tag?post=418712"}],"curies":[{"name":"wp","href":"https:\/\/api.w.org\/{rel}","templated":true}]}}