{"id":418236,"date":"2026-04-03T10:21:43","date_gmt":"2026-04-03T08:21:43","guid":{"rendered":"https:\/\/interiorposter.com\/product\/obraz-na-plotnie-makro-dmuchawca-w-blekitnych-tonach\/"},"modified":"2026-04-04T01:05:54","modified_gmt":"2026-04-03T23:05:54","slug":"obraz-na-plotnie-makro-dmuchawca-w-blekitnych-tonach","status":"publish","type":"product","link":"https:\/\/interiorposter.com\/cs\/product\/obraz-na-plotnie-makro-dmuchawca-w-blekitnych-tonach\/","title":{"rendered":"Obraz na pl\u00e1tn\u011b Makro pampeli\u0161ky v modr\u00fdch t\u00f3nech"},"content":{"rendered":"<p>Jemn\u00fd obraz na pl\u00e1tn\u011b s makro z\u00e1b\u011brem pampeli\u0161ky okouzl\u00ed lehkost\u00ed, jemnost\u00ed a elegantn\u00edm detailem inspirovan\u00fdm p\u0159\u00edrodou. Vzdu\u0161n\u00e1 sem\u00ednka zachycen\u00e1 ve velk\u00e9m detailu vytv\u00e1\u0159ej\u00ed jedine\u010dnou kompozici, kter\u00e1 do interi\u00e9ru vnese klid, sv\u011b\u017eest a harmonickou atmosf\u00e9ru. Chladn\u011bj\u0161\u00ed barevnost zalo\u017een\u00e1 na odst\u00ednech modr\u00e9, b\u00edl\u00e9 a jemn\u00e9 b\u00e9\u017eov\u00e9 d\u011bl\u00e1 z tohoto obrazu skv\u011blou volbu do ob\u00fdvac\u00edho pokoje, lo\u017enice, kancel\u00e1\u0159e, hotelu nebo p\u0159eds\u00edn\u011b. Je to stylov\u00e1 n\u00e1st\u011bnn\u00e1 dekorace pro modern\u00ed, minimalistick\u00e9 a skandin\u00e1vsk\u00e9 interi\u00e9ry, kter\u00e1 prostoru dod\u00e1v\u00e1 lehkost a nad\u010dasovou eleganci.<\/p>\n","protected":false},"excerpt":{"rendered":"<p>Jemn\u00fd obraz na pl\u00e1tn\u011b s makro z\u00e1b\u011brem pampeli\u0161ky v modr\u00e9 barevnosti. Elegantn\u00ed dekorace do ob\u00fdvac\u00edho pokoje, lo\u017enice, kancel\u00e1\u0159e a sv\u011btl\u00fdch modern\u00edch interi\u00e9r\u016f.<\/p>\n","protected":false},"featured_media":410078,"comment_status":"closed","ping_status":"closed","template":"","meta":[],"product_brand":[],"product_cat":[108,74,86,68,138,102,105,83,71,123,111],"product_tag":[698,277,704,186],"class_list":{"0":"post-418236","1":"product","2":"type-product","3":"status-publish","4":"has-post-thumbnail","6":"product_cat-fotografie","7":"product_cat-hotel-cs","8":"product_cat-kancelar","9":"product_cat-loznice","10":"product_cat-makro","11":"product_cat-minimalisticky","12":"product_cat-moderni","13":"product_cat-obyvaci-pokoj","14":"product_cat-predsin","15":"product_cat-rostliny-a-kvetiny","16":"product_cat-skandinavsky","17":"product_tag-moderni-obrazy","18":"product_tag-pastelove","19":"product_tag-vertikalni","20":"product_tag-vicebarevny","21":"pa_size-finishing-20x30-standard-cs","22":"pa_size-finishing-20x30-na-ptnie-woskim-cs","23":"pa_size-finishing-20x30-premium-print-cs","24":"pa_size-finishing-20x30-akustyczny-cs","25":"pa_size-finishing-40x60-standard-cs","26":"pa_size-finishing-40x60-na-ptnie-woskim-cs","27":"pa_size-finishing-40x60-premium-print-cs","28":"pa_size-finishing-40x60-akustyczny-cs","29":"pa_size-finishing-40x60-w-ramie-drewnianej-naturalnej-cs","30":"pa_size-finishing-40x60-w-ramie-drewnianej-czarnej-cs","31":"pa_size-finishing-60x90-standard-cs","32":"pa_size-finishing-60x90-na-ptnie-woskim-cs","33":"pa_size-finishing-60x90-premium-print-cs","34":"pa_size-finishing-60x90-akustyczny-cs","35":"pa_size-finishing-60x90-w-ramie-drewnianej-naturalnej-cs","36":"pa_size-finishing-60x90-w-ramie-drewnianej-czarnej-cs","37":"pa_size-finishing-80x120-standard-cs","38":"pa_size-finishing-80x120-na-ptnie-woskim-cs","39":"pa_size-finishing-80x120-premium-print-cs","40":"pa_size-finishing-80x120-akustyczny-cs","41":"pa_size-finishing-80x120-w-ramie-drewnianej-naturalnej-cs","42":"pa_size-finishing-80x120-w-ramie-drewnianej-czarnej-cs","44":"first","45":"instock","46":"purchasable","47":"product-type-variable","48":"has-default-attributes"},"aioseo_notices":[],"_links":{"self":[{"href":"https:\/\/interiorposter.com\/cs\/wp-json\/wp\/v2\/product\/418236","targetHints":{"allow":["GET"]}}],"collection":[{"href":"https:\/\/interiorposter.com\/cs\/wp-json\/wp\/v2\/product"}],"about":[{"href":"https:\/\/interiorposter.com\/cs\/wp-json\/wp\/v2\/types\/product"}],"replies":[{"embeddable":true,"href":"https:\/\/interiorposter.com\/cs\/wp-json\/wp\/v2\/comments?post=418236"}],"wp:featuredmedia":[{"embeddable":true,"href":"https:\/\/interiorposter.com\/cs\/wp-json\/wp\/v2\/media\/410078"}],"wp:attachment":[{"href":"https:\/\/interiorposter.com\/cs\/wp-json\/wp\/v2\/media?parent=418236"}],"wp:term":[{"taxonomy":"product_brand","embeddable":true,"href":"https:\/\/interiorposter.com\/cs\/wp-json\/wp\/v2\/product_brand?post=418236"},{"taxonomy":"product_cat","embeddable":true,"href":"https:\/\/interiorposter.com\/cs\/wp-json\/wp\/v2\/product_cat?post=418236"},{"taxonomy":"product_tag","embeddable":true,"href":"https:\/\/interiorposter.com\/cs\/wp-json\/wp\/v2\/product_tag?post=418236"}],"curies":[{"name":"wp","href":"https:\/\/api.w.org\/{rel}","templated":true}]}}