{"id":417944,"date":"2026-04-03T08:47:41","date_gmt":"2026-04-03T06:47:41","guid":{"rendered":"https:\/\/interiorposter.com\/product\/obraz-na-plotnie-szyszka-w-zimowej-aurze\/"},"modified":"2026-04-04T00:57:35","modified_gmt":"2026-04-03T22:57:35","slug":"obraz-na-plotnie-szyszka-w-zimowej-aurze","status":"publish","type":"product","link":"https:\/\/interiorposter.com\/cs\/product\/obraz-na-plotnie-szyszka-w-zimowej-aurze\/","title":{"rendered":"Obraz na pl\u00e1tn\u011b \u0160i\u0161ka v zimn\u00ed atmosf\u00e9\u0159e"},"content":{"rendered":"<p>Atmosf\u00e9rick\u00fd obraz na pl\u00e1tn\u011b s motivem \u0161i\u0161ky zahalen\u00e9 do sn\u011bhu vnese do interi\u00e9ru teplo, klid a v\u00fdjime\u010dnou n\u00e1ladu inspirovanou p\u0159\u00edrodou. Z\u00e1b\u011br pln\u00fd jemn\u00fdch detail\u016f a m\u011bkk\u00e9 sv\u011btlo vytv\u00e1\u0159ej\u00ed dojem \u00fatuln\u00e9 a elegantn\u00ed dekorace, kter\u00e1 se skv\u011ble hod\u00ed do ob\u00fdvac\u00edho pokoje, lo\u017enice, p\u0159eds\u00edn\u011b, hotelu nebo kancel\u00e1\u0159e. Tmav\u0161\u00ed pozad\u00ed v kombinaci s b\u011blost\u00ed sn\u011bhu a tepl\u00fdmi hn\u011bd\u00fdmi t\u00f3ny dod\u00e1v\u00e1 kompozici hloubku a jemn\u00fd kontrast. Je to obraz na st\u011bnu ide\u00e1ln\u00ed do modern\u00edch, skandin\u00e1vsk\u00fdch a p\u0159\u00edrodn\u011b lad\u011bn\u00fdch interi\u00e9r\u016f, kde kr\u00e1sn\u011b podtrhne klidn\u00fd charakter prostoru a dod\u00e1 mu stylov\u00fd akcent.<\/p>\n","protected":false},"excerpt":{"rendered":"<p>N\u00e1ladov\u00fd obraz na pl\u00e1tn\u011b se zimn\u00ed \u0161i\u0161kou a jemn\u00fdm sn\u011bhem. Stylov\u00e1 dekorace do ob\u00fdvac\u00edho pokoje, lo\u017enice, kancel\u00e1\u0159e a interi\u00e9r\u016f inspirovan\u00fdch p\u0159\u00edrodou.<\/p>\n","protected":false},"featured_media":407482,"comment_status":"closed","ping_status":"closed","template":"","meta":[],"product_brand":[],"product_cat":[108,74,86,68,138,102,105,83,71,123,111],"product_tag":[698,271,704,186],"class_list":{"0":"post-417944","1":"product","2":"type-product","3":"status-publish","4":"has-post-thumbnail","6":"product_cat-fotografie","7":"product_cat-hotel-cs","8":"product_cat-kancelar","9":"product_cat-loznice","10":"product_cat-makro","11":"product_cat-minimalisticky","12":"product_cat-moderni","13":"product_cat-obyvaci-pokoj","14":"product_cat-predsin","15":"product_cat-rostliny-a-kvetiny","16":"product_cat-skandinavsky","17":"product_tag-moderni-obrazy","18":"product_tag-tmave","19":"product_tag-vertikalni","20":"product_tag-vicebarevny","21":"pa_size-finishing-20x30-standard-cs","22":"pa_size-finishing-20x30-na-ptnie-woskim-cs","23":"pa_size-finishing-20x30-premium-print-cs","24":"pa_size-finishing-20x30-akustyczny-cs","25":"pa_size-finishing-40x60-standard-cs","26":"pa_size-finishing-40x60-na-ptnie-woskim-cs","27":"pa_size-finishing-40x60-premium-print-cs","28":"pa_size-finishing-40x60-akustyczny-cs","29":"pa_size-finishing-40x60-w-ramie-drewnianej-naturalnej-cs","30":"pa_size-finishing-40x60-w-ramie-drewnianej-czarnej-cs","31":"pa_size-finishing-60x90-standard-cs","32":"pa_size-finishing-60x90-na-ptnie-woskim-cs","33":"pa_size-finishing-60x90-premium-print-cs","34":"pa_size-finishing-60x90-akustyczny-cs","35":"pa_size-finishing-60x90-w-ramie-drewnianej-naturalnej-cs","36":"pa_size-finishing-60x90-w-ramie-drewnianej-czarnej-cs","37":"pa_size-finishing-80x120-standard-cs","38":"pa_size-finishing-80x120-na-ptnie-woskim-cs","39":"pa_size-finishing-80x120-premium-print-cs","40":"pa_size-finishing-80x120-akustyczny-cs","41":"pa_size-finishing-80x120-w-ramie-drewnianej-naturalnej-cs","42":"pa_size-finishing-80x120-w-ramie-drewnianej-czarnej-cs","44":"first","45":"instock","46":"purchasable","47":"product-type-variable","48":"has-default-attributes"},"aioseo_notices":[],"_links":{"self":[{"href":"https:\/\/interiorposter.com\/cs\/wp-json\/wp\/v2\/product\/417944","targetHints":{"allow":["GET"]}}],"collection":[{"href":"https:\/\/interiorposter.com\/cs\/wp-json\/wp\/v2\/product"}],"about":[{"href":"https:\/\/interiorposter.com\/cs\/wp-json\/wp\/v2\/types\/product"}],"replies":[{"embeddable":true,"href":"https:\/\/interiorposter.com\/cs\/wp-json\/wp\/v2\/comments?post=417944"}],"wp:featuredmedia":[{"embeddable":true,"href":"https:\/\/interiorposter.com\/cs\/wp-json\/wp\/v2\/media\/407482"}],"wp:attachment":[{"href":"https:\/\/interiorposter.com\/cs\/wp-json\/wp\/v2\/media?parent=417944"}],"wp:term":[{"taxonomy":"product_brand","embeddable":true,"href":"https:\/\/interiorposter.com\/cs\/wp-json\/wp\/v2\/product_brand?post=417944"},{"taxonomy":"product_cat","embeddable":true,"href":"https:\/\/interiorposter.com\/cs\/wp-json\/wp\/v2\/product_cat?post=417944"},{"taxonomy":"product_tag","embeddable":true,"href":"https:\/\/interiorposter.com\/cs\/wp-json\/wp\/v2\/product_tag?post=417944"}],"curies":[{"name":"wp","href":"https:\/\/api.w.org\/{rel}","templated":true}]}}