{"id":417854,"date":"2026-04-03T08:42:40","date_gmt":"2026-04-03T06:42:40","guid":{"rendered":"https:\/\/interiorposter.com\/product\/obraz-na-plotnie-biale-dynie-w-subtelnej-kompozycji\/"},"modified":"2026-04-04T00:47:08","modified_gmt":"2026-04-03T22:47:08","slug":"obraz-na-plotnie-biale-dynie-w-subtelnej-kompozycji","status":"publish","type":"product","link":"https:\/\/interiorposter.com\/cs\/product\/obraz-na-plotnie-biale-dynie-w-subtelnej-kompozycji\/","title":{"rendered":"Obraz na pl\u00e1tn\u011b B\u00edl\u00e9 d\u00fdn\u011b v jemn\u00e9 kompozici"},"content":{"rendered":"<p>Stylov\u00fd obraz na pl\u00e1tn\u011b s motivem b\u00edl\u00fdch d\u00fdn\u00ed zaujme svou jednoduchost\u00ed, lehkost\u00ed a modern\u00edm p\u0159\u00edrodn\u00edm charakterem. Sv\u011btl\u00e1 kompozice zalo\u017een\u00e1 na odst\u00ednech b\u00edl\u00e9, kr\u00e9mov\u00e9 a jemn\u00e9 b\u00e9\u017eov\u00e9 vnese do interi\u00e9ru klid a elegantn\u00ed harmonii. Je to skv\u011bl\u00fd obraz do ob\u00fdvac\u00edho pokoje, kuchyn\u011b, j\u00eddelny, restaurace, hotelu nebo p\u0159eds\u00edn\u011b, tedy v\u0161ude tam, kde z\u00e1le\u017e\u00ed na \u00fatuln\u00e9 atmosf\u00e9\u0159e a estetick\u00e9m vzhledu st\u011bny. Rostlinn\u00fd motiv v modern\u00edm minimalistick\u00e9m pojet\u00ed kr\u00e1sn\u011b lad\u00ed se skandin\u00e1vsk\u00fdmi, p\u0159\u00edrodn\u00edmi a modern\u00edmi interi\u00e9ry. Tato dekorace na st\u011bnu p\u0159\u00edjemn\u011b z\u00fatuln\u00ed prostor a dod\u00e1 mu osobit\u00fd stylov\u00fd akcent.<\/p>\n","protected":false},"excerpt":{"rendered":"<p>Sv\u011btl\u00fd obraz na pl\u00e1tn\u011b s b\u00edl\u00fdmi d\u00fdn\u011bmi je jemnou dekorac\u00ed do ob\u00fdvac\u00edho pokoje, kuchyn\u011b a restaurace. P\u0159\u00edrodn\u00ed barevnost kr\u00e1sn\u011b podtrhuje klidn\u00fd charakter interi\u00e9ru.<\/p>\n","protected":false},"featured_media":407263,"comment_status":"closed","ping_status":"closed","template":"","meta":[],"product_brand":[],"product_cat":[108,74,126,80,138,102,105,83,71,89,123,111],"product_tag":[698,277,274,704],"class_list":{"0":"post-417854","1":"product","2":"type-product","3":"status-publish","4":"has-post-thumbnail","6":"product_cat-fotografie","7":"product_cat-hotel-cs","8":"product_cat-jidlo","9":"product_cat-kuchyne","10":"product_cat-makro","11":"product_cat-minimalisticky","12":"product_cat-moderni","13":"product_cat-obyvaci-pokoj","14":"product_cat-predsin","15":"product_cat-restaurace","16":"product_cat-rostliny-a-kvetiny","17":"product_cat-skandinavsky","18":"product_tag-moderni-obrazy","19":"product_tag-pastelove","20":"product_tag-svetle","21":"product_tag-vertikalni","22":"pa_size-finishing-20x30-standard-cs","23":"pa_size-finishing-20x30-na-ptnie-woskim-cs","24":"pa_size-finishing-20x30-premium-print-cs","25":"pa_size-finishing-20x30-akustyczny-cs","26":"pa_size-finishing-40x60-standard-cs","27":"pa_size-finishing-40x60-na-ptnie-woskim-cs","28":"pa_size-finishing-40x60-premium-print-cs","29":"pa_size-finishing-40x60-akustyczny-cs","30":"pa_size-finishing-40x60-w-ramie-drewnianej-naturalnej-cs","31":"pa_size-finishing-40x60-w-ramie-drewnianej-czarnej-cs","32":"pa_size-finishing-60x90-standard-cs","33":"pa_size-finishing-60x90-na-ptnie-woskim-cs","34":"pa_size-finishing-60x90-premium-print-cs","35":"pa_size-finishing-60x90-akustyczny-cs","36":"pa_size-finishing-60x90-w-ramie-drewnianej-naturalnej-cs","37":"pa_size-finishing-60x90-w-ramie-drewnianej-czarnej-cs","38":"pa_size-finishing-80x120-standard-cs","39":"pa_size-finishing-80x120-na-ptnie-woskim-cs","40":"pa_size-finishing-80x120-premium-print-cs","41":"pa_size-finishing-80x120-akustyczny-cs","42":"pa_size-finishing-80x120-w-ramie-drewnianej-naturalnej-cs","43":"pa_size-finishing-80x120-w-ramie-drewnianej-czarnej-cs","45":"first","46":"instock","47":"purchasable","48":"product-type-variable","49":"has-default-attributes"},"aioseo_notices":[],"_links":{"self":[{"href":"https:\/\/interiorposter.com\/cs\/wp-json\/wp\/v2\/product\/417854","targetHints":{"allow":["GET"]}}],"collection":[{"href":"https:\/\/interiorposter.com\/cs\/wp-json\/wp\/v2\/product"}],"about":[{"href":"https:\/\/interiorposter.com\/cs\/wp-json\/wp\/v2\/types\/product"}],"replies":[{"embeddable":true,"href":"https:\/\/interiorposter.com\/cs\/wp-json\/wp\/v2\/comments?post=417854"}],"wp:featuredmedia":[{"embeddable":true,"href":"https:\/\/interiorposter.com\/cs\/wp-json\/wp\/v2\/media\/407263"}],"wp:attachment":[{"href":"https:\/\/interiorposter.com\/cs\/wp-json\/wp\/v2\/media?parent=417854"}],"wp:term":[{"taxonomy":"product_brand","embeddable":true,"href":"https:\/\/interiorposter.com\/cs\/wp-json\/wp\/v2\/product_brand?post=417854"},{"taxonomy":"product_cat","embeddable":true,"href":"https:\/\/interiorposter.com\/cs\/wp-json\/wp\/v2\/product_cat?post=417854"},{"taxonomy":"product_tag","embeddable":true,"href":"https:\/\/interiorposter.com\/cs\/wp-json\/wp\/v2\/product_tag?post=417854"}],"curies":[{"name":"wp","href":"https:\/\/api.w.org\/{rel}","templated":true}]}}