{"id":417064,"date":"2026-04-03T08:32:53","date_gmt":"2026-04-03T06:32:53","guid":{"rendered":"https:\/\/interiorposter.com\/product\/obraz-na-plotnie-biale-frezje-w-minimalistycznej-odslonie\/"},"modified":"2026-04-04T00:33:53","modified_gmt":"2026-04-03T22:33:53","slug":"obraz-na-plotnie-biale-frezje-w-minimalistycznej-odslonie","status":"publish","type":"product","link":"https:\/\/interiorposter.com\/cs\/product\/obraz-na-plotnie-biale-frezje-w-minimalistycznej-odslonie\/","title":{"rendered":"Obraz na pl\u00e1tn\u011b B\u00edl\u00e9 fr\u00e9zie v minimalistick\u00e9m pojet\u00ed"},"content":{"rendered":"<p>Jemn\u00fd obraz na pl\u00e1tn\u011b s b\u00edl\u00fdmi fr\u00e9ziemi je elegantn\u00ed dekorace, kter\u00e1 do interi\u00e9ru vnese klid, sv\u011b\u017eest a nad\u010dasov\u00fd styl. K\u0159ehk\u00e9 kv\u011bty zachycen\u00e9 na sv\u011btl\u00e9m neutr\u00e1ln\u00edm pozad\u00ed kr\u00e1sn\u011b zd\u016fraz\u0148uj\u00ed lehkost cel\u00e9 kompozice, d\u00edky \u010demu\u017e se obraz skv\u011ble hod\u00ed jako dekorace do ob\u00fdvac\u00edho pokoje, lo\u017enice, p\u0159eds\u00edn\u011b, hotelu, kancel\u00e1\u0159e i restaurace. Sv\u011btl\u00e1, tlumen\u00e1 barevnost s p\u0159evahou b\u00edl\u00e9, kr\u00e9mov\u00e9 a p\u0159irozen\u00e9 zelen\u00e9 podporuje harmonick\u00e9 lad\u011bn\u00ed prostoru a v\u00fdborn\u011b se hod\u00ed do modern\u00edch, skandin\u00e1vsk\u00fdch a minimalistick\u00fdch interi\u00e9r\u016f. Je to obraz na st\u011bnu pro ty, kte\u0159\u00ed oce\u0148uj\u00ed estetiku, jemnost a kv\u011btinov\u00e9 motivy v elegantn\u00edm proveden\u00ed.<\/p>\n","protected":false},"excerpt":{"rendered":"<p>Sv\u011btl\u00fd obraz na pl\u00e1tn\u011b s b\u00edl\u00fdmi fr\u00e9ziemi na neutr\u00e1ln\u00edm pozad\u00ed. Stylov\u00e1 a jemn\u00e1 dekorace do ob\u00fdvac\u00edho pokoje, lo\u017enice, kancel\u00e1\u0159e a minimalistick\u00fdch interi\u00e9r\u016f.<\/p>\n","protected":false},"featured_media":406825,"comment_status":"closed","ping_status":"closed","template":"","meta":[],"product_brand":[],"product_cat":[108,74,86,68,138,102,105,83,71,89,123,111],"product_tag":[698,277,274,704],"class_list":{"0":"post-417064","1":"product","2":"type-product","3":"status-publish","4":"has-post-thumbnail","6":"product_cat-fotografie","7":"product_cat-hotel-cs","8":"product_cat-kancelar","9":"product_cat-loznice","10":"product_cat-makro","11":"product_cat-minimalisticky","12":"product_cat-moderni","13":"product_cat-obyvaci-pokoj","14":"product_cat-predsin","15":"product_cat-restaurace","16":"product_cat-rostliny-a-kvetiny","17":"product_cat-skandinavsky","18":"product_tag-moderni-obrazy","19":"product_tag-pastelove","20":"product_tag-svetle","21":"product_tag-vertikalni","22":"pa_size-finishing-20x30-standard-cs","23":"pa_size-finishing-20x30-na-ptnie-woskim-cs","24":"pa_size-finishing-20x30-premium-print-cs","25":"pa_size-finishing-20x30-akustyczny-cs","26":"pa_size-finishing-40x60-standard-cs","27":"pa_size-finishing-40x60-na-ptnie-woskim-cs","28":"pa_size-finishing-40x60-premium-print-cs","29":"pa_size-finishing-40x60-akustyczny-cs","30":"pa_size-finishing-40x60-w-ramie-drewnianej-naturalnej-cs","31":"pa_size-finishing-40x60-w-ramie-drewnianej-czarnej-cs","32":"pa_size-finishing-60x90-standard-cs","33":"pa_size-finishing-60x90-na-ptnie-woskim-cs","34":"pa_size-finishing-60x90-premium-print-cs","35":"pa_size-finishing-60x90-akustyczny-cs","36":"pa_size-finishing-60x90-w-ramie-drewnianej-naturalnej-cs","37":"pa_size-finishing-60x90-w-ramie-drewnianej-czarnej-cs","38":"pa_size-finishing-80x120-standard-cs","39":"pa_size-finishing-80x120-na-ptnie-woskim-cs","40":"pa_size-finishing-80x120-premium-print-cs","41":"pa_size-finishing-80x120-akustyczny-cs","42":"pa_size-finishing-80x120-w-ramie-drewnianej-naturalnej-cs","43":"pa_size-finishing-80x120-w-ramie-drewnianej-czarnej-cs","45":"first","46":"instock","47":"purchasable","48":"product-type-variable","49":"has-default-attributes"},"aioseo_notices":[],"_links":{"self":[{"href":"https:\/\/interiorposter.com\/cs\/wp-json\/wp\/v2\/product\/417064","targetHints":{"allow":["GET"]}}],"collection":[{"href":"https:\/\/interiorposter.com\/cs\/wp-json\/wp\/v2\/product"}],"about":[{"href":"https:\/\/interiorposter.com\/cs\/wp-json\/wp\/v2\/types\/product"}],"replies":[{"embeddable":true,"href":"https:\/\/interiorposter.com\/cs\/wp-json\/wp\/v2\/comments?post=417064"}],"wp:featuredmedia":[{"embeddable":true,"href":"https:\/\/interiorposter.com\/cs\/wp-json\/wp\/v2\/media\/406825"}],"wp:attachment":[{"href":"https:\/\/interiorposter.com\/cs\/wp-json\/wp\/v2\/media?parent=417064"}],"wp:term":[{"taxonomy":"product_brand","embeddable":true,"href":"https:\/\/interiorposter.com\/cs\/wp-json\/wp\/v2\/product_brand?post=417064"},{"taxonomy":"product_cat","embeddable":true,"href":"https:\/\/interiorposter.com\/cs\/wp-json\/wp\/v2\/product_cat?post=417064"},{"taxonomy":"product_tag","embeddable":true,"href":"https:\/\/interiorposter.com\/cs\/wp-json\/wp\/v2\/product_tag?post=417064"}],"curies":[{"name":"wp","href":"https:\/\/api.w.org\/{rel}","templated":true}]}}