{"id":306501,"date":"2026-03-22T02:35:48","date_gmt":"2026-03-22T01:35:48","guid":{"rendered":"https:\/\/interiorposter.com\/product\/obraz-na-plotnie-turkusowe-pioro-lekkosci\/"},"modified":"2026-03-29T00:55:14","modified_gmt":"2026-03-28T23:55:14","slug":"obraz-na-plotnie-turkusowe-pioro-lekkosci","status":"publish","type":"product","link":"https:\/\/interiorposter.com\/cs\/product\/obraz-na-plotnie-turkusowe-pioro-lekkosci\/","title":{"rendered":"Obraz na pl\u00e1tn\u011b Tyrkysov\u00e9 p\u00edrko lehkosti"},"content":{"rendered":"<p>Jemn\u00fd obraz na pl\u00e1tn\u011b s motivem delik\u00e1tn\u00edho p\u00edrka vnese do interi\u00e9ru lehkost, klid a elegantn\u00ed um\u011bleck\u00fd akcent. Vzdu\u0161n\u00e1 forma v kombinaci s rozost\u0159en\u00fdm pozad\u00edm a drobn\u00fdmi zlat\u00fdmi detaily vytv\u00e1\u0159\u00ed harmonickou kompozici, kter\u00e1 p\u0159itahuje pozornost a dod\u00e1v\u00e1 prostoru v\u00fdjime\u010dn\u00e9 kouzlo. Sv\u011btl\u00e9, pastelov\u00e9 barevn\u00e9 lad\u011bn\u00ed v odst\u00ednech tyrkysov\u00e9, modr\u00e9, zelen\u00e9, b\u00e9\u017eov\u00e9 a lomen\u00e9 b\u00edl\u00e9 se skv\u011ble hod\u00ed do ob\u00fdvac\u00edho pokoje, lo\u017enice, kancel\u00e1\u0159e, hotelu i p\u0159eds\u00edn\u011b. Je to ide\u00e1ln\u00ed volba pro ty, kte\u0159\u00ed oce\u0148uj\u00ed elegantn\u00ed obrazy na st\u011bnu, modern\u00ed obrazy do ob\u00fdvac\u00edho pokoje a dekorace s lehk\u00fdm a uklid\u0148uj\u00edc\u00edm charakterem.<\/p>\n","protected":false},"excerpt":{"rendered":"<p>Jemn\u00fd obraz na pl\u00e1tn\u011b s tyrkysov\u00fdm p\u00edrkem a zlat\u00fdmi akcenty. Subtiln\u00ed dekorace do ob\u00fdvac\u00edho pokoje, lo\u017enice, kancel\u00e1\u0159e a sv\u011btl\u00fdch elegantn\u00edch interi\u00e9r\u016f.<\/p>\n","protected":false},"featured_media":297162,"comment_status":"closed","ping_status":"closed","template":"","meta":[],"product_brand":[],"product_cat":[74,86,207,68,297,102,105,83,71,111,254],"product_tag":[702,698,274,186],"class_list":{"0":"post-306501","1":"product","2":"type-product","3":"status-publish","4":"has-post-thumbnail","6":"product_cat-hotel-cs","7":"product_cat-kancelar","8":"product_cat-konceptualni-umeni","9":"product_cat-loznice","10":"product_cat-malirsky","11":"product_cat-minimalisticky","12":"product_cat-moderni","13":"product_cat-obyvaci-pokoj","14":"product_cat-predsin","15":"product_cat-skandinavsky","16":"product_cat-zvirata-a-priroda","17":"product_tag-horizontalni","18":"product_tag-moderni-obrazy","19":"product_tag-svetle","20":"product_tag-vicebarevny","21":"pa_size-finishing-30x20-standard-cs","22":"pa_size-finishing-30x20-na-ptnie-woskim-cs","23":"pa_size-finishing-30x20-premium-print-cs","24":"pa_size-finishing-30x20-akustyczny-cs","25":"pa_size-finishing-60x40-standard-cs","26":"pa_size-finishing-60x40-na-ptnie-woskim-cs","27":"pa_size-finishing-60x40-premium-print-cs","28":"pa_size-finishing-60x40-akustyczny-cs","29":"pa_size-finishing-60x40-w-ramie-drewnianej-naturalnej-cs","30":"pa_size-finishing-60x40-w-ramie-drewnianej-czarnej-cs","31":"pa_size-finishing-90x60-standard-cs","32":"pa_size-finishing-90x60-na-ptnie-woskim-cs","33":"pa_size-finishing-90x60-premium-print-cs","34":"pa_size-finishing-90x60-akustyczny-cs","35":"pa_size-finishing-90x60-w-ramie-drewnianej-naturalnej-cs","36":"pa_size-finishing-90x60-w-ramie-drewnianej-czarnej-cs","37":"pa_size-finishing-120x80-standard-cs","38":"pa_size-finishing-120x80-na-ptnie-woskim-cs","39":"pa_size-finishing-120x80-premium-print-cs","40":"pa_size-finishing-120x80-akustyczny-cs","41":"pa_size-finishing-120x80-w-ramie-drewnianej-naturalnej-cs","42":"pa_size-finishing-120x80-w-ramie-drewnianej-czarnej-cs","44":"first","45":"instock","46":"purchasable","47":"product-type-variable","48":"has-default-attributes"},"aioseo_notices":[],"_links":{"self":[{"href":"https:\/\/interiorposter.com\/cs\/wp-json\/wp\/v2\/product\/306501","targetHints":{"allow":["GET"]}}],"collection":[{"href":"https:\/\/interiorposter.com\/cs\/wp-json\/wp\/v2\/product"}],"about":[{"href":"https:\/\/interiorposter.com\/cs\/wp-json\/wp\/v2\/types\/product"}],"replies":[{"embeddable":true,"href":"https:\/\/interiorposter.com\/cs\/wp-json\/wp\/v2\/comments?post=306501"}],"wp:featuredmedia":[{"embeddable":true,"href":"https:\/\/interiorposter.com\/cs\/wp-json\/wp\/v2\/media\/297162"}],"wp:attachment":[{"href":"https:\/\/interiorposter.com\/cs\/wp-json\/wp\/v2\/media?parent=306501"}],"wp:term":[{"taxonomy":"product_brand","embeddable":true,"href":"https:\/\/interiorposter.com\/cs\/wp-json\/wp\/v2\/product_brand?post=306501"},{"taxonomy":"product_cat","embeddable":true,"href":"https:\/\/interiorposter.com\/cs\/wp-json\/wp\/v2\/product_cat?post=306501"},{"taxonomy":"product_tag","embeddable":true,"href":"https:\/\/interiorposter.com\/cs\/wp-json\/wp\/v2\/product_tag?post=306501"}],"curies":[{"name":"wp","href":"https:\/\/api.w.org\/{rel}","templated":true}]}}