{"id":306212,"date":"2026-03-22T02:49:52","date_gmt":"2026-03-22T01:49:52","guid":{"rendered":"https:\/\/interiorposter.com\/product\/obraz-na-plotnie-schody-do-swiata-wyobrazni\/"},"modified":"2026-03-29T00:23:36","modified_gmt":"2026-03-28T23:23:36","slug":"obraz-na-plotnie-schody-do-swiata-wyobrazni","status":"publish","type":"product","link":"https:\/\/interiorposter.com\/cs\/product\/obraz-na-plotnie-schody-do-swiata-wyobrazni\/","title":{"rendered":"Obraz na pl\u00e1tn\u011b Schody do sv\u011bta fantazie"},"content":{"rendered":"<p>Tento poutav\u00fd obraz na pl\u00e1tn\u011b s motivem schod\u016f v um\u011bleck\u00e9m, poloabstraktn\u00edm pojet\u00ed dod\u00e1 interi\u00e9ru hloubku, charakter a modern\u00ed v\u00fdraz. Spojen\u00ed tmav\u00fdch schod\u016f se sv\u011btl\u00fdm pozad\u00edm a tepl\u00fdm akcentem tlumen\u00e9 oran\u017eov\u00e9 vytv\u00e1\u0159\u00ed elegantn\u00ed, kontrastn\u00ed barevn\u00e9 lad\u011bn\u00ed, kter\u00e9 upout\u00e1 pozornost a vytv\u00e1\u0159\u00ed jedine\u010dnou atmosf\u00e9ru. Tato dekorace na st\u011bnu se skv\u011ble hod\u00ed do ob\u00fdvac\u00edho pokoje, p\u0159eds\u00edn\u011b, kancel\u00e1\u0159e, hotelu nebo restaurace, kde podtrhne styl prostoru a dod\u00e1 mu originalitu. Je to skv\u011bl\u00e1 volba pro ty, kte\u0159\u00ed oce\u0148uj\u00ed modern\u00ed obrazy na st\u011bnu, um\u011bleck\u00e9 kompozice a neobvykl\u00e9 obrazy do ob\u00fdvac\u00edho pokoje.<\/p>\n","protected":false},"excerpt":{"rendered":"<p>Modern\u00ed obraz na pl\u00e1tn\u011b s motivem schod\u016f v elegantn\u00edm, kontrastn\u00edm barevn\u00e9m lad\u011bn\u00ed. Stylov\u00e1 dekorace na st\u011bnu do ob\u00fdvac\u00edho pokoje, kancel\u00e1\u0159e, hotelu a modern\u00edch interi\u00e9r\u016f.<\/p>\n","protected":false},"featured_media":297787,"comment_status":"closed","ping_status":"closed","template":"","meta":[],"product_brand":[],"product_cat":[95,74,132,86,207,297,120,105,83,71,89],"product_tag":[698,704,186],"class_list":{"0":"post-306212","1":"product","2":"type-product","3":"status-publish","4":"has-post-thumbnail","6":"product_cat-abstraktni","7":"product_cat-hotel-cs","8":"product_cat-industrialni","9":"product_cat-kancelar","10":"product_cat-konceptualni-umeni","11":"product_cat-malirsky","12":"product_cat-mesta-a-mosty","13":"product_cat-moderni","14":"product_cat-obyvaci-pokoj","15":"product_cat-predsin","16":"product_cat-restaurace","17":"product_tag-moderni-obrazy","18":"product_tag-vertikalni","19":"product_tag-vicebarevny","20":"pa_size-finishing-20x30-standard-cs","21":"pa_size-finishing-20x30-na-ptnie-woskim-cs","22":"pa_size-finishing-20x30-premium-print-cs","23":"pa_size-finishing-20x30-akustyczny-cs","24":"pa_size-finishing-40x60-standard-cs","25":"pa_size-finishing-40x60-na-ptnie-woskim-cs","26":"pa_size-finishing-40x60-premium-print-cs","27":"pa_size-finishing-40x60-akustyczny-cs","28":"pa_size-finishing-40x60-w-ramie-drewnianej-naturalnej-cs","29":"pa_size-finishing-40x60-w-ramie-drewnianej-czarnej-cs","30":"pa_size-finishing-60x90-standard-cs","31":"pa_size-finishing-60x90-na-ptnie-woskim-cs","32":"pa_size-finishing-60x90-premium-print-cs","33":"pa_size-finishing-60x90-akustyczny-cs","34":"pa_size-finishing-60x90-w-ramie-drewnianej-naturalnej-cs","35":"pa_size-finishing-60x90-w-ramie-drewnianej-czarnej-cs","36":"pa_size-finishing-80x120-standard-cs","37":"pa_size-finishing-80x120-na-ptnie-woskim-cs","38":"pa_size-finishing-80x120-premium-print-cs","39":"pa_size-finishing-80x120-akustyczny-cs","40":"pa_size-finishing-80x120-w-ramie-drewnianej-naturalnej-cs","41":"pa_size-finishing-80x120-w-ramie-drewnianej-czarnej-cs","43":"first","44":"instock","45":"purchasable","46":"product-type-variable","47":"has-default-attributes"},"aioseo_notices":[],"_links":{"self":[{"href":"https:\/\/interiorposter.com\/cs\/wp-json\/wp\/v2\/product\/306212","targetHints":{"allow":["GET"]}}],"collection":[{"href":"https:\/\/interiorposter.com\/cs\/wp-json\/wp\/v2\/product"}],"about":[{"href":"https:\/\/interiorposter.com\/cs\/wp-json\/wp\/v2\/types\/product"}],"replies":[{"embeddable":true,"href":"https:\/\/interiorposter.com\/cs\/wp-json\/wp\/v2\/comments?post=306212"}],"wp:featuredmedia":[{"embeddable":true,"href":"https:\/\/interiorposter.com\/cs\/wp-json\/wp\/v2\/media\/297787"}],"wp:attachment":[{"href":"https:\/\/interiorposter.com\/cs\/wp-json\/wp\/v2\/media?parent=306212"}],"wp:term":[{"taxonomy":"product_brand","embeddable":true,"href":"https:\/\/interiorposter.com\/cs\/wp-json\/wp\/v2\/product_brand?post=306212"},{"taxonomy":"product_cat","embeddable":true,"href":"https:\/\/interiorposter.com\/cs\/wp-json\/wp\/v2\/product_cat?post=306212"},{"taxonomy":"product_tag","embeddable":true,"href":"https:\/\/interiorposter.com\/cs\/wp-json\/wp\/v2\/product_tag?post=306212"}],"curies":[{"name":"wp","href":"https:\/\/api.w.org\/{rel}","templated":true}]}}