{"id":306130,"date":"2026-03-22T02:31:03","date_gmt":"2026-03-22T01:31:03","guid":{"rendered":"https:\/\/interiorposter.com\/product\/obraz-na-plotnie-serce-pelne-koloru\/"},"modified":"2026-03-29T00:18:04","modified_gmt":"2026-03-28T23:18:04","slug":"obraz-na-plotnie-serce-pelne-koloru","status":"publish","type":"product","link":"https:\/\/interiorposter.com\/cs\/product\/obraz-na-plotnie-serce-pelne-koloru\/","title":{"rendered":"Obraz na pl\u00e1tn\u011b Um\u011bleck\u00fd symbol l\u00e1sky"},"content":{"rendered":"<p>V\u00fdrazn\u00fd obraz na pl\u00e1tn\u011b s modern\u00edm motivem srdce upout\u00e1 pozornost energi\u00ed barev a um\u011bleckou formou. Spojen\u00ed intenzivn\u00ed r\u016f\u017eov\u00e9 a tepl\u00e9 oran\u017eov\u00e9 na surov\u00e9m \u0161ed\u00e9m pozad\u00ed vytv\u00e1\u0159\u00ed p\u016fsobiv\u00fd kontrast, kter\u00fd o\u017eiv\u00ed interi\u00e9r a dod\u00e1 mu m\u00f3dn\u00ed charakter. Tato dekorace na st\u011bnu se skv\u011ble hod\u00ed do ob\u00fdvac\u00edho pokoje, lo\u017enice, kancel\u00e1\u0159e, hotelu i restaurace, kde se stane v\u00fdrazn\u00fdm dekorativn\u00edm akcentem. Tmav\u00e9, kontrastn\u00ed barevn\u00e9 lad\u011bn\u00ed perfektn\u011b zapad\u00e1 do modern\u00edch interi\u00e9r\u016f a p\u0159in\u00e1\u0161\u00ed do prostoru emoce, sv\u011b\u017eest a origin\u00e1ln\u00ed styl.<\/p>\n","protected":false},"excerpt":{"rendered":"<p>Modern\u00ed obraz na pl\u00e1tn\u011b s barevn\u00fdm srdcem v odst\u00ednech r\u016f\u017eov\u00e9 a oran\u017eov\u00e9. P\u016fsobiv\u00e1 dekorace na st\u011bnu do ob\u00fdvac\u00edho pokoje, lo\u017enice, kancel\u00e1\u0159e a stylov\u00fdch interi\u00e9r\u016f.<\/p>\n","protected":false},"featured_media":296951,"comment_status":"closed","ping_status":"closed","template":"","meta":[],"product_brand":[],"product_cat":[95,74,289,86,207,303,68,105,83,89],"product_tag":[698,180,704,186],"class_list":{"0":"post-306130","1":"product","2":"type-product","3":"status-publish","4":"has-post-thumbnail","6":"product_cat-abstraktni","7":"product_cat-hotel-cs","8":"product_cat-ilustrace","9":"product_cat-kancelar","10":"product_cat-konceptualni-umeni","11":"product_cat-lide","12":"product_cat-loznice","13":"product_cat-moderni","14":"product_cat-obyvaci-pokoj","15":"product_cat-restaurace","16":"product_tag-moderni-obrazy","17":"product_tag-seda","18":"product_tag-vertikalni","19":"product_tag-vicebarevny","20":"pa_size-finishing-20x30-standard-cs","21":"pa_size-finishing-20x30-na-ptnie-woskim-cs","22":"pa_size-finishing-20x30-premium-print-cs","23":"pa_size-finishing-20x30-akustyczny-cs","24":"pa_size-finishing-40x60-standard-cs","25":"pa_size-finishing-40x60-na-ptnie-woskim-cs","26":"pa_size-finishing-40x60-premium-print-cs","27":"pa_size-finishing-40x60-akustyczny-cs","28":"pa_size-finishing-40x60-w-ramie-drewnianej-naturalnej-cs","29":"pa_size-finishing-40x60-w-ramie-drewnianej-czarnej-cs","30":"pa_size-finishing-60x90-standard-cs","31":"pa_size-finishing-60x90-na-ptnie-woskim-cs","32":"pa_size-finishing-60x90-premium-print-cs","33":"pa_size-finishing-60x90-akustyczny-cs","34":"pa_size-finishing-60x90-w-ramie-drewnianej-naturalnej-cs","35":"pa_size-finishing-60x90-w-ramie-drewnianej-czarnej-cs","36":"pa_size-finishing-80x120-standard-cs","37":"pa_size-finishing-80x120-na-ptnie-woskim-cs","38":"pa_size-finishing-80x120-premium-print-cs","39":"pa_size-finishing-80x120-akustyczny-cs","40":"pa_size-finishing-80x120-w-ramie-drewnianej-naturalnej-cs","41":"pa_size-finishing-80x120-w-ramie-drewnianej-czarnej-cs","43":"first","44":"instock","45":"purchasable","46":"product-type-variable","47":"has-default-attributes"},"aioseo_notices":[],"_links":{"self":[{"href":"https:\/\/interiorposter.com\/cs\/wp-json\/wp\/v2\/product\/306130","targetHints":{"allow":["GET"]}}],"collection":[{"href":"https:\/\/interiorposter.com\/cs\/wp-json\/wp\/v2\/product"}],"about":[{"href":"https:\/\/interiorposter.com\/cs\/wp-json\/wp\/v2\/types\/product"}],"replies":[{"embeddable":true,"href":"https:\/\/interiorposter.com\/cs\/wp-json\/wp\/v2\/comments?post=306130"}],"wp:featuredmedia":[{"embeddable":true,"href":"https:\/\/interiorposter.com\/cs\/wp-json\/wp\/v2\/media\/296951"}],"wp:attachment":[{"href":"https:\/\/interiorposter.com\/cs\/wp-json\/wp\/v2\/media?parent=306130"}],"wp:term":[{"taxonomy":"product_brand","embeddable":true,"href":"https:\/\/interiorposter.com\/cs\/wp-json\/wp\/v2\/product_brand?post=306130"},{"taxonomy":"product_cat","embeddable":true,"href":"https:\/\/interiorposter.com\/cs\/wp-json\/wp\/v2\/product_cat?post=306130"},{"taxonomy":"product_tag","embeddable":true,"href":"https:\/\/interiorposter.com\/cs\/wp-json\/wp\/v2\/product_tag?post=306130"}],"curies":[{"name":"wp","href":"https:\/\/api.w.org\/{rel}","templated":true}]}}