{"id":305908,"date":"2026-03-22T02:03:04","date_gmt":"2026-03-22T01:03:04","guid":{"rendered":"https:\/\/interiorposter.com\/product\/obraz-na-plotnie-pastelowy-krajobraz-ciszy\/"},"modified":"2026-03-28T23:56:42","modified_gmt":"2026-03-28T22:56:42","slug":"obraz-na-plotnie-pastelowy-krajobraz-ciszy","status":"publish","type":"product","link":"https:\/\/interiorposter.com\/cs\/product\/obraz-na-plotnie-pastelowy-krajobraz-ciszy\/","title":{"rendered":"Obraz na pl\u00e1tn\u011b Pastelov\u00e1 krajina ticha"},"content":{"rendered":"<p>Jemn\u00fd obraz na pl\u00e1tn\u011b inspirovan\u00fd klidem p\u0159\u00edrody vnese do interi\u00e9ru harmonii, lehkost a nen\u00e1padnou eleganci. Abstraktn\u00ed motiv horsk\u00fdch tvar\u016f a sv\u011btl\u00e9ho slunce vytv\u00e1\u0159\u00ed p\u0159\u00edjemnou, uklid\u0148uj\u00edc\u00ed atmosf\u00e9ru, kter\u00e1 podporuje odpo\u010dinek a navozuje \u00fatuln\u00fd pocit. Pastelov\u00e9, tlumen\u00e9 barevn\u00e9 lad\u011bn\u00ed v odst\u00ednech b\u00e9\u017eov\u00e9, kr\u00e9mov\u00e9 a sv\u011btle \u0161ed\u00e9 se skv\u011ble hod\u00ed do ob\u00fdvac\u00edho pokoje, lo\u017enice, p\u0159eds\u00edn\u011b, hotelu i kancel\u00e1\u0159e. Je to ide\u00e1ln\u00ed volba pro ty, kte\u0159\u00ed oce\u0148uj\u00ed modern\u00ed obrazy do ob\u00fdvac\u00edho pokoje, minimalistick\u00e9 dekorace a elegantn\u00ed obrazy na st\u011bnu s nad\u010dasov\u00fdm charakterem.<\/p>\n","protected":false},"excerpt":{"rendered":"<p>Jemn\u00fd obraz na pl\u00e1tn\u011b v pastelov\u00fdch b\u00e9\u017eov\u00fdch a \u0161ed\u00fdch t\u00f3nech s motivem abstraktn\u00ed krajiny. Ide\u00e1ln\u00ed do ob\u00fdvac\u00edho pokoje, lo\u017enice a interi\u00e9r\u016f v klidn\u00e9m stylu.<\/p>\n","protected":false},"featured_media":295677,"comment_status":"closed","ping_status":"closed","template":"","meta":[],"product_brand":[],"product_cat":[95,210,74,86,207,135,68,297,102,105,83,71,111],"product_tag":[698,277,180,274,704],"class_list":{"0":"post-305908","1":"product","2":"type-product","3":"status-publish","4":"has-post-thumbnail","6":"product_cat-abstraktni","7":"product_cat-geometricke","8":"product_cat-hotel-cs","9":"product_cat-kancelar","10":"product_cat-konceptualni-umeni","11":"product_cat-krajiny","12":"product_cat-loznice","13":"product_cat-malirsky","14":"product_cat-minimalisticky","15":"product_cat-moderni","16":"product_cat-obyvaci-pokoj","17":"product_cat-predsin","18":"product_cat-skandinavsky","19":"product_tag-moderni-obrazy","20":"product_tag-pastelove","21":"product_tag-seda","22":"product_tag-svetle","23":"product_tag-vertikalni","24":"pa_size-finishing-20x30-standard-cs","25":"pa_size-finishing-20x30-na-ptnie-woskim-cs","26":"pa_size-finishing-20x30-premium-print-cs","27":"pa_size-finishing-20x30-akustyczny-cs","28":"pa_size-finishing-40x60-standard-cs","29":"pa_size-finishing-40x60-na-ptnie-woskim-cs","30":"pa_size-finishing-40x60-premium-print-cs","31":"pa_size-finishing-40x60-akustyczny-cs","32":"pa_size-finishing-40x60-w-ramie-drewnianej-naturalnej-cs","33":"pa_size-finishing-40x60-w-ramie-drewnianej-czarnej-cs","34":"pa_size-finishing-60x90-standard-cs","35":"pa_size-finishing-60x90-na-ptnie-woskim-cs","36":"pa_size-finishing-60x90-premium-print-cs","37":"pa_size-finishing-60x90-akustyczny-cs","38":"pa_size-finishing-60x90-w-ramie-drewnianej-naturalnej-cs","39":"pa_size-finishing-60x90-w-ramie-drewnianej-czarnej-cs","40":"pa_size-finishing-80x120-standard-cs","41":"pa_size-finishing-80x120-na-ptnie-woskim-cs","42":"pa_size-finishing-80x120-premium-print-cs","43":"pa_size-finishing-80x120-akustyczny-cs","44":"pa_size-finishing-80x120-w-ramie-drewnianej-naturalnej-cs","45":"pa_size-finishing-80x120-w-ramie-drewnianej-czarnej-cs","47":"first","48":"instock","49":"purchasable","50":"product-type-variable","51":"has-default-attributes"},"aioseo_notices":[],"_links":{"self":[{"href":"https:\/\/interiorposter.com\/cs\/wp-json\/wp\/v2\/product\/305908","targetHints":{"allow":["GET"]}}],"collection":[{"href":"https:\/\/interiorposter.com\/cs\/wp-json\/wp\/v2\/product"}],"about":[{"href":"https:\/\/interiorposter.com\/cs\/wp-json\/wp\/v2\/types\/product"}],"replies":[{"embeddable":true,"href":"https:\/\/interiorposter.com\/cs\/wp-json\/wp\/v2\/comments?post=305908"}],"wp:featuredmedia":[{"embeddable":true,"href":"https:\/\/interiorposter.com\/cs\/wp-json\/wp\/v2\/media\/295677"}],"wp:attachment":[{"href":"https:\/\/interiorposter.com\/cs\/wp-json\/wp\/v2\/media?parent=305908"}],"wp:term":[{"taxonomy":"product_brand","embeddable":true,"href":"https:\/\/interiorposter.com\/cs\/wp-json\/wp\/v2\/product_brand?post=305908"},{"taxonomy":"product_cat","embeddable":true,"href":"https:\/\/interiorposter.com\/cs\/wp-json\/wp\/v2\/product_cat?post=305908"},{"taxonomy":"product_tag","embeddable":true,"href":"https:\/\/interiorposter.com\/cs\/wp-json\/wp\/v2\/product_tag?post=305908"}],"curies":[{"name":"wp","href":"https:\/\/api.w.org\/{rel}","templated":true}]}}