{"id":305827,"date":"2026-03-22T01:53:57","date_gmt":"2026-03-22T00:53:57","guid":{"rendered":"https:\/\/interiorposter.com\/product\/obraz-na-plotnie-abstrakcyjna-elegancja-wnetrza\/"},"modified":"2026-03-28T23:47:02","modified_gmt":"2026-03-28T22:47:02","slug":"obraz-na-plotnie-abstrakcyjna-elegancja-wnetrza","status":"publish","type":"product","link":"https:\/\/interiorposter.com\/cs\/product\/obraz-na-plotnie-abstrakcyjna-elegancja-wnetrza\/","title":{"rendered":"Obraz na pl\u00e1tn\u011b Abstraktn\u00ed elegance interi\u00e9ru"},"content":{"rendered":"<p>Stylov\u00fd obraz na pl\u00e1tn\u011b s \u00faspornou, a p\u0159esto v\u00fdraznou kompozic\u00ed se skv\u011ble hod\u00ed do modern\u00edch interi\u00e9r\u016f. Dynamick\u00e9 \u010dern\u00e9 tahy na sv\u011btl\u00e9m pozad\u00ed vytv\u00e1\u0159ej\u00ed efekt lehkosti, kontrastu a um\u011bleck\u00e9 harmonie, kter\u00e1 p\u0159itahuje pozornost, ale nep\u016fsob\u00ed ru\u0161iv\u011b. Tato dekorace na ze\u010f se v\u00fdborn\u011b uplatn\u00ed jako obraz do ob\u00fdvac\u00edho pokoje, lo\u017enice, kancel\u00e1\u0159e, hotelu nebo p\u0159eds\u00edn\u011b a dod\u00e1 prostoru eleganci i modern\u00ed charakter. Tmav\u00e9, kontrastn\u00ed barevn\u00e9 lad\u011bn\u00ed se dob\u0159e kombinuje s minimalistick\u00fdm, modern\u00edm i skandin\u00e1vsk\u00fdm stylem a vytv\u00e1\u0159\u00ed p\u016fsobiv\u00fd dekorativn\u00ed akcent na st\u011bn\u011b.<\/p>\n","protected":false},"excerpt":{"rendered":"<p>Minimalistick\u00fd obraz na pl\u00e1tn\u011b v \u010dernob\u00edl\u00e9m proveden\u00ed, kter\u00fd vnese do interi\u00e9ru eleganci, modern\u00ed styl a jemn\u00fd um\u011bleck\u00fd akcent.<\/p>\n","protected":false},"featured_media":295255,"comment_status":"closed","ping_status":"closed","template":"","meta":[],"product_brand":[],"product_cat":[95,210,74,86,207,68,102,105,83,71,111],"product_tag":[698,180,274,704],"class_list":{"0":"post-305827","1":"product","2":"type-product","3":"status-publish","4":"has-post-thumbnail","6":"product_cat-abstraktni","7":"product_cat-geometricke","8":"product_cat-hotel-cs","9":"product_cat-kancelar","10":"product_cat-konceptualni-umeni","11":"product_cat-loznice","12":"product_cat-minimalisticky","13":"product_cat-moderni","14":"product_cat-obyvaci-pokoj","15":"product_cat-predsin","16":"product_cat-skandinavsky","17":"product_tag-moderni-obrazy","18":"product_tag-seda","19":"product_tag-svetle","20":"product_tag-vertikalni","21":"pa_size-finishing-20x30-standard-cs","22":"pa_size-finishing-20x30-na-ptnie-woskim-cs","23":"pa_size-finishing-20x30-premium-print-cs","24":"pa_size-finishing-20x30-akustyczny-cs","25":"pa_size-finishing-40x60-standard-cs","26":"pa_size-finishing-40x60-na-ptnie-woskim-cs","27":"pa_size-finishing-40x60-premium-print-cs","28":"pa_size-finishing-40x60-akustyczny-cs","29":"pa_size-finishing-40x60-w-ramie-drewnianej-naturalnej-cs","30":"pa_size-finishing-40x60-w-ramie-drewnianej-czarnej-cs","31":"pa_size-finishing-60x90-standard-cs","32":"pa_size-finishing-60x90-na-ptnie-woskim-cs","33":"pa_size-finishing-60x90-premium-print-cs","34":"pa_size-finishing-60x90-akustyczny-cs","35":"pa_size-finishing-60x90-w-ramie-drewnianej-naturalnej-cs","36":"pa_size-finishing-60x90-w-ramie-drewnianej-czarnej-cs","37":"pa_size-finishing-80x120-standard-cs","38":"pa_size-finishing-80x120-na-ptnie-woskim-cs","39":"pa_size-finishing-80x120-premium-print-cs","40":"pa_size-finishing-80x120-akustyczny-cs","41":"pa_size-finishing-80x120-w-ramie-drewnianej-naturalnej-cs","42":"pa_size-finishing-80x120-w-ramie-drewnianej-czarnej-cs","44":"first","45":"instock","46":"purchasable","47":"product-type-variable","48":"has-default-attributes"},"aioseo_notices":[],"_links":{"self":[{"href":"https:\/\/interiorposter.com\/cs\/wp-json\/wp\/v2\/product\/305827","targetHints":{"allow":["GET"]}}],"collection":[{"href":"https:\/\/interiorposter.com\/cs\/wp-json\/wp\/v2\/product"}],"about":[{"href":"https:\/\/interiorposter.com\/cs\/wp-json\/wp\/v2\/types\/product"}],"replies":[{"embeddable":true,"href":"https:\/\/interiorposter.com\/cs\/wp-json\/wp\/v2\/comments?post=305827"}],"wp:featuredmedia":[{"embeddable":true,"href":"https:\/\/interiorposter.com\/cs\/wp-json\/wp\/v2\/media\/295255"}],"wp:attachment":[{"href":"https:\/\/interiorposter.com\/cs\/wp-json\/wp\/v2\/media?parent=305827"}],"wp:term":[{"taxonomy":"product_brand","embeddable":true,"href":"https:\/\/interiorposter.com\/cs\/wp-json\/wp\/v2\/product_brand?post=305827"},{"taxonomy":"product_cat","embeddable":true,"href":"https:\/\/interiorposter.com\/cs\/wp-json\/wp\/v2\/product_cat?post=305827"},{"taxonomy":"product_tag","embeddable":true,"href":"https:\/\/interiorposter.com\/cs\/wp-json\/wp\/v2\/product_tag?post=305827"}],"curies":[{"name":"wp","href":"https:\/\/api.w.org\/{rel}","templated":true}]}}