{"id":305786,"date":"2026-05-09T22:05:17","date_gmt":"2026-05-09T20:05:17","guid":{"rendered":"https:\/\/interiorposter.com\/product\/szeroki-obraz-na-plotnie-drzewo-fantazji-i-kolorow\/"},"modified":"2026-03-27T23:58:08","modified_gmt":"2026-03-27T22:58:08","slug":"szeroki-obraz-na-plotnie-drzewo-fantazji-i-kolorow","status":"publish","type":"product","link":"https:\/\/interiorposter.com\/cs\/product\/szeroki-obraz-na-plotnie-drzewo-fantazji-i-kolorow\/","title":{"rendered":"\u0160irok\u00fd obraz na pl\u00e1tn\u011b Strom fantazie a barev"},"content":{"rendered":"<p>\u0160irok\u00fd obraz na pl\u00e1tn\u011b s dekorativn\u00edm stromem pln\u00fdm v\u00ed\u0159\u00edc\u00edch ornament\u016f okouzl\u00ed bohatstv\u00edm tvar\u016f, barev a um\u011bleck\u00e9 lehkosti. Jemn\u011b propleten\u00e9 v\u011btve, fantazijn\u00ed detaily a citliv\u00e9 spojen\u00ed b\u00e9\u017eov\u00e9, kr\u00e9mov\u00e9, zlat\u00e9, tyrkysov\u00e9, \u010derven\u00e9 a pastelov\u00fdch akcent\u016f vytv\u00e1\u0159ej\u00ed sv\u011btl\u00e9, mnohobarevn\u00e9 lad\u011bn\u00ed s mimo\u0159\u00e1dn\u011b p\u016fsobiv\u00fdm charakterem. Tento obraz do ob\u00fdvac\u00edho pokoje se skv\u011ble hod\u00ed tak\u00e9 do lo\u017enice, hotelu, restaurace nebo kancel\u00e1\u0159e, kde do interi\u00e9ru vnese energii, kreativitu a jedine\u010dn\u00fd dekorativn\u00ed styl. Je to v\u00fdrazn\u00e1 dekorace na st\u011bnu pro ty, kdo miluj\u00ed neobvykl\u00e9 obrazy do ob\u00fdvac\u00edho pokoje, elegantn\u00ed detaily a um\u011bn\u00ed pln\u00e9 fantazie.<\/p>\n","protected":false},"excerpt":{"rendered":"<p>\u0160irok\u00fd obraz na pl\u00e1tn\u011b s fantazijn\u00edm stromem ve sv\u011btl\u00fdch barv\u00e1ch a pastelov\u00fdch akcentech dod\u00e1 interi\u00e9ru energii, eleganci a um\u011bleck\u00fd p\u016fvab.<\/p>\n","protected":false},"featured_media":292137,"comment_status":"closed","ping_status":"closed","template":"","meta":[],"product_brand":[],"product_cat":[95,99,74,289,86,207,68,297,105,83,71,89,123],"product_tag":[702,698,1304,186],"class_list":{"0":"post-305786","1":"product","2":"type-product","3":"status-publish","4":"has-post-thumbnail","6":"product_cat-abstraktni","7":"product_cat-glamour-cs","8":"product_cat-hotel-cs","9":"product_cat-ilustrace","10":"product_cat-kancelar","11":"product_cat-konceptualni-umeni","12":"product_cat-loznice","13":"product_cat-malirsky","14":"product_cat-moderni","15":"product_cat-obyvaci-pokoj","16":"product_cat-predsin","17":"product_cat-restaurace","18":"product_cat-rostliny-a-kvetiny","19":"product_tag-horizontalni","20":"product_tag-moderni-obrazy","21":"product_tag-strom","22":"product_tag-vicebarevny","23":"pa_size-finishing-120x60-premium-print-cs","24":"pa_size-finishing-120x60-standard-cs","25":"pa_size-finishing-120x60-akusticky","26":"pa_size-finishing-120x60-na-italskem-platne","27":"pa_size-finishing-120x60-v-cernem-drevenem-ramu","28":"pa_size-finishing-120x60-v-prirodnim-drevenem-ramu","29":"pa_size-finishing-60x30-v-cernem-drevenem-ramu","30":"pa_size-finishing-60x30-v-prirodnim-drevenem-ramu","32":"first","33":"instock","34":"purchasable","35":"product-type-variable","36":"has-default-attributes"},"aioseo_notices":[],"_links":{"self":[{"href":"https:\/\/interiorposter.com\/cs\/wp-json\/wp\/v2\/product\/305786","targetHints":{"allow":["GET"]}}],"collection":[{"href":"https:\/\/interiorposter.com\/cs\/wp-json\/wp\/v2\/product"}],"about":[{"href":"https:\/\/interiorposter.com\/cs\/wp-json\/wp\/v2\/types\/product"}],"replies":[{"embeddable":true,"href":"https:\/\/interiorposter.com\/cs\/wp-json\/wp\/v2\/comments?post=305786"}],"wp:featuredmedia":[{"embeddable":true,"href":"https:\/\/interiorposter.com\/cs\/wp-json\/wp\/v2\/media\/292137"}],"wp:attachment":[{"href":"https:\/\/interiorposter.com\/cs\/wp-json\/wp\/v2\/media?parent=305786"}],"wp:term":[{"taxonomy":"product_brand","embeddable":true,"href":"https:\/\/interiorposter.com\/cs\/wp-json\/wp\/v2\/product_brand?post=305786"},{"taxonomy":"product_cat","embeddable":true,"href":"https:\/\/interiorposter.com\/cs\/wp-json\/wp\/v2\/product_cat?post=305786"},{"taxonomy":"product_tag","embeddable":true,"href":"https:\/\/interiorposter.com\/cs\/wp-json\/wp\/v2\/product_tag?post=305786"}],"curies":[{"name":"wp","href":"https:\/\/api.w.org\/{rel}","templated":true}]}}