{"id":305721,"date":"2026-05-09T22:05:36","date_gmt":"2026-05-09T20:05:36","guid":{"rendered":"https:\/\/interiorposter.com\/product\/szeroki-obraz-na-plotnie-fantazyjne-drzewo-marzen\/"},"modified":"2026-03-27T23:51:03","modified_gmt":"2026-03-27T22:51:03","slug":"szeroki-obraz-na-plotnie-fantazyjne-drzewo-marzen","status":"publish","type":"product","link":"https:\/\/interiorposter.com\/cs\/product\/szeroki-obraz-na-plotnie-fantazyjne-drzewo-marzen\/","title":{"rendered":"\u0160irok\u00fd obraz na pl\u00e1tn\u011b Fantazijn\u00ed strom sn\u016f"},"content":{"rendered":"<p>\u0160irok\u00fd obraz na pl\u00e1tn\u011b s fantazijn\u00edm stromem a dekorativn\u011b se vinouc\u00edmi v\u011btvemi okouzl\u00ed poh\u00e1dkovou atmosf\u00e9rou a bohatstv\u00edm detail\u016f. Kompozice spojuje jemn\u00e9 b\u00e9\u017eov\u00e9 t\u00f3ny, tlumenou zele\u0148, tepl\u00e9 hn\u011bd\u00e9 odst\u00edny, zlat\u00e9 akcenty a delik\u00e1tn\u00ed kv\u011btinov\u00e9 motivy, \u010d\u00edm\u017e vytv\u00e1\u0159\u00ed sv\u011btl\u00e9, um\u011bleck\u00e9 barevn\u00e9 lad\u011bn\u00ed s elegantn\u00edm dojmem. Tento obraz do ob\u00fdvac\u00edho pokoje se skv\u011ble hod\u00ed tak\u00e9 do lo\u017enice, hotelu, restaurace nebo kancel\u00e1\u0159e, kde kr\u00e1sn\u011b podtrhne charakter interi\u00e9ru a dod\u00e1 mu jedine\u010dnou atmosf\u00e9ru. Je to p\u016fsobiv\u00e1 dekorace na st\u011bnu pro ty, kdo miluj\u00ed neobvykl\u00e9 obrazy do ob\u00fdvac\u00edho pokoje, dekorativn\u00ed formy a um\u011bn\u00ed pln\u00e9 fantazie.<\/p>\n","protected":false},"excerpt":{"rendered":"<p>\u0160irok\u00fd obraz na pl\u00e1tn\u011b s fantazijn\u00edm stromem v b\u00e9\u017eov\u00fdch, zelen\u00fdch a zlat\u00fdch t\u00f3nech vnese do interi\u00e9ru eleganci, lehkost a um\u011bleckou atmosf\u00e9ru.<\/p>\n","protected":false},"featured_media":291485,"comment_status":"closed","ping_status":"closed","template":"","meta":[],"product_brand":[],"product_cat":[99,74,289,86,207,68,297,105,83,71,89,123],"product_tag":[702,698,1304,186],"class_list":{"0":"post-305721","1":"product","2":"type-product","3":"status-publish","4":"has-post-thumbnail","6":"product_cat-glamour-cs","7":"product_cat-hotel-cs","8":"product_cat-ilustrace","9":"product_cat-kancelar","10":"product_cat-konceptualni-umeni","11":"product_cat-loznice","12":"product_cat-malirsky","13":"product_cat-moderni","14":"product_cat-obyvaci-pokoj","15":"product_cat-predsin","16":"product_cat-restaurace","17":"product_cat-rostliny-a-kvetiny","18":"product_tag-horizontalni","19":"product_tag-moderni-obrazy","20":"product_tag-strom","21":"product_tag-vicebarevny","22":"pa_size-finishing-120x40-premium-print-cs","23":"pa_size-finishing-120x40-standard-cs","24":"pa_size-finishing-120x40-akusticky","25":"pa_size-finishing-120x40-na-italskem-platne","26":"pa_size-finishing-120x40-v-cernem-drevenem-ramu","27":"pa_size-finishing-120x40-v-prirodnim-drevenem-ramu","28":"pa_size-finishing-135x45-premium-print-cs","29":"pa_size-finishing-135x45-standard-cs","30":"pa_size-finishing-135x45-akusticky","31":"pa_size-finishing-135x45-na-italskem-platne","32":"pa_size-finishing-150x50-premium-print-cs","33":"pa_size-finishing-150x50-standard-cs","34":"pa_size-finishing-150x50-akusticky","35":"pa_size-finishing-150x50-na-italskem-platne","36":"pa_size-finishing-150x50-v-cernem-drevenem-ramu","37":"pa_size-finishing-150x50-v-prirodnim-drevenem-ramu","38":"pa_size-finishing-90x30-v-cernem-drevenem-ramu","39":"pa_size-finishing-90x30-v-prirodnim-drevenem-ramu","41":"first","42":"instock","43":"purchasable","44":"product-type-variable","45":"has-default-attributes"},"aioseo_notices":[],"_links":{"self":[{"href":"https:\/\/interiorposter.com\/cs\/wp-json\/wp\/v2\/product\/305721","targetHints":{"allow":["GET"]}}],"collection":[{"href":"https:\/\/interiorposter.com\/cs\/wp-json\/wp\/v2\/product"}],"about":[{"href":"https:\/\/interiorposter.com\/cs\/wp-json\/wp\/v2\/types\/product"}],"replies":[{"embeddable":true,"href":"https:\/\/interiorposter.com\/cs\/wp-json\/wp\/v2\/comments?post=305721"}],"wp:featuredmedia":[{"embeddable":true,"href":"https:\/\/interiorposter.com\/cs\/wp-json\/wp\/v2\/media\/291485"}],"wp:attachment":[{"href":"https:\/\/interiorposter.com\/cs\/wp-json\/wp\/v2\/media?parent=305721"}],"wp:term":[{"taxonomy":"product_brand","embeddable":true,"href":"https:\/\/interiorposter.com\/cs\/wp-json\/wp\/v2\/product_brand?post=305721"},{"taxonomy":"product_cat","embeddable":true,"href":"https:\/\/interiorposter.com\/cs\/wp-json\/wp\/v2\/product_cat?post=305721"},{"taxonomy":"product_tag","embeddable":true,"href":"https:\/\/interiorposter.com\/cs\/wp-json\/wp\/v2\/product_tag?post=305721"}],"curies":[{"name":"wp","href":"https:\/\/api.w.org\/{rel}","templated":true}]}}