{"id":305644,"date":"2026-03-22T00:12:48","date_gmt":"2026-03-21T23:12:48","guid":{"rendered":"https:\/\/interiorposter.com\/product\/obraz-na-plotnie-pocalunek-czerni-i-bieli\/"},"modified":"2026-03-27T23:43:58","modified_gmt":"2026-03-27T22:43:58","slug":"obraz-na-plotnie-pocalunek-czerni-i-bieli","status":"publish","type":"product","link":"https:\/\/interiorposter.com\/cs\/product\/obraz-na-plotnie-pocalunek-czerni-i-bieli\/","title":{"rendered":"Obraz na pl\u00e1tn\u011b Polibek \u010dern\u00e9 a b\u00edl\u00e9"},"content":{"rendered":"<p>Smysln\u00fd obraz na pl\u00e1tn\u011b zobrazuj\u00edc\u00ed setk\u00e1n\u00ed dvou postav v mimo\u0159\u00e1dn\u011b um\u011bleck\u00e9 a plynul\u00e9 kompozici okouzl\u00ed eleganc\u00ed a modern\u00edm v\u00fdrazem. Kontrast hlubok\u00e9 \u010dern\u00e9, \u010dist\u00e9 b\u00edl\u00e9 a jemn\u00fdch odst\u00edn\u016f \u0161ed\u00e9 vytv\u00e1\u0159\u00ed p\u016fsobiv\u00e9 monochromatick\u00e9 barevn\u00e9 lad\u011bn\u00ed, kter\u00e9 se skv\u011ble hod\u00ed do stylov\u00fdch interi\u00e9r\u016f. Tento obraz do ob\u00fdvac\u00edho pokoje bude kr\u00e1snou ozdobou tak\u00e9 lo\u017enice, hotelu, kancel\u00e1\u0159e nebo restaurace a vnese do prostoru emoce, noblesu a vyt\u0159\u00edbenou atmosf\u00e9ru. Jde o jedine\u010dnou dekoraci na st\u011bnu pro ty, kdo oce\u0148uj\u00ed modern\u00ed obrazy do ob\u00fdvac\u00edho pokoje, odv\u00e1\u017enou estetiku a dekorace se siln\u00fdm, smysln\u00fdm charakterem.<\/p>\n","protected":false},"excerpt":{"rendered":"<p>Obraz na pl\u00e1tn\u011b s jemn\u00fdm motivem dvou postav v \u010dern\u00e9 a b\u00edl\u00e9 je elegantn\u00ed dekorac\u00ed na st\u011bnu do ob\u00fdvac\u00edho pokoje, lo\u017enice nebo kancel\u00e1\u0159e v modern\u00edm stylu.<\/p>\n","protected":false},"featured_media":290694,"comment_status":"closed","ping_status":"closed","template":"","meta":[],"product_brand":[],"product_cat":[95,99,74,86,207,303,68,105,83,71,89],"product_tag":[702,698,180,274,271],"class_list":{"0":"post-305644","1":"product","2":"type-product","3":"status-publish","4":"has-post-thumbnail","6":"product_cat-abstraktni","7":"product_cat-glamour-cs","8":"product_cat-hotel-cs","9":"product_cat-kancelar","10":"product_cat-konceptualni-umeni","11":"product_cat-lide","12":"product_cat-loznice","13":"product_cat-moderni","14":"product_cat-obyvaci-pokoj","15":"product_cat-predsin","16":"product_cat-restaurace","17":"product_tag-horizontalni","18":"product_tag-moderni-obrazy","19":"product_tag-seda","20":"product_tag-svetle","21":"product_tag-tmave","22":"pa_size-finishing-30x20-standard-cs","23":"pa_size-finishing-30x20-na-italskem-platne","24":"pa_size-finishing-30x20-premium-print-cs","25":"pa_size-finishing-30x20-akusticky","26":"pa_size-finishing-60x40-standard-cs","27":"pa_size-finishing-60x40-na-italskem-platne","28":"pa_size-finishing-60x40-premium-print-cs","29":"pa_size-finishing-60x40-akusticky","30":"pa_size-finishing-60x40-v-prirodnim-drevenem-ramu","31":"pa_size-finishing-60x40-v-cernem-drevenem-ramu","32":"pa_size-finishing-90x60-standard-cs","33":"pa_size-finishing-90x60-na-italskem-platne","34":"pa_size-finishing-90x60-premium-print-cs","35":"pa_size-finishing-90x60-akusticky","36":"pa_size-finishing-90x60-v-prirodnim-drevenem-ramu","37":"pa_size-finishing-90x60-v-cernem-drevenem-ramu","38":"pa_size-finishing-120x80-standard-cs","39":"pa_size-finishing-120x80-na-italskem-platne","40":"pa_size-finishing-120x80-premium-print-cs","41":"pa_size-finishing-120x80-akusticky","42":"pa_size-finishing-120x80-v-prirodnim-drevenem-ramu","43":"pa_size-finishing-120x80-v-cernem-drevenem-ramu","45":"first","46":"instock","47":"purchasable","48":"product-type-variable","49":"has-default-attributes"},"aioseo_notices":[],"_links":{"self":[{"href":"https:\/\/interiorposter.com\/cs\/wp-json\/wp\/v2\/product\/305644","targetHints":{"allow":["GET"]}}],"collection":[{"href":"https:\/\/interiorposter.com\/cs\/wp-json\/wp\/v2\/product"}],"about":[{"href":"https:\/\/interiorposter.com\/cs\/wp-json\/wp\/v2\/types\/product"}],"replies":[{"embeddable":true,"href":"https:\/\/interiorposter.com\/cs\/wp-json\/wp\/v2\/comments?post=305644"}],"wp:featuredmedia":[{"embeddable":true,"href":"https:\/\/interiorposter.com\/cs\/wp-json\/wp\/v2\/media\/290694"}],"wp:attachment":[{"href":"https:\/\/interiorposter.com\/cs\/wp-json\/wp\/v2\/media?parent=305644"}],"wp:term":[{"taxonomy":"product_brand","embeddable":true,"href":"https:\/\/interiorposter.com\/cs\/wp-json\/wp\/v2\/product_brand?post=305644"},{"taxonomy":"product_cat","embeddable":true,"href":"https:\/\/interiorposter.com\/cs\/wp-json\/wp\/v2\/product_cat?post=305644"},{"taxonomy":"product_tag","embeddable":true,"href":"https:\/\/interiorposter.com\/cs\/wp-json\/wp\/v2\/product_tag?post=305644"}],"curies":[{"name":"wp","href":"https:\/\/api.w.org\/{rel}","templated":true}]}}