{"id":305563,"date":"2026-03-22T00:04:08","date_gmt":"2026-03-21T23:04:08","guid":{"rendered":"https:\/\/interiorposter.com\/product\/obraz-na-plotnie-zmyslowe-spotkanie-przeciwienstw\/"},"modified":"2026-03-27T23:37:27","modified_gmt":"2026-03-27T22:37:27","slug":"obraz-na-plotnie-zmyslowe-spotkanie-przeciwienstw","status":"publish","type":"product","link":"https:\/\/interiorposter.com\/cs\/product\/obraz-na-plotnie-zmyslowe-spotkanie-przeciwienstw\/","title":{"rendered":"Obraz na pl\u00e1tn\u011b Smysln\u00e9 setk\u00e1n\u00ed protiklad\u016f"},"content":{"rendered":"<p>V\u00fdrazn\u00fd obraz na pl\u00e1tn\u011b zobrazuj\u00edc\u00ed \u017eenskou a mu\u017eskou tv\u00e1\u0159 v um\u011bleck\u00e9 a dynamick\u00e9 kompozici upout\u00e1 pozornost modern\u00edm pojet\u00edm a siln\u00fdm v\u00fdrazem. Spojen\u00ed b\u00edl\u00e9, \u010dern\u00e9 a chladn\u00fdch odst\u00edn\u016f \u0161ed\u00e9 vytv\u00e1\u0159\u00ed kontrastn\u00ed, elegantn\u00ed barevn\u00e9 lad\u011bn\u00ed, kter\u00e9 kr\u00e1sn\u011b podtrhne charakter interi\u00e9ru. Tento obraz do ob\u00fdvac\u00edho pokoje se skv\u011ble hod\u00ed tak\u00e9 do lo\u017enice, kancel\u00e1\u0159e, hotelu nebo restaurace, kde prostoru dod\u00e1 jedine\u010dnou atmosf\u00e9ru a designov\u00fd akcent. Jde o p\u016fsobivou dekoraci na st\u011bnu pro ty, kdo oce\u0148uj\u00ed modern\u00ed obrazy do ob\u00fdvac\u00edho pokoje, emoce zachycen\u00e9 v um\u011bn\u00ed a dekorace se siln\u00fdm vizu\u00e1ln\u00edm dojmem.<\/p>\n","protected":false},"excerpt":{"rendered":"<p>Modern\u00ed obraz na pl\u00e1tn\u011b se \u017eenskou a mu\u017eskou tv\u00e1\u0159\u00ed v kontrastn\u00ed \u010dernob\u00edl\u00e9 podob\u011b je elegantn\u00ed dekorac\u00ed na st\u011bnu do ob\u00fdvac\u00edho pokoje, lo\u017enice nebo kancel\u00e1\u0159e.<\/p>\n","protected":false},"featured_media":290280,"comment_status":"closed","ping_status":"closed","template":"","meta":[],"product_brand":[],"product_cat":[95,74,289,86,207,303,68,105,83,71,89],"product_tag":[702,698,180,274,271],"class_list":{"0":"post-305563","1":"product","2":"type-product","3":"status-publish","4":"has-post-thumbnail","6":"product_cat-abstraktni","7":"product_cat-hotel-cs","8":"product_cat-ilustrace","9":"product_cat-kancelar","10":"product_cat-konceptualni-umeni","11":"product_cat-lide","12":"product_cat-loznice","13":"product_cat-moderni","14":"product_cat-obyvaci-pokoj","15":"product_cat-predsin","16":"product_cat-restaurace","17":"product_tag-horizontalni","18":"product_tag-moderni-obrazy","19":"product_tag-seda","20":"product_tag-svetle","21":"product_tag-tmave","22":"pa_size-finishing-30x20-standard-cs","23":"pa_size-finishing-30x20-na-ptnie-woskim-cs","24":"pa_size-finishing-30x20-premium-print-cs","25":"pa_size-finishing-30x20-akustyczny-cs","26":"pa_size-finishing-60x40-standard-cs","27":"pa_size-finishing-60x40-na-ptnie-woskim-cs","28":"pa_size-finishing-60x40-premium-print-cs","29":"pa_size-finishing-60x40-akustyczny-cs","30":"pa_size-finishing-60x40-w-ramie-drewnianej-naturalnej-cs","31":"pa_size-finishing-60x40-w-ramie-drewnianej-czarnej-cs","32":"pa_size-finishing-90x60-standard-cs","33":"pa_size-finishing-90x60-na-ptnie-woskim-cs","34":"pa_size-finishing-90x60-premium-print-cs","35":"pa_size-finishing-90x60-akustyczny-cs","36":"pa_size-finishing-90x60-w-ramie-drewnianej-naturalnej-cs","37":"pa_size-finishing-90x60-w-ramie-drewnianej-czarnej-cs","38":"pa_size-finishing-120x80-standard-cs","39":"pa_size-finishing-120x80-na-ptnie-woskim-cs","40":"pa_size-finishing-120x80-premium-print-cs","41":"pa_size-finishing-120x80-akustyczny-cs","42":"pa_size-finishing-120x80-w-ramie-drewnianej-naturalnej-cs","43":"pa_size-finishing-120x80-w-ramie-drewnianej-czarnej-cs","45":"first","46":"instock","47":"purchasable","48":"product-type-variable","49":"has-default-attributes"},"aioseo_notices":[],"_links":{"self":[{"href":"https:\/\/interiorposter.com\/cs\/wp-json\/wp\/v2\/product\/305563","targetHints":{"allow":["GET"]}}],"collection":[{"href":"https:\/\/interiorposter.com\/cs\/wp-json\/wp\/v2\/product"}],"about":[{"href":"https:\/\/interiorposter.com\/cs\/wp-json\/wp\/v2\/types\/product"}],"replies":[{"embeddable":true,"href":"https:\/\/interiorposter.com\/cs\/wp-json\/wp\/v2\/comments?post=305563"}],"wp:featuredmedia":[{"embeddable":true,"href":"https:\/\/interiorposter.com\/cs\/wp-json\/wp\/v2\/media\/290280"}],"wp:attachment":[{"href":"https:\/\/interiorposter.com\/cs\/wp-json\/wp\/v2\/media?parent=305563"}],"wp:term":[{"taxonomy":"product_brand","embeddable":true,"href":"https:\/\/interiorposter.com\/cs\/wp-json\/wp\/v2\/product_brand?post=305563"},{"taxonomy":"product_cat","embeddable":true,"href":"https:\/\/interiorposter.com\/cs\/wp-json\/wp\/v2\/product_cat?post=305563"},{"taxonomy":"product_tag","embeddable":true,"href":"https:\/\/interiorposter.com\/cs\/wp-json\/wp\/v2\/product_tag?post=305563"}],"curies":[{"name":"wp","href":"https:\/\/api.w.org\/{rel}","templated":true}]}}