{"id":305482,"date":"2026-03-21T23:41:37","date_gmt":"2026-03-21T22:41:37","guid":{"rendered":"https:\/\/interiorposter.com\/product\/obraz-na-plotnie-minimalistyczna-kobieta-line-art\/"},"modified":"2026-03-27T22:45:38","modified_gmt":"2026-03-27T21:45:38","slug":"obraz-na-plotnie-minimalistyczna-kobieta-line-art","status":"publish","type":"product","link":"https:\/\/interiorposter.com\/cs\/product\/obraz-na-plotnie-minimalistyczna-kobieta-line-art\/","title":{"rendered":"Obraz na pl\u00e1tn\u011b Minimalistick\u00e1 \u017eena line art"},"content":{"rendered":"<p>Jemn\u00fd obraz na pl\u00e1tn\u011b zobrazuj\u00edc\u00ed \u017eenskou siluetu ve stylu line art je elegantn\u00ed dekorac\u00ed, kter\u00e1 do interi\u00e9ru vnese klid, lehkost a um\u011bleck\u00fd v\u00fdraz. Delik\u00e1tn\u00ed linie v kombinaci s m\u011bkk\u00fdmi b\u00e9\u017eov\u00fdmi a \u0161ed\u00fdmi plochami vytv\u00e1\u0159ej\u00ed sv\u011btl\u00e9, tlumen\u00e9 barevn\u00e9 lad\u011bn\u00ed ide\u00e1ln\u00ed pro modern\u00ed a minimalistick\u00e9 aran\u017em\u00e1. Tento obraz do ob\u00fdvac\u00edho pokoje se skv\u011ble hod\u00ed tak\u00e9 do lo\u017enice, p\u0159eds\u00edn\u011b, kancel\u00e1\u0159e nebo hotelu a podtrhne estetiku prostoru, ani\u017e by interi\u00e9r p\u016fsobil t\u011b\u017ece. Je to stylov\u00e1 dekorace na st\u011bnu pro ty, kdo oce\u0148uj\u00ed harmonii, jednoduchost a nad\u010dasovou kr\u00e1su.<\/p>\n","protected":false},"excerpt":{"rendered":"<p>Minimalistick\u00fd obraz na pl\u00e1tn\u011b s \u017eenskou siluetou ve stylu line art v b\u00e9\u017eov\u00fdch a \u0161ed\u00fdch t\u00f3nech dod\u00e1 interi\u00e9ru lehkost, eleganci a modern\u00ed charakter.<\/p>\n","protected":false},"featured_media":289225,"comment_status":"closed","ping_status":"closed","template":"","meta":[],"product_brand":[],"product_cat":[74,289,86,207,303,68,102,105,83,71,111],"product_tag":[698,277,274,704],"class_list":{"0":"post-305482","1":"product","2":"type-product","3":"status-publish","4":"has-post-thumbnail","6":"product_cat-hotel-cs","7":"product_cat-ilustrace","8":"product_cat-kancelar","9":"product_cat-konceptualni-umeni","10":"product_cat-lide","11":"product_cat-loznice","12":"product_cat-minimalisticky","13":"product_cat-moderni","14":"product_cat-obyvaci-pokoj","15":"product_cat-predsin","16":"product_cat-skandinavsky","17":"product_tag-moderni-obrazy","18":"product_tag-pastelove","19":"product_tag-svetle","20":"product_tag-vertikalni","21":"pa_size-finishing-20x30-standard-cs","22":"pa_size-finishing-20x30-na-ptnie-woskim-cs","23":"pa_size-finishing-20x30-premium-print-cs","24":"pa_size-finishing-20x30-akustyczny-cs","25":"pa_size-finishing-40x60-standard-cs","26":"pa_size-finishing-40x60-na-ptnie-woskim-cs","27":"pa_size-finishing-40x60-premium-print-cs","28":"pa_size-finishing-40x60-akustyczny-cs","29":"pa_size-finishing-40x60-w-ramie-drewnianej-naturalnej-cs","30":"pa_size-finishing-40x60-w-ramie-drewnianej-czarnej-cs","31":"pa_size-finishing-60x90-standard-cs","32":"pa_size-finishing-60x90-na-ptnie-woskim-cs","33":"pa_size-finishing-60x90-premium-print-cs","34":"pa_size-finishing-60x90-akustyczny-cs","35":"pa_size-finishing-60x90-w-ramie-drewnianej-naturalnej-cs","36":"pa_size-finishing-60x90-w-ramie-drewnianej-czarnej-cs","37":"pa_size-finishing-80x120-standard-cs","38":"pa_size-finishing-80x120-na-ptnie-woskim-cs","39":"pa_size-finishing-80x120-premium-print-cs","40":"pa_size-finishing-80x120-akustyczny-cs","41":"pa_size-finishing-80x120-w-ramie-drewnianej-naturalnej-cs","42":"pa_size-finishing-80x120-w-ramie-drewnianej-czarnej-cs","44":"first","45":"instock","46":"purchasable","47":"product-type-variable","48":"has-default-attributes"},"aioseo_notices":[],"_links":{"self":[{"href":"https:\/\/interiorposter.com\/cs\/wp-json\/wp\/v2\/product\/305482","targetHints":{"allow":["GET"]}}],"collection":[{"href":"https:\/\/interiorposter.com\/cs\/wp-json\/wp\/v2\/product"}],"about":[{"href":"https:\/\/interiorposter.com\/cs\/wp-json\/wp\/v2\/types\/product"}],"replies":[{"embeddable":true,"href":"https:\/\/interiorposter.com\/cs\/wp-json\/wp\/v2\/comments?post=305482"}],"wp:featuredmedia":[{"embeddable":true,"href":"https:\/\/interiorposter.com\/cs\/wp-json\/wp\/v2\/media\/289225"}],"wp:attachment":[{"href":"https:\/\/interiorposter.com\/cs\/wp-json\/wp\/v2\/media?parent=305482"}],"wp:term":[{"taxonomy":"product_brand","embeddable":true,"href":"https:\/\/interiorposter.com\/cs\/wp-json\/wp\/v2\/product_brand?post=305482"},{"taxonomy":"product_cat","embeddable":true,"href":"https:\/\/interiorposter.com\/cs\/wp-json\/wp\/v2\/product_cat?post=305482"},{"taxonomy":"product_tag","embeddable":true,"href":"https:\/\/interiorposter.com\/cs\/wp-json\/wp\/v2\/product_tag?post=305482"}],"curies":[{"name":"wp","href":"https:\/\/api.w.org\/{rel}","templated":true}]}}