{"id":305412,"date":"2026-03-21T22:44:37","date_gmt":"2026-03-21T21:44:37","guid":{"rendered":"https:\/\/interiorposter.com\/product\/obraz-na-plotnie-lew-w-zlotej-kompozycji\/"},"modified":"2026-03-27T22:27:45","modified_gmt":"2026-03-27T21:27:45","slug":"obraz-na-plotnie-lew-w-zlotej-kompozycji","status":"publish","type":"product","link":"https:\/\/interiorposter.com\/cs\/product\/obraz-na-plotnie-lew-w-zlotej-kompozycji\/","title":{"rendered":"Obraz na pl\u00e1tn\u011b Lev ve zlat\u00e9 kompozici"},"content":{"rendered":"<p>Efektn\u00ed obraz na pl\u00e1tn\u011b s motivem lva vnese do interi\u00e9ru s\u00edlu, eleganci a v\u00fdrazn\u00fd charakter. Dynamick\u00e9 spojen\u00ed hlubok\u00e9 \u010dern\u00e9, z\u00e1\u0159iv\u00fdch zlat\u00fdch akcent\u016f a sv\u011btl\u00fdch detail\u016f h\u0159\u00edvy vytv\u00e1\u0159\u00ed luxusn\u00ed tmav\u00e9 barevn\u00e9 lad\u011bn\u00ed, kter\u00e9 se skv\u011ble hod\u00ed do modern\u00edch prostor\u016f. Tento obraz do ob\u00fdvac\u00edho pokoje kr\u00e1sn\u011b podtrhne glamour, industri\u00e1ln\u00ed i modern\u00ed styl a z\u00e1rove\u0148 se bude v\u00fdborn\u011b vyj\u00edmat tak\u00e9 v kancel\u00e1\u0159i, hotelu, lo\u017enici nebo restauraci. Jde o v\u00fdjime\u010dnou dekoraci na st\u011bnu pro ka\u017ed\u00e9ho, kdo chce sv\u00e9mu prostoru dodat presti\u017e, s\u00edlu a jedine\u010dnou atmosf\u00e9ru.<\/p>\n","protected":false},"excerpt":{"rendered":"<p>Obraz na pl\u00e1tn\u011b s majest\u00e1tn\u00edm lvem v \u010dern\u00e9 a zlat\u00e9 barv\u011b je v\u00fdrazn\u00e1 dekorace na st\u011bnu do ob\u00fdvac\u00edho pokoje, kancel\u00e1\u0159e nebo lo\u017enice. Elegantn\u00ed, modern\u00ed a pln\u00fd charakteru.<\/p>\n","protected":false},"featured_media":286569,"comment_status":"closed","ping_status":"closed","template":"","meta":[],"product_brand":[],"product_cat":[99,74,289,132,86,207,68,105,83,71,89,254],"product_tag":[702,698,271],"class_list":{"0":"post-305412","1":"product","2":"type-product","3":"status-publish","4":"has-post-thumbnail","6":"product_cat-glamour-cs","7":"product_cat-hotel-cs","8":"product_cat-ilustrace","9":"product_cat-industrialni","10":"product_cat-kancelar","11":"product_cat-konceptualni-umeni","12":"product_cat-loznice","13":"product_cat-moderni","14":"product_cat-obyvaci-pokoj","15":"product_cat-predsin","16":"product_cat-restaurace","17":"product_cat-zvirata-a-priroda","18":"product_tag-horizontalni","19":"product_tag-moderni-obrazy","20":"product_tag-tmave","21":"pa_size-finishing-60x40-standard-cs","22":"pa_size-finishing-60x40-na-ptnie-woskim-cs","23":"pa_size-finishing-60x40-premium-print-cs","24":"pa_size-finishing-60x40-akustyczny-cs","25":"pa_size-finishing-60x40-w-ramie-drewnianej-naturalnej-cs","26":"pa_size-finishing-60x40-w-ramie-drewnianej-czarnej-cs","27":"pa_size-finishing-90x60-standard-cs","28":"pa_size-finishing-90x60-na-ptnie-woskim-cs","29":"pa_size-finishing-90x60-premium-print-cs","30":"pa_size-finishing-90x60-akustyczny-cs","31":"pa_size-finishing-90x60-w-ramie-drewnianej-naturalnej-cs","32":"pa_size-finishing-90x60-w-ramie-drewnianej-czarnej-cs","33":"pa_size-finishing-120x80-standard-cs","34":"pa_size-finishing-120x80-na-ptnie-woskim-cs","35":"pa_size-finishing-120x80-premium-print-cs","36":"pa_size-finishing-120x80-akustyczny-cs","37":"pa_size-finishing-120x80-w-ramie-drewnianej-naturalnej-cs","38":"pa_size-finishing-120x80-w-ramie-drewnianej-czarnej-cs","40":"first","41":"instock","42":"purchasable","43":"product-type-variable","44":"has-default-attributes"},"aioseo_notices":[],"_links":{"self":[{"href":"https:\/\/interiorposter.com\/cs\/wp-json\/wp\/v2\/product\/305412","targetHints":{"allow":["GET"]}}],"collection":[{"href":"https:\/\/interiorposter.com\/cs\/wp-json\/wp\/v2\/product"}],"about":[{"href":"https:\/\/interiorposter.com\/cs\/wp-json\/wp\/v2\/types\/product"}],"replies":[{"embeddable":true,"href":"https:\/\/interiorposter.com\/cs\/wp-json\/wp\/v2\/comments?post=305412"}],"wp:featuredmedia":[{"embeddable":true,"href":"https:\/\/interiorposter.com\/cs\/wp-json\/wp\/v2\/media\/286569"}],"wp:attachment":[{"href":"https:\/\/interiorposter.com\/cs\/wp-json\/wp\/v2\/media?parent=305412"}],"wp:term":[{"taxonomy":"product_brand","embeddable":true,"href":"https:\/\/interiorposter.com\/cs\/wp-json\/wp\/v2\/product_brand?post=305412"},{"taxonomy":"product_cat","embeddable":true,"href":"https:\/\/interiorposter.com\/cs\/wp-json\/wp\/v2\/product_cat?post=305412"},{"taxonomy":"product_tag","embeddable":true,"href":"https:\/\/interiorposter.com\/cs\/wp-json\/wp\/v2\/product_tag?post=305412"}],"curies":[{"name":"wp","href":"https:\/\/api.w.org\/{rel}","templated":true}]}}