{"id":305331,"date":"2026-03-21T22:35:27","date_gmt":"2026-03-21T21:35:27","guid":{"rendered":"https:\/\/interiorposter.com\/product\/obraz-na-plotnie-minimalistyczny-pies-i-kot-line-art\/"},"modified":"2026-03-27T01:26:20","modified_gmt":"2026-03-27T00:26:20","slug":"obraz-na-plotnie-minimalistyczny-pies-i-kot-line-art","status":"publish","type":"product","link":"https:\/\/interiorposter.com\/cs\/product\/obraz-na-plotnie-minimalistyczny-pies-i-kot-line-art\/","title":{"rendered":"Obraz na pl\u00e1tn\u011b Minimalistick\u00fd pes a ko\u010dka line art"},"content":{"rendered":"<p>Tento obraz na pl\u00e1tn\u011b okouzl\u00ed svou jednoduchost\u00ed a nad\u010dasovou eleganc\u00ed. Jemn\u00e1 kresba line art zobrazuj\u00edc\u00ed psa a ko\u010dku vytv\u00e1\u0159\u00ed lehkou modern\u00ed dekoraci, kter\u00e1 do interi\u00e9ru vnese klid, harmonii a \u00fatulnou atmosf\u00e9ru. Sv\u011btl\u00e1 tlumen\u00e1 barevnost s \u010dernou lini\u00ed na jemn\u00e9m pozad\u00ed zaji\u0161\u0165uje, \u017ee se motiv skv\u011ble hod\u00ed do ob\u00fdvac\u00edho pokoje, lo\u017enice, p\u0159eds\u00edn\u011b, kancel\u00e1\u0159e i hotelov\u00fdch a modern\u00edch prostor. Je to skv\u011bl\u00e1 volba pro milovn\u00edky zv\u00ed\u0159at, kte\u0159\u00ed hledaj\u00ed obraz na st\u011bnu s minimalistick\u00fdm a estetick\u00fdm v\u00fdrazem. Tato dekorace kr\u00e1sn\u011b podtrhne styl interi\u00e9ru a snadno se kombinuje se skandin\u00e1vsk\u00fdm i modern\u00edm za\u0159\u00edzen\u00edm.<\/p>\n","protected":false},"excerpt":{"rendered":"<p>Obraz na pl\u00e1tn\u011b s minimalistickou kresbou psa a ko\u010dky ve stylu line art. Jemn\u00e1 dekorace do ob\u00fdvac\u00edho pokoje, lo\u017enice, kancel\u00e1\u0159e nebo p\u0159eds\u00edn\u011b.<\/p>\n","protected":false},"featured_media":286132,"comment_status":"closed","ping_status":"closed","template":"","meta":[],"product_brand":[],"product_cat":[74,289,86,68,102,105,83,71,111,254],"product_tag":[698,180,274,704],"class_list":{"0":"post-305331","1":"product","2":"type-product","3":"status-publish","4":"has-post-thumbnail","6":"product_cat-hotel-cs","7":"product_cat-ilustrace","8":"product_cat-kancelar","9":"product_cat-loznice","10":"product_cat-minimalisticky","11":"product_cat-moderni","12":"product_cat-obyvaci-pokoj","13":"product_cat-predsin","14":"product_cat-skandinavsky","15":"product_cat-zvirata-a-priroda","16":"product_tag-moderni-obrazy","17":"product_tag-seda","18":"product_tag-svetle","19":"product_tag-vertikalni","20":"pa_size-finishing-20x30-standard-cs","21":"pa_size-finishing-20x30-na-italskem-platne","22":"pa_size-finishing-20x30-premium-print-cs","23":"pa_size-finishing-20x30-akusticky","24":"pa_size-finishing-40x60-standard-cs","25":"pa_size-finishing-40x60-na-italskem-platne","26":"pa_size-finishing-40x60-premium-print-cs","27":"pa_size-finishing-40x60-acoustic-cs","28":"pa_size-finishing-40x60-w-ramie-drewnianej-naturalnej-cs","29":"pa_size-finishing-40x60-v-cernem-drevenem-ramu","30":"pa_size-finishing-60x90-standard-cs","31":"pa_size-finishing-60x90-na-italskem-platne","32":"pa_size-finishing-60x90-premium-print-cs","33":"pa_size-finishing-60x90-akustyczny-cs","34":"pa_size-finishing-60x90-v-prirodnim-drevenem-ramu","35":"pa_size-finishing-60x90-v-cernem-drevenem-ramu","36":"pa_size-finishing-80x120-standard-cs","37":"pa_size-finishing-80x120-na-italskem-platne","38":"pa_size-finishing-80x120-premium-print-cs","39":"pa_size-finishing-80x120-akustyczny-cs","40":"pa_size-finishing-80x120-v-prirodnim-drevenem-ramu","41":"pa_size-finishing-80x120-v-cernem-drevenem-ramu","43":"first","44":"instock","45":"purchasable","46":"product-type-variable","47":"has-default-attributes"},"aioseo_notices":[],"_links":{"self":[{"href":"https:\/\/interiorposter.com\/cs\/wp-json\/wp\/v2\/product\/305331","targetHints":{"allow":["GET"]}}],"collection":[{"href":"https:\/\/interiorposter.com\/cs\/wp-json\/wp\/v2\/product"}],"about":[{"href":"https:\/\/interiorposter.com\/cs\/wp-json\/wp\/v2\/types\/product"}],"replies":[{"embeddable":true,"href":"https:\/\/interiorposter.com\/cs\/wp-json\/wp\/v2\/comments?post=305331"}],"wp:featuredmedia":[{"embeddable":true,"href":"https:\/\/interiorposter.com\/cs\/wp-json\/wp\/v2\/media\/286132"}],"wp:attachment":[{"href":"https:\/\/interiorposter.com\/cs\/wp-json\/wp\/v2\/media?parent=305331"}],"wp:term":[{"taxonomy":"product_brand","embeddable":true,"href":"https:\/\/interiorposter.com\/cs\/wp-json\/wp\/v2\/product_brand?post=305331"},{"taxonomy":"product_cat","embeddable":true,"href":"https:\/\/interiorposter.com\/cs\/wp-json\/wp\/v2\/product_cat?post=305331"},{"taxonomy":"product_tag","embeddable":true,"href":"https:\/\/interiorposter.com\/cs\/wp-json\/wp\/v2\/product_tag?post=305331"}],"curies":[{"name":"wp","href":"https:\/\/api.w.org\/{rel}","templated":true}]}}