{"id":305249,"date":"2026-03-21T21:57:29","date_gmt":"2026-03-21T20:57:29","guid":{"rendered":"https:\/\/interiorposter.com\/product\/obraz-na-plotnie-spokojny-pejzaz-w-stylu-akwarelowym\/"},"modified":"2026-03-27T01:07:09","modified_gmt":"2026-03-27T00:07:09","slug":"obraz-na-plotnie-spokojny-pejzaz-w-stylu-akwarelowym","status":"publish","type":"product","link":"https:\/\/interiorposter.com\/cs\/product\/obraz-na-plotnie-spokojny-pejzaz-w-stylu-akwarelowym\/","title":{"rendered":"Obraz na pl\u00e1tn\u011b Klidn\u00e1 krajina ve stylu akvarelu"},"content":{"rendered":"<p>Tento obraz na pl\u00e1tn\u011b okouzl\u00ed jemnou kompozic\u00ed ve stylu akvarelu, inspirovanou klidnou krajinou a m\u011bkk\u00fdm sv\u011btlem. Delik\u00e1tn\u00ed p\u0159echody \u0161ed\u00e9, b\u00e9\u017eov\u00e9, lomen\u00e9 b\u00edl\u00e9 a pudrov\u00fdch akcent\u016f vytv\u00e1\u0159ej\u00ed harmonickou dekoraci, kter\u00e1 do interi\u00e9ru vnese lehkost, eleganci a atmosf\u00e9ru zklidn\u011bn\u00ed. Mal\u00ed\u0159sk\u00fd charakter motivu z n\u011bj d\u011bl\u00e1 skv\u011blou volbu do ob\u00fdvac\u00edho pokoje, lo\u017enice, kancel\u00e1\u0159e, hotelu nebo p\u0159eds\u00edn\u011b, kde kr\u00e1sn\u011b dopln\u00ed modern\u00ed i skandin\u00e1vsk\u00e9 interi\u00e9ry. Je to v\u00fdborn\u00fd obraz na st\u011bnu pro ty, kte\u0159\u00ed hledaj\u00ed dekoraci plnou jemn\u00fdch emoc\u00ed a nad\u010dasov\u00e9ho stylu. Sv\u011btl\u00e1, tlumen\u00e1 barevnost pom\u00e1h\u00e1 vytvo\u0159it prostor, kter\u00fd vyb\u00edz\u00ed k relaxaci a ka\u017edodenn\u00edmu odpo\u010dinku.<\/p>\n","protected":false},"excerpt":{"rendered":"<p>Obraz na pl\u00e1tn\u011b s krajinou ve stylu akvarelu v odst\u00ednech \u0161ed\u00e9, b\u00e9\u017eov\u00e9 a pudrov\u011b r\u016f\u017eov\u00e9. Jemn\u00e1 dekorace do ob\u00fdvac\u00edho pokoje, lo\u017enice, kancel\u00e1\u0159e, hotelu nebo p\u0159eds\u00edn\u011b.<\/p>\n","protected":false},"featured_media":284311,"comment_status":"closed","ping_status":"closed","template":"","meta":[],"product_brand":[],"product_cat":[74,86,207,135,68,297,102,105,83,71,111],"product_tag":[702,698,180,186],"class_list":{"0":"post-305249","1":"product","2":"type-product","3":"status-publish","4":"has-post-thumbnail","6":"product_cat-hotel-cs","7":"product_cat-kancelar","8":"product_cat-konceptualni-umeni","9":"product_cat-krajiny","10":"product_cat-loznice","11":"product_cat-malirsky","12":"product_cat-minimalisticky","13":"product_cat-moderni","14":"product_cat-obyvaci-pokoj","15":"product_cat-predsin","16":"product_cat-skandinavsky","17":"product_tag-horizontalni","18":"product_tag-moderni-obrazy","19":"product_tag-seda","20":"product_tag-vicebarevny","21":"pa_size-finishing-30x20-standard-cs","22":"pa_size-finishing-30x20-na-italskem-platne","23":"pa_size-finishing-30x20-premium-print-cs","24":"pa_size-finishing-30x20-akusticky","25":"pa_size-finishing-60x40-standard-cs","26":"pa_size-finishing-60x40-na-italskem-platne","27":"pa_size-finishing-60x40-premium-print-cs","28":"pa_size-finishing-60x40-akusticky","29":"pa_size-finishing-60x40-v-prirodnim-drevenem-ramu","30":"pa_size-finishing-60x40-v-cernem-drevenem-ramu","31":"pa_size-finishing-90x60-standard-cs","32":"pa_size-finishing-90x60-na-italskem-platne","33":"pa_size-finishing-90x60-premium-print-cs","34":"pa_size-finishing-90x60-akusticky","35":"pa_size-finishing-90x60-v-prirodnim-drevenem-ramu","36":"pa_size-finishing-90x60-v-cernem-drevenem-ramu","37":"pa_size-finishing-120x80-standard-cs","38":"pa_size-finishing-120x80-na-italskem-platne","39":"pa_size-finishing-120x80-premium-print-cs","40":"pa_size-finishing-120x80-akusticky","41":"pa_size-finishing-120x80-v-prirodnim-drevenem-ramu","42":"pa_size-finishing-120x80-v-cernem-drevenem-ramu","44":"first","45":"instock","46":"purchasable","47":"product-type-variable","48":"has-default-attributes"},"aioseo_notices":[],"_links":{"self":[{"href":"https:\/\/interiorposter.com\/cs\/wp-json\/wp\/v2\/product\/305249","targetHints":{"allow":["GET"]}}],"collection":[{"href":"https:\/\/interiorposter.com\/cs\/wp-json\/wp\/v2\/product"}],"about":[{"href":"https:\/\/interiorposter.com\/cs\/wp-json\/wp\/v2\/types\/product"}],"replies":[{"embeddable":true,"href":"https:\/\/interiorposter.com\/cs\/wp-json\/wp\/v2\/comments?post=305249"}],"wp:featuredmedia":[{"embeddable":true,"href":"https:\/\/interiorposter.com\/cs\/wp-json\/wp\/v2\/media\/284311"}],"wp:attachment":[{"href":"https:\/\/interiorposter.com\/cs\/wp-json\/wp\/v2\/media?parent=305249"}],"wp:term":[{"taxonomy":"product_brand","embeddable":true,"href":"https:\/\/interiorposter.com\/cs\/wp-json\/wp\/v2\/product_brand?post=305249"},{"taxonomy":"product_cat","embeddable":true,"href":"https:\/\/interiorposter.com\/cs\/wp-json\/wp\/v2\/product_cat?post=305249"},{"taxonomy":"product_tag","embeddable":true,"href":"https:\/\/interiorposter.com\/cs\/wp-json\/wp\/v2\/product_tag?post=305249"}],"curies":[{"name":"wp","href":"https:\/\/api.w.org\/{rel}","templated":true}]}}