{"id":305168,"date":"2026-03-21T21:33:25","date_gmt":"2026-03-21T20:33:25","guid":{"rendered":"https:\/\/interiorposter.com\/product\/obraz-na-plotnie-czarna-abstrakcja-ze-zlotym-akcentem\/"},"modified":"2026-03-27T00:53:09","modified_gmt":"2026-03-26T23:53:09","slug":"obraz-na-plotnie-czarna-abstrakcja-ze-zlotym-akcentem","status":"publish","type":"product","link":"https:\/\/interiorposter.com\/cs\/product\/obraz-na-plotnie-czarna-abstrakcja-ze-zlotym-akcentem\/","title":{"rendered":"Obraz na pl\u00e1tn\u011b \u010cern\u00e1 abstrakce se zlat\u00fdm akcentem"},"content":{"rendered":"<p>Tento obraz na pl\u00e1tn\u011b okouzl\u00ed p\u016fsobiv\u00fdm spojen\u00edm hlubok\u00e9 \u010dern\u00e9, sv\u011btl\u00fdch odst\u00edn\u016f b\u00edl\u00e9 a \u0161ed\u00e9 a u\u0161lechtil\u00fdch zlat\u00fdch detail\u016f. Kompozice inspirovan\u00e1 strukturou miner\u00e1l\u016f a mramoru dod\u00e1v\u00e1 interi\u00e9ru elegantn\u00ed a modern\u00ed charakter a z\u00e1rove\u0148 p\u0159itahuje pozornost v\u00fdrazn\u00fdm kontrastem a luxusn\u00edm dojmem. Je to skv\u011bl\u00e1 volba do ob\u00fdvac\u00edho pokoje, lo\u017enice, kancel\u00e1\u0159e, hotelu nebo restaurace, kde se stane stylov\u00fdm dekorativn\u00edm prvkem. Tmav\u00e1 kontrastn\u00ed barevnost se v\u00fdborn\u011b hod\u00ed do glamour, modern\u00edch, minimalistick\u00fdch i industri\u00e1ln\u00edch interi\u00e9r\u016f. Pokud hled\u00e1te obraz na st\u011bnu, kter\u00fd podtrhne presti\u017e prostoru a dod\u00e1 mu v\u00fdrazn\u00fd, ale elegantn\u00ed vzhled, tento motiv je skv\u011blou volbou.<\/p>\n","protected":false},"excerpt":{"rendered":"<p>Obraz na pl\u00e1tn\u011b v \u010dern\u00e9, b\u00edl\u00e9, \u0161ed\u00e9 a zlat\u00e9 inspirovan\u00fd strukturou mramoru. Elegantn\u00ed dekorace do ob\u00fdvac\u00edho pokoje, lo\u017enice, kancel\u00e1\u0159e, hotelu nebo restaurace.<\/p>\n","protected":false},"featured_media":283215,"comment_status":"closed","ping_status":"closed","template":"","meta":[],"product_brand":[],"product_cat":[95,210,99,74,86,207,68,297,102,105,83,89],"product_tag":[702,698,180,271,186],"class_list":{"0":"post-305168","1":"product","2":"type-product","3":"status-publish","4":"has-post-thumbnail","6":"product_cat-abstraktni","7":"product_cat-geometricke","8":"product_cat-glamour-cs","9":"product_cat-hotel-cs","10":"product_cat-kancelar","11":"product_cat-konceptualni-umeni","12":"product_cat-loznice","13":"product_cat-malirsky","14":"product_cat-minimalisticky","15":"product_cat-moderni","16":"product_cat-obyvaci-pokoj","17":"product_cat-restaurace","18":"product_tag-horizontalni","19":"product_tag-moderni-obrazy","20":"product_tag-seda","21":"product_tag-tmave","22":"product_tag-vicebarevny","23":"pa_size-finishing-30x20-standard-cs","24":"pa_size-finishing-30x20-na-italskem-platne","25":"pa_size-finishing-30x20-premium-print-cs","26":"pa_size-finishing-30x20-akusticky","27":"pa_size-finishing-60x40-standard-cs","28":"pa_size-finishing-60x40-na-italskem-platne","29":"pa_size-finishing-60x40-premium-print-cs","30":"pa_size-finishing-60x40-akusticky","31":"pa_size-finishing-60x40-v-prirodnim-drevenem-ramu","32":"pa_size-finishing-60x40-v-cernem-drevenem-ramu","33":"pa_size-finishing-90x60-standard-cs","34":"pa_size-finishing-90x60-na-italskem-platne","35":"pa_size-finishing-90x60-premium-print-cs","36":"pa_size-finishing-90x60-akusticky","37":"pa_size-finishing-90x60-v-prirodnim-drevenem-ramu","38":"pa_size-finishing-90x60-v-cernem-drevenem-ramu","39":"pa_size-finishing-120x80-standard-cs","40":"pa_size-finishing-120x80-na-italskem-platne","41":"pa_size-finishing-120x80-premium-print-cs","42":"pa_size-finishing-120x80-akusticky","43":"pa_size-finishing-120x80-v-prirodnim-drevenem-ramu","44":"pa_size-finishing-120x80-v-cernem-drevenem-ramu","46":"first","47":"instock","48":"purchasable","49":"product-type-variable","50":"has-default-attributes"},"aioseo_notices":[],"_links":{"self":[{"href":"https:\/\/interiorposter.com\/cs\/wp-json\/wp\/v2\/product\/305168","targetHints":{"allow":["GET"]}}],"collection":[{"href":"https:\/\/interiorposter.com\/cs\/wp-json\/wp\/v2\/product"}],"about":[{"href":"https:\/\/interiorposter.com\/cs\/wp-json\/wp\/v2\/types\/product"}],"replies":[{"embeddable":true,"href":"https:\/\/interiorposter.com\/cs\/wp-json\/wp\/v2\/comments?post=305168"}],"wp:featuredmedia":[{"embeddable":true,"href":"https:\/\/interiorposter.com\/cs\/wp-json\/wp\/v2\/media\/283215"}],"wp:attachment":[{"href":"https:\/\/interiorposter.com\/cs\/wp-json\/wp\/v2\/media?parent=305168"}],"wp:term":[{"taxonomy":"product_brand","embeddable":true,"href":"https:\/\/interiorposter.com\/cs\/wp-json\/wp\/v2\/product_brand?post=305168"},{"taxonomy":"product_cat","embeddable":true,"href":"https:\/\/interiorposter.com\/cs\/wp-json\/wp\/v2\/product_cat?post=305168"},{"taxonomy":"product_tag","embeddable":true,"href":"https:\/\/interiorposter.com\/cs\/wp-json\/wp\/v2\/product_tag?post=305168"}],"curies":[{"name":"wp","href":"https:\/\/api.w.org\/{rel}","templated":true}]}}