{"id":305086,"date":"2026-03-21T21:21:28","date_gmt":"2026-03-21T20:21:28","guid":{"rendered":"https:\/\/interiorposter.com\/product\/obraz-na-plotnie-jasny-marmur-ze-zlotym-polyskiem\/"},"modified":"2026-03-27T00:41:09","modified_gmt":"2026-03-26T23:41:09","slug":"obraz-na-plotnie-jasny-marmur-ze-zlotym-polyskiem","status":"publish","type":"product","link":"https:\/\/interiorposter.com\/cs\/product\/obraz-na-plotnie-jasny-marmur-ze-zlotym-polyskiem\/","title":{"rendered":"Obraz na pl\u00e1tn\u011b Sv\u011btl\u00fd mramor se zlat\u00fdm leskem"},"content":{"rendered":"<p>Tento obraz na pl\u00e1tn\u011b okouzl\u00ed jemnou eleganc\u00ed a lehkou modern\u00ed formou inspirovanou strukturou sv\u011btl\u00e9ho mramoru. Decentn\u00ed odst\u00edny b\u00edl\u00e9, \u0161ed\u00e9 a b\u00e9\u017eov\u00e9 se zde prol\u00ednaj\u00ed se zlat\u00fdmi odlesky a vytv\u00e1\u0159ej\u00ed harmonickou kompozici plnou sv\u011btla, klidu a vyt\u0159\u00edben\u00e9ho stylu. Je to skv\u011bl\u00e1 volba do ob\u00fdvac\u00edho pokoje, lo\u017enice, kancel\u00e1\u0159e, hotelu nebo p\u0159eds\u00edn\u011b, kde kr\u00e1sn\u011b prosv\u011btl\u00ed prostor a dod\u00e1 mu luxusn\u00ed n\u00e1dech. Sv\u011btl\u00e1 barevnost se v\u00fdborn\u011b hod\u00ed do modern\u00edch, minimalistick\u00fdch, glamour i skandin\u00e1vsk\u00fdch interi\u00e9r\u016f. Pokud hled\u00e1te obraz na st\u011bnu, kter\u00fd do interi\u00e9ru vnese eleganci, sv\u011b\u017eest a nad\u010dasovou estetiku, tento motiv je skv\u011blou volbou.<\/p>\n","protected":false},"excerpt":{"rendered":"<p>Obraz na pl\u00e1tn\u011b inspirovan\u00fd sv\u011btl\u00fdm mramorem s jemn\u00fdmi zlat\u00fdmi akcenty. Elegantn\u00ed dekorace do ob\u00fdvac\u00edho pokoje, lo\u017enice, kancel\u00e1\u0159e, hotelu nebo p\u0159eds\u00edn\u011b.<\/p>\n","protected":false},"featured_media":282714,"comment_status":"closed","ping_status":"closed","template":"","meta":[],"product_brand":[],"product_cat":[95,210,99,74,86,207,68,102,105,83,71],"product_tag":[702,698,274,186],"class_list":{"0":"post-305086","1":"product","2":"type-product","3":"status-publish","4":"has-post-thumbnail","6":"product_cat-abstraktni","7":"product_cat-geometricke","8":"product_cat-glamour-cs","9":"product_cat-hotel-cs","10":"product_cat-kancelar","11":"product_cat-konceptualni-umeni","12":"product_cat-loznice","13":"product_cat-minimalisticky","14":"product_cat-moderni","15":"product_cat-obyvaci-pokoj","16":"product_cat-predsin","17":"product_tag-horizontalni","18":"product_tag-moderni-obrazy","19":"product_tag-svetle","20":"product_tag-vicebarevny","21":"pa_size-finishing-30x20-standard-cs","22":"pa_size-finishing-30x20-na-italskem-platne","23":"pa_size-finishing-30x20-premium-print-cs","24":"pa_size-finishing-30x20-akusticky","25":"pa_size-finishing-60x40-standard-cs","26":"pa_size-finishing-60x40-na-italskem-platne","27":"pa_size-finishing-60x40-premium-print-cs","28":"pa_size-finishing-60x40-akusticky","29":"pa_size-finishing-60x40-v-prirodnim-drevenem-ramu","30":"pa_size-finishing-60x40-v-cernem-drevenem-ramu","31":"pa_size-finishing-90x60-standard-cs","32":"pa_size-finishing-90x60-na-italskem-platne","33":"pa_size-finishing-90x60-premium-print-cs","34":"pa_size-finishing-90x60-akusticky","35":"pa_size-finishing-90x60-v-prirodnim-drevenem-ramu","36":"pa_size-finishing-90x60-v-cernem-drevenem-ramu","37":"pa_size-finishing-120x80-standard-cs","38":"pa_size-finishing-120x80-na-italskem-platne","39":"pa_size-finishing-120x80-premium-print-cs","40":"pa_size-finishing-120x80-akusticky","41":"pa_size-finishing-120x80-v-prirodnim-drevenem-ramu","42":"pa_size-finishing-120x80-v-cernem-drevenem-ramu","44":"first","45":"instock","46":"purchasable","47":"product-type-variable","48":"has-default-attributes"},"aioseo_notices":[],"_links":{"self":[{"href":"https:\/\/interiorposter.com\/cs\/wp-json\/wp\/v2\/product\/305086","targetHints":{"allow":["GET"]}}],"collection":[{"href":"https:\/\/interiorposter.com\/cs\/wp-json\/wp\/v2\/product"}],"about":[{"href":"https:\/\/interiorposter.com\/cs\/wp-json\/wp\/v2\/types\/product"}],"replies":[{"embeddable":true,"href":"https:\/\/interiorposter.com\/cs\/wp-json\/wp\/v2\/comments?post=305086"}],"wp:featuredmedia":[{"embeddable":true,"href":"https:\/\/interiorposter.com\/cs\/wp-json\/wp\/v2\/media\/282714"}],"wp:attachment":[{"href":"https:\/\/interiorposter.com\/cs\/wp-json\/wp\/v2\/media?parent=305086"}],"wp:term":[{"taxonomy":"product_brand","embeddable":true,"href":"https:\/\/interiorposter.com\/cs\/wp-json\/wp\/v2\/product_brand?post=305086"},{"taxonomy":"product_cat","embeddable":true,"href":"https:\/\/interiorposter.com\/cs\/wp-json\/wp\/v2\/product_cat?post=305086"},{"taxonomy":"product_tag","embeddable":true,"href":"https:\/\/interiorposter.com\/cs\/wp-json\/wp\/v2\/product_tag?post=305086"}],"curies":[{"name":"wp","href":"https:\/\/api.w.org\/{rel}","templated":true}]}}