{"id":305003,"date":"2026-03-21T21:13:35","date_gmt":"2026-03-21T20:13:35","guid":{"rendered":"https:\/\/interiorposter.com\/product\/obraz-na-plotnie-granatowa-abstrakcja-ze-zlotem\/"},"modified":"2026-03-27T00:06:22","modified_gmt":"2026-03-26T23:06:22","slug":"obraz-na-plotnie-granatowa-abstrakcja-ze-zlotem","status":"publish","type":"product","link":"https:\/\/interiorposter.com\/cs\/product\/obraz-na-plotnie-granatowa-abstrakcja-ze-zlotem\/","title":{"rendered":"Obraz na pl\u00e1tn\u011b Tmav\u011b modr\u00e1 abstrakce se zlatem"},"content":{"rendered":"<p>Tento obraz na pl\u00e1tn\u011b zaujme luxusn\u00edm spojen\u00edm hlubok\u00e9 tmav\u011b modr\u00e9, sv\u011btl\u00fdch t\u00f3n\u016f b\u00edl\u00e9 a b\u00e9\u017eov\u00e9 a v\u00fdrazn\u00fdch zlat\u00fdch akcent\u016f. Abstraktn\u00ed kompozice inspirovan\u00e1 strukturou miner\u00e1l\u016f a kamene dod\u00e1v\u00e1 interi\u00e9ru eleganci, modern\u00ed styl a v\u00fdjime\u010dnou hloubku. Tato dekorace p\u0159itahuje pozornost u\u0161lechtil\u00fdm kontrastem barev a z\u00e1rove\u0148 do prostoru vn\u00e1\u0161\u00ed klidnou a vyt\u0159\u00edbenou atmosf\u00e9ru. Skv\u011ble se hod\u00ed do ob\u00fdvac\u00edho pokoje, lo\u017enice, kancel\u00e1\u0159e, hotelu nebo restaurace. V\u00fdborn\u011b zapadne do modern\u00edch, glamour, minimalistick\u00fdch i industri\u00e1ln\u00edch interi\u00e9r\u016f. Pokud hled\u00e1te obraz na st\u011bnu, kter\u00fd podtrhne presti\u017e m\u00edstnosti a dod\u00e1 j\u00ed stylov\u00fd charakter, tento motiv je skv\u011blou volbou.<\/p>\n","protected":false},"excerpt":{"rendered":"<p>Obraz na pl\u00e1tn\u011b v odst\u00ednech tmav\u011b modr\u00e9, b\u00edl\u00e9, b\u00e9\u017eov\u00e9 a zlat\u00e9. Elegantn\u00ed abstraktn\u00ed dekorace do ob\u00fdvac\u00edho pokoje, lo\u017enice, kancel\u00e1\u0159e, hotelu nebo restaurace.<\/p>\n","protected":false},"featured_media":282380,"comment_status":"closed","ping_status":"closed","template":"","meta":[],"product_brand":[],"product_cat":[95,210,99,74,86,207,68,297,102,105,83,89],"product_tag":[702,698,271,186],"class_list":{"0":"post-305003","1":"product","2":"type-product","3":"status-publish","4":"has-post-thumbnail","6":"product_cat-abstraktni","7":"product_cat-geometricke","8":"product_cat-glamour-cs","9":"product_cat-hotel-cs","10":"product_cat-kancelar","11":"product_cat-konceptualni-umeni","12":"product_cat-loznice","13":"product_cat-malirsky","14":"product_cat-minimalisticky","15":"product_cat-moderni","16":"product_cat-obyvaci-pokoj","17":"product_cat-restaurace","18":"product_tag-horizontalni","19":"product_tag-moderni-obrazy","20":"product_tag-tmave","21":"product_tag-vicebarevny","22":"pa_size-finishing-30x20-standard-cs","23":"pa_size-finishing-30x20-na-italskem-platne","24":"pa_size-finishing-30x20-premium-print-cs","25":"pa_size-finishing-30x20-akusticky","26":"pa_size-finishing-60x40-standard-cs","27":"pa_size-finishing-60x40-na-italskem-platne","28":"pa_size-finishing-60x40-premium-print-cs","29":"pa_size-finishing-60x40-akusticky","30":"pa_size-finishing-60x40-v-prirodnim-drevenem-ramu","31":"pa_size-finishing-60x40-v-cernem-drevenem-ramu","32":"pa_size-finishing-90x60-standard-cs","33":"pa_size-finishing-90x60-na-italskem-platne","34":"pa_size-finishing-90x60-premium-print-cs","35":"pa_size-finishing-90x60-akusticky","36":"pa_size-finishing-90x60-v-prirodnim-drevenem-ramu","37":"pa_size-finishing-90x60-v-cernem-drevenem-ramu","38":"pa_size-finishing-120x80-standard-cs","39":"pa_size-finishing-120x80-na-italskem-platne","40":"pa_size-finishing-120x80-premium-print-cs","41":"pa_size-finishing-120x80-akusticky","42":"pa_size-finishing-120x80-v-prirodnim-drevenem-ramu","43":"pa_size-finishing-120x80-v-cernem-drevenem-ramu","45":"first","46":"instock","47":"purchasable","48":"product-type-variable","49":"has-default-attributes"},"aioseo_notices":[],"_links":{"self":[{"href":"https:\/\/interiorposter.com\/cs\/wp-json\/wp\/v2\/product\/305003","targetHints":{"allow":["GET"]}}],"collection":[{"href":"https:\/\/interiorposter.com\/cs\/wp-json\/wp\/v2\/product"}],"about":[{"href":"https:\/\/interiorposter.com\/cs\/wp-json\/wp\/v2\/types\/product"}],"replies":[{"embeddable":true,"href":"https:\/\/interiorposter.com\/cs\/wp-json\/wp\/v2\/comments?post=305003"}],"wp:featuredmedia":[{"embeddable":true,"href":"https:\/\/interiorposter.com\/cs\/wp-json\/wp\/v2\/media\/282380"}],"wp:attachment":[{"href":"https:\/\/interiorposter.com\/cs\/wp-json\/wp\/v2\/media?parent=305003"}],"wp:term":[{"taxonomy":"product_brand","embeddable":true,"href":"https:\/\/interiorposter.com\/cs\/wp-json\/wp\/v2\/product_brand?post=305003"},{"taxonomy":"product_cat","embeddable":true,"href":"https:\/\/interiorposter.com\/cs\/wp-json\/wp\/v2\/product_cat?post=305003"},{"taxonomy":"product_tag","embeddable":true,"href":"https:\/\/interiorposter.com\/cs\/wp-json\/wp\/v2\/product_tag?post=305003"}],"curies":[{"name":"wp","href":"https:\/\/api.w.org\/{rel}","templated":true}]}}