{"id":304922,"date":"2026-03-21T21:09:40","date_gmt":"2026-03-21T20:09:40","guid":{"rendered":"https:\/\/interiorposter.com\/product\/obraz-na-plotnie-zielona-abstrakcja-ze-zlotym-detalem\/"},"modified":"2026-03-27T00:00:00","modified_gmt":"2026-03-26T23:00:00","slug":"obraz-na-plotnie-zielona-abstrakcja-ze-zlotym-detalem","status":"publish","type":"product","link":"https:\/\/interiorposter.com\/cs\/product\/obraz-na-plotnie-zielona-abstrakcja-ze-zlotym-detalem\/","title":{"rendered":"Obraz na pl\u00e1tn\u011b Zelen\u00e1 abstrakce se zlat\u00fdm detailem"},"content":{"rendered":"<p>Tento obraz na pl\u00e1tn\u011b okouzl\u00ed elegantn\u00ed abstrakc\u00ed inspirovanou strukturou kamene a p\u0159\u00edrodn\u00edch miner\u00e1l\u016f. Spojen\u00ed tlumen\u00e9 zelen\u00e9, tmav\u00fdch t\u00f3n\u016f, \u0161ed\u00e9 a jemn\u00fdch zlat\u00fdch akcent\u016f vytv\u00e1\u0159\u00ed luxusn\u00ed a z\u00e1rove\u0148 klidnou kompozici, kter\u00e1 kr\u00e1sn\u011b podtrhne charakter interi\u00e9ru. Dekorace p\u0159itahuje pozornost vyt\u0159\u00edbenou texturou a harmonick\u00fdm uspo\u0159\u00e1d\u00e1n\u00edm barev, d\u00edky \u010demu\u017e se skv\u011ble hod\u00ed jako obraz do ob\u00fdvac\u00edho pokoje, lo\u017enice, kancel\u00e1\u0159e, hotelu nebo elegantn\u00ed restaurace. Je to v\u00fdborn\u00e1 volba pro modern\u00ed, glamour, minimalistick\u00e9 i industri\u00e1ln\u00ed interi\u00e9ry. Pokud hled\u00e1te obraz na st\u011bnu, kter\u00fd spojuje m\u00f3dn\u00ed vzhled s nad\u010dasovou eleganc\u00ed, tento motiv bude v\u00fdjime\u010dn\u00fdm dopl\u0148kem va\u0161eho prostoru.<\/p>\n","protected":false},"excerpt":{"rendered":"<p>Obraz na pl\u00e1tn\u011b v odst\u00ednech zelen\u00e9, \u0161ed\u00e9 a \u010dern\u00e9 se zlat\u00fdmi detaily. Elegantn\u00ed abstraktn\u00ed dekorace do ob\u00fdvac\u00edho pokoje, lo\u017enice, kancel\u00e1\u0159e, hotelu nebo restaurace.<\/p>\n","protected":false},"featured_media":282213,"comment_status":"closed","ping_status":"closed","template":"","meta":[],"product_brand":[],"product_cat":[95,210,99,74,86,207,68,297,102,105,83,89],"product_tag":[702,698,186],"class_list":{"0":"post-304922","1":"product","2":"type-product","3":"status-publish","4":"has-post-thumbnail","6":"product_cat-abstraktni","7":"product_cat-geometricke","8":"product_cat-glamour-cs","9":"product_cat-hotel-cs","10":"product_cat-kancelar","11":"product_cat-konceptualni-umeni","12":"product_cat-loznice","13":"product_cat-malirsky","14":"product_cat-minimalisticky","15":"product_cat-moderni","16":"product_cat-obyvaci-pokoj","17":"product_cat-restaurace","18":"product_tag-horizontalni","19":"product_tag-moderni-obrazy","20":"product_tag-vicebarevny","21":"pa_size-finishing-30x20-standard-cs","22":"pa_size-finishing-30x20-na-italskem-platne","23":"pa_size-finishing-30x20-premium-print-cs","24":"pa_size-finishing-30x20-akusticky","25":"pa_size-finishing-60x40-standard-cs","26":"pa_size-finishing-60x40-na-italskem-platne","27":"pa_size-finishing-60x40-premium-print-cs","28":"pa_size-finishing-60x40-akusticky","29":"pa_size-finishing-60x40-v-prirodnim-drevenem-ramu","30":"pa_size-finishing-60x40-v-cernem-drevenem-ramu","31":"pa_size-finishing-90x60-standard-cs","32":"pa_size-finishing-90x60-na-italskem-platne","33":"pa_size-finishing-90x60-premium-print-cs","34":"pa_size-finishing-90x60-akusticky","35":"pa_size-finishing-90x60-v-prirodnim-drevenem-ramu","36":"pa_size-finishing-90x60-v-cernem-drevenem-ramu","37":"pa_size-finishing-120x80-standard-cs","38":"pa_size-finishing-120x80-na-italskem-platne","39":"pa_size-finishing-120x80-premium-print-cs","40":"pa_size-finishing-120x80-akusticky","41":"pa_size-finishing-120x80-v-prirodnim-drevenem-ramu","42":"pa_size-finishing-120x80-v-cernem-drevenem-ramu","44":"first","45":"instock","46":"purchasable","47":"product-type-variable","48":"has-default-attributes"},"aioseo_notices":[],"_links":{"self":[{"href":"https:\/\/interiorposter.com\/cs\/wp-json\/wp\/v2\/product\/304922","targetHints":{"allow":["GET"]}}],"collection":[{"href":"https:\/\/interiorposter.com\/cs\/wp-json\/wp\/v2\/product"}],"about":[{"href":"https:\/\/interiorposter.com\/cs\/wp-json\/wp\/v2\/types\/product"}],"replies":[{"embeddable":true,"href":"https:\/\/interiorposter.com\/cs\/wp-json\/wp\/v2\/comments?post=304922"}],"wp:featuredmedia":[{"embeddable":true,"href":"https:\/\/interiorposter.com\/cs\/wp-json\/wp\/v2\/media\/282213"}],"wp:attachment":[{"href":"https:\/\/interiorposter.com\/cs\/wp-json\/wp\/v2\/media?parent=304922"}],"wp:term":[{"taxonomy":"product_brand","embeddable":true,"href":"https:\/\/interiorposter.com\/cs\/wp-json\/wp\/v2\/product_brand?post=304922"},{"taxonomy":"product_cat","embeddable":true,"href":"https:\/\/interiorposter.com\/cs\/wp-json\/wp\/v2\/product_cat?post=304922"},{"taxonomy":"product_tag","embeddable":true,"href":"https:\/\/interiorposter.com\/cs\/wp-json\/wp\/v2\/product_tag?post=304922"}],"curies":[{"name":"wp","href":"https:\/\/api.w.org\/{rel}","templated":true}]}}