{"id":304840,"date":"2026-03-21T20:53:41","date_gmt":"2026-03-21T19:53:41","guid":{"rendered":"https:\/\/interiorposter.com\/product\/obraz-na-plotnie-ognista-abstrakcja-w-jasnych-tonach\/"},"modified":"2026-03-26T23:54:20","modified_gmt":"2026-03-26T22:54:20","slug":"obraz-na-plotnie-ognista-abstrakcja-w-jasnych-tonach","status":"publish","type":"product","link":"https:\/\/interiorposter.com\/cs\/product\/obraz-na-plotnie-ognista-abstrakcja-w-jasnych-tonach\/","title":{"rendered":"Obraz na pl\u00e1tn\u011b Ohniv\u00e1 abstrakce ve sv\u011btl\u00fdch t\u00f3nech"},"content":{"rendered":"<p>Tento obraz na pl\u00e1tn\u011b p\u0159itahuje pozornost expresivn\u00ed kompozic\u00ed, ve kter\u00e9 se z\u00e1\u0159iv\u00e9 b\u00e9\u017eov\u00e9 a kr\u00e9mov\u011b b\u00edl\u00e9 odst\u00edny setk\u00e1vaj\u00ed s intenzivn\u00edmi akcenty ohniv\u00e9 oran\u017eov\u00e9, \u010derven\u00e9 a hlubok\u00e9 \u010dern\u00e9. Mal\u00ed\u0159sk\u00e1 forma pln\u00e1 pohybu a emoc\u00ed dod\u00e1v\u00e1 interi\u00e9ru modern\u00ed a elegantn\u00ed charakter a z\u00e1rove\u0148 do n\u011bj vn\u00e1\u0161\u00ed energii a v\u00fdjime\u010dnou hloubku. Je to skv\u011bl\u00e1 volba do ob\u00fdvac\u00edho pokoje, lo\u017enice, kancel\u00e1\u0159e, hotelu nebo restaurace, kde se m\u016f\u017ee st\u00e1t v\u00fdrazn\u00fdm st\u0159edobodem prostoru. Sv\u011btl\u00e1 kontrastn\u00ed barevnost se skv\u011ble hod\u00ed do modern\u00edch, glamour, minimalistick\u00fdch i industri\u00e1ln\u00edch interi\u00e9r\u016f. Pokud hled\u00e1te obraz na st\u011bnu, kter\u00fd v\u00fdrazn\u011b podtrhne styl m\u00edstnosti a dod\u00e1 j\u00ed um\u011bleck\u00fd v\u00fdraz, tento motiv je v\u00fdbornou volbou.<\/p>\n","protected":false},"excerpt":{"rendered":"<p>Obraz na pl\u00e1tn\u011b ve sv\u011btl\u00fdch odst\u00ednech b\u00e9\u017eov\u00e9 a b\u00edl\u00e9 s ohniv\u00fdmi akcenty oran\u017eov\u00e9, \u010derven\u00e9 a \u010dern\u00e9. V\u00fdrazn\u00e1 dekorace do ob\u00fdvac\u00edho pokoje, lo\u017enice, kancel\u00e1\u0159e, hotelu nebo restaurace.<\/p>\n","protected":false},"featured_media":281509,"comment_status":"closed","ping_status":"closed","template":"","meta":[],"product_brand":[],"product_cat":[95,210,99,74,86,207,68,297,102,105,83,89],"product_tag":[702,698,186],"class_list":{"0":"post-304840","1":"product","2":"type-product","3":"status-publish","4":"has-post-thumbnail","6":"product_cat-abstraktni","7":"product_cat-geometricke","8":"product_cat-glamour-cs","9":"product_cat-hotel-cs","10":"product_cat-kancelar","11":"product_cat-konceptualni-umeni","12":"product_cat-loznice","13":"product_cat-malirsky","14":"product_cat-minimalisticky","15":"product_cat-moderni","16":"product_cat-obyvaci-pokoj","17":"product_cat-restaurace","18":"product_tag-horizontalni","19":"product_tag-moderni-obrazy","20":"product_tag-vicebarevny","21":"pa_size-finishing-30x20-standard-cs","22":"pa_size-finishing-30x20-na-ptnie-woskim-cs","23":"pa_size-finishing-30x20-premium-print-cs","24":"pa_size-finishing-30x20-akustyczny-cs","25":"pa_size-finishing-60x40-standard-cs","26":"pa_size-finishing-60x40-na-ptnie-woskim-cs","27":"pa_size-finishing-60x40-premium-print-cs","28":"pa_size-finishing-60x40-akustyczny-cs","29":"pa_size-finishing-60x40-w-ramie-drewnianej-naturalnej-cs","30":"pa_size-finishing-60x40-w-ramie-drewnianej-czarnej-cs","31":"pa_size-finishing-90x60-standard-cs","32":"pa_size-finishing-90x60-na-ptnie-woskim-cs","33":"pa_size-finishing-90x60-premium-print-cs","34":"pa_size-finishing-90x60-akustyczny-cs","35":"pa_size-finishing-90x60-w-ramie-drewnianej-naturalnej-cs","36":"pa_size-finishing-90x60-w-ramie-drewnianej-czarnej-cs","37":"pa_size-finishing-120x80-standard-cs","38":"pa_size-finishing-120x80-na-ptnie-woskim-cs","39":"pa_size-finishing-120x80-premium-print-cs","40":"pa_size-finishing-120x80-akustyczny-cs","41":"pa_size-finishing-120x80-w-ramie-drewnianej-naturalnej-cs","42":"pa_size-finishing-120x80-w-ramie-drewnianej-czarnej-cs","44":"first","45":"instock","46":"purchasable","47":"product-type-variable","48":"has-default-attributes"},"aioseo_notices":[],"_links":{"self":[{"href":"https:\/\/interiorposter.com\/cs\/wp-json\/wp\/v2\/product\/304840","targetHints":{"allow":["GET"]}}],"collection":[{"href":"https:\/\/interiorposter.com\/cs\/wp-json\/wp\/v2\/product"}],"about":[{"href":"https:\/\/interiorposter.com\/cs\/wp-json\/wp\/v2\/types\/product"}],"replies":[{"embeddable":true,"href":"https:\/\/interiorposter.com\/cs\/wp-json\/wp\/v2\/comments?post=304840"}],"wp:featuredmedia":[{"embeddable":true,"href":"https:\/\/interiorposter.com\/cs\/wp-json\/wp\/v2\/media\/281509"}],"wp:attachment":[{"href":"https:\/\/interiorposter.com\/cs\/wp-json\/wp\/v2\/media?parent=304840"}],"wp:term":[{"taxonomy":"product_brand","embeddable":true,"href":"https:\/\/interiorposter.com\/cs\/wp-json\/wp\/v2\/product_brand?post=304840"},{"taxonomy":"product_cat","embeddable":true,"href":"https:\/\/interiorposter.com\/cs\/wp-json\/wp\/v2\/product_cat?post=304840"},{"taxonomy":"product_tag","embeddable":true,"href":"https:\/\/interiorposter.com\/cs\/wp-json\/wp\/v2\/product_tag?post=304840"}],"curies":[{"name":"wp","href":"https:\/\/api.w.org\/{rel}","templated":true}]}}