{"id":304759,"date":"2026-03-21T20:49:09","date_gmt":"2026-03-21T19:49:09","guid":{"rendered":"https:\/\/interiorposter.com\/product\/obraz-na-plotnie-liliowa-geometria-na-sciane\/"},"modified":"2026-03-26T23:49:04","modified_gmt":"2026-03-26T22:49:04","slug":"obraz-na-plotnie-liliowa-geometria-na-sciane","status":"publish","type":"product","link":"https:\/\/interiorposter.com\/cs\/product\/obraz-na-plotnie-liliowa-geometria-na-sciane\/","title":{"rendered":"Obraz na pl\u00e1tn\u011b Lila geometrie na st\u011bnu"},"content":{"rendered":"<p>Tento obraz na pl\u00e1tn\u011b okouzl\u00ed jednoduchou a uspo\u0159\u00e1danou kompozic\u00ed, kter\u00e1 se skv\u011ble hod\u00ed do modern\u00edch interi\u00e9r\u016f. Jemn\u00fd lila odst\u00edn v kombinaci se sv\u011btlou s\u00edt\u00ed lini\u00ed vytv\u00e1\u0159\u00ed lehkou a harmonickou dekoraci, kter\u00e1 do prostoru vnese klid, sv\u011b\u017eest a vizu\u00e1ln\u00ed rovnov\u00e1hu. Je to skv\u011bl\u00e1 volba do ob\u00fdvac\u00edho pokoje, lo\u017enice, kancel\u00e1\u0159e, p\u0159eds\u00edn\u011b nebo hotelu, zejm\u00e9na tam, kde je d\u016fle\u017eit\u00e1 elegance a minimalistick\u00fd styl. Sv\u011btl\u00e1 pastelov\u00e1 barevnost nav\u00edc kr\u00e1sn\u011b prosv\u011btl\u00ed interi\u00e9r a snadno se kombinuje s dal\u0161\u00edmi dopl\u0148ky. Pokud hled\u00e1te obraz na st\u011bnu, kter\u00fd p\u016fsob\u00ed modern\u011b, esteticky a nad\u010dasov\u011b, tento motiv je v\u00fdbornou volbou.<\/p>\n","protected":false},"excerpt":{"rendered":"<p>Obraz na pl\u00e1tn\u011b s lila geometrickou kompozic\u00ed a sv\u011btlou m\u0159\u00ed\u017ekou. Minimalistick\u00e1 dekorace do ob\u00fdvac\u00edho pokoje, lo\u017enice, kancel\u00e1\u0159e, hotelu nebo p\u0159eds\u00edn\u011b.<\/p>\n","protected":false},"featured_media":281298,"comment_status":"closed","ping_status":"closed","template":"","meta":[],"product_brand":[],"product_cat":[210,74,289,86,68,102,105,83,71,111],"product_tag":[698,704,186],"class_list":{"0":"post-304759","1":"product","2":"type-product","3":"status-publish","4":"has-post-thumbnail","6":"product_cat-geometricke","7":"product_cat-hotel-cs","8":"product_cat-ilustrace","9":"product_cat-kancelar","10":"product_cat-loznice","11":"product_cat-minimalisticky","12":"product_cat-moderni","13":"product_cat-obyvaci-pokoj","14":"product_cat-predsin","15":"product_cat-skandinavsky","16":"product_tag-moderni-obrazy","17":"product_tag-vertikalni","18":"product_tag-vicebarevny","19":"pa_size-finishing-20x30-standard-cs","20":"pa_size-finishing-20x30-na-italskem-platne","21":"pa_size-finishing-20x30-premium-print-cs","22":"pa_size-finishing-20x30-akusticky","23":"pa_size-finishing-40x60-standard-cs","24":"pa_size-finishing-40x60-na-italskem-platne","25":"pa_size-finishing-40x60-premium-print-cs","26":"pa_size-finishing-40x60-acoustic-cs","27":"pa_size-finishing-40x60-w-ramie-drewnianej-naturalnej-cs","28":"pa_size-finishing-40x60-v-cernem-drevenem-ramu","29":"pa_size-finishing-60x90-standard-cs","30":"pa_size-finishing-60x90-na-italskem-platne","31":"pa_size-finishing-60x90-premium-print-cs","32":"pa_size-finishing-60x90-akustyczny-cs","33":"pa_size-finishing-60x90-v-prirodnim-drevenem-ramu","34":"pa_size-finishing-60x90-v-cernem-drevenem-ramu","35":"pa_size-finishing-80x120-standard-cs","36":"pa_size-finishing-80x120-na-italskem-platne","37":"pa_size-finishing-80x120-premium-print-cs","38":"pa_size-finishing-80x120-akustyczny-cs","39":"pa_size-finishing-80x120-v-prirodnim-drevenem-ramu","40":"pa_size-finishing-80x120-v-cernem-drevenem-ramu","42":"first","43":"instock","44":"purchasable","45":"product-type-variable","46":"has-default-attributes"},"aioseo_notices":[],"_links":{"self":[{"href":"https:\/\/interiorposter.com\/cs\/wp-json\/wp\/v2\/product\/304759","targetHints":{"allow":["GET"]}}],"collection":[{"href":"https:\/\/interiorposter.com\/cs\/wp-json\/wp\/v2\/product"}],"about":[{"href":"https:\/\/interiorposter.com\/cs\/wp-json\/wp\/v2\/types\/product"}],"replies":[{"embeddable":true,"href":"https:\/\/interiorposter.com\/cs\/wp-json\/wp\/v2\/comments?post=304759"}],"wp:featuredmedia":[{"embeddable":true,"href":"https:\/\/interiorposter.com\/cs\/wp-json\/wp\/v2\/media\/281298"}],"wp:attachment":[{"href":"https:\/\/interiorposter.com\/cs\/wp-json\/wp\/v2\/media?parent=304759"}],"wp:term":[{"taxonomy":"product_brand","embeddable":true,"href":"https:\/\/interiorposter.com\/cs\/wp-json\/wp\/v2\/product_brand?post=304759"},{"taxonomy":"product_cat","embeddable":true,"href":"https:\/\/interiorposter.com\/cs\/wp-json\/wp\/v2\/product_cat?post=304759"},{"taxonomy":"product_tag","embeddable":true,"href":"https:\/\/interiorposter.com\/cs\/wp-json\/wp\/v2\/product_tag?post=304759"}],"curies":[{"name":"wp","href":"https:\/\/api.w.org\/{rel}","templated":true}]}}