{"id":304678,"date":"2026-03-21T00:38:29","date_gmt":"2026-03-20T23:38:29","guid":{"rendered":"https:\/\/interiorposter.com\/product\/obraz-na-plotnie-abstrakcja-w-zlocie-i-burgundzie\/"},"modified":"2026-03-26T23:42:11","modified_gmt":"2026-03-26T22:42:11","slug":"obraz-na-plotnie-abstrakcja-w-zlocie-i-burgundzie","status":"publish","type":"product","link":"https:\/\/interiorposter.com\/cs\/product\/obraz-na-plotnie-abstrakcja-w-zlocie-i-burgundzie\/","title":{"rendered":"Obraz na pl\u00e1tn\u011b Abstrakce ve zlat\u00e9 a v\u00ednov\u00e9"},"content":{"rendered":"<p>Tento obraz na pl\u00e1tn\u011b zaujme elegantn\u00ed abstraktn\u00ed kompozic\u00ed, ve kter\u00e9 tepl\u00e9 odst\u00edny v\u00ednov\u00e9, zlat\u00e9, b\u00e9\u017eov\u00e9 a \u0161ed\u00e9 vytv\u00e1\u0159ej\u00ed vyt\u0159\u00edben\u00fd efekt pln\u00fd hloubky. Dynamick\u00e1 forma inspirovan\u00e1 strukturou a pohybem \u010din\u00ed z t\u00e9to dekorace v\u00fdrazn\u00fd prvek, kter\u00fd z\u00e1rove\u0148 harmonicky dopl\u0148uje interi\u00e9r. Je to skv\u011bl\u00e1 volba do ob\u00fdvac\u00edho pokoje, lo\u017enice, kancel\u00e1\u0159e, hotelu nebo p\u0159eds\u00edn\u011b, kde dod\u00e1 prostoru eleganci, \u00fatulnost a modern\u00ed charakter. V\u00fdborn\u011b se hod\u00ed do modern\u00edch, minimalistick\u00fdch, glamour i industri\u00e1ln\u00edch interi\u00e9r\u016f. Pokud hled\u00e1te obraz na st\u011bnu, kter\u00fd p\u0159inese eleganci a v\u00fdrazn\u00fd barevn\u00fd akcent bez p\u0159ehnanosti, tento motiv je skv\u011blou volbou.<\/p>\n","protected":false},"excerpt":{"rendered":"<p>Obraz na pl\u00e1tn\u011b v odst\u00ednech zlat\u00e9, v\u00ednov\u00e9, b\u00e9\u017eov\u00e9 a \u0161ed\u00e9. Modern\u00ed abstraktn\u00ed dekorace do ob\u00fdvac\u00edho pokoje, lo\u017enice, kancel\u00e1\u0159e, hotelu nebo p\u0159eds\u00edn\u011b.<\/p>\n","protected":false},"featured_media":277006,"comment_status":"closed","ping_status":"closed","template":"","meta":[],"product_brand":[],"product_cat":[95,210,99,74,86,207,68,297,102,105,83,71],"product_tag":[698,704,186],"class_list":{"0":"post-304678","1":"product","2":"type-product","3":"status-publish","4":"has-post-thumbnail","6":"product_cat-abstraktni","7":"product_cat-geometricke","8":"product_cat-glamour-cs","9":"product_cat-hotel-cs","10":"product_cat-kancelar","11":"product_cat-konceptualni-umeni","12":"product_cat-loznice","13":"product_cat-malirsky","14":"product_cat-minimalisticky","15":"product_cat-moderni","16":"product_cat-obyvaci-pokoj","17":"product_cat-predsin","18":"product_tag-moderni-obrazy","19":"product_tag-vertikalni","20":"product_tag-vicebarevny","21":"pa_size-finishing-20x30-standard-cs","22":"pa_size-finishing-20x30-na-italskem-platne","23":"pa_size-finishing-20x30-premium-print-cs","24":"pa_size-finishing-20x30-akusticky","25":"pa_size-finishing-40x60-standard-cs","26":"pa_size-finishing-40x60-na-italskem-platne","27":"pa_size-finishing-40x60-premium-print-cs","28":"pa_size-finishing-40x60-acoustic-cs","29":"pa_size-finishing-40x60-w-ramie-drewnianej-naturalnej-cs","30":"pa_size-finishing-40x60-v-cernem-drevenem-ramu","31":"pa_size-finishing-60x90-standard-cs","32":"pa_size-finishing-60x90-na-italskem-platne","33":"pa_size-finishing-60x90-premium-print-cs","34":"pa_size-finishing-60x90-akustyczny-cs","35":"pa_size-finishing-60x90-v-prirodnim-drevenem-ramu","36":"pa_size-finishing-60x90-v-cernem-drevenem-ramu","37":"pa_size-finishing-80x120-standard-cs","38":"pa_size-finishing-80x120-na-italskem-platne","39":"pa_size-finishing-80x120-premium-print-cs","40":"pa_size-finishing-80x120-akustyczny-cs","41":"pa_size-finishing-80x120-v-prirodnim-drevenem-ramu","42":"pa_size-finishing-80x120-v-cernem-drevenem-ramu","44":"first","45":"instock","46":"purchasable","47":"product-type-variable","48":"has-default-attributes"},"aioseo_notices":[],"_links":{"self":[{"href":"https:\/\/interiorposter.com\/cs\/wp-json\/wp\/v2\/product\/304678","targetHints":{"allow":["GET"]}}],"collection":[{"href":"https:\/\/interiorposter.com\/cs\/wp-json\/wp\/v2\/product"}],"about":[{"href":"https:\/\/interiorposter.com\/cs\/wp-json\/wp\/v2\/types\/product"}],"replies":[{"embeddable":true,"href":"https:\/\/interiorposter.com\/cs\/wp-json\/wp\/v2\/comments?post=304678"}],"wp:featuredmedia":[{"embeddable":true,"href":"https:\/\/interiorposter.com\/cs\/wp-json\/wp\/v2\/media\/277006"}],"wp:attachment":[{"href":"https:\/\/interiorposter.com\/cs\/wp-json\/wp\/v2\/media?parent=304678"}],"wp:term":[{"taxonomy":"product_brand","embeddable":true,"href":"https:\/\/interiorposter.com\/cs\/wp-json\/wp\/v2\/product_brand?post=304678"},{"taxonomy":"product_cat","embeddable":true,"href":"https:\/\/interiorposter.com\/cs\/wp-json\/wp\/v2\/product_cat?post=304678"},{"taxonomy":"product_tag","embeddable":true,"href":"https:\/\/interiorposter.com\/cs\/wp-json\/wp\/v2\/product_tag?post=304678"}],"curies":[{"name":"wp","href":"https:\/\/api.w.org\/{rel}","templated":true}]}}