{"id":304594,"date":"2026-03-21T00:21:29","date_gmt":"2026-03-20T23:21:29","guid":{"rendered":"https:\/\/interiorposter.com\/product\/obraz-na-plotnie-mglisty-pejzaz-o-swicie\/"},"modified":"2026-03-26T23:33:15","modified_gmt":"2026-03-26T22:33:15","slug":"obraz-na-plotnie-mglisty-pejzaz-o-swicie","status":"publish","type":"product","link":"https:\/\/interiorposter.com\/cs\/product\/obraz-na-plotnie-mglisty-pejzaz-o-swicie\/","title":{"rendered":"Obraz na pl\u00e1tn\u011b Ml\u017en\u00e1 krajina za sv\u00edt\u00e1n\u00ed"},"content":{"rendered":"<p>Tento obraz na pl\u00e1tn\u011b okouzl\u00ed jemnou mal\u00ed\u0159skou kompozic\u00ed inspirovanou klidem p\u0159\u00edrody. Rozost\u0159en\u00e9 tvary, decentn\u00ed siluety pt\u00e1k\u016f a tepl\u00e9 odlesky zlat\u00e9 a b\u00e9\u017eov\u00e9 vytv\u00e1\u0159ej\u00ed mimo\u0159\u00e1dn\u011b harmonickou dekoraci, kter\u00e1 do interi\u00e9ru vnese lehkost, ticho a elegantn\u00ed atmosf\u00e9ru. Sv\u011btl\u00e1 pastelov\u00e1 barevnost kr\u00e1sn\u011b prosv\u011btl\u00ed prostor a skv\u011ble dopln\u00ed ob\u00fdvac\u00ed pokoj, lo\u017enici, kancel\u00e1\u0159, hotel nebo p\u0159eds\u00ed\u0148. Je to v\u00fdborn\u00e1 volba pro ty, kte\u0159\u00ed maj\u00ed r\u00e1di modern\u00ed obrazy do ob\u00fdvac\u00edho pokoje a z\u00e1rove\u0148 hledaj\u00ed dekoraci plnou jemnosti a emoc\u00ed. Tento obraz na st\u011bnu pom\u00e1h\u00e1 vytvo\u0159it interi\u00e9r, kter\u00fd vyb\u00edz\u00ed k relaxaci a ka\u017edodenn\u00edmu zklidn\u011bn\u00ed.<\/p>\n","protected":false},"excerpt":{"rendered":"<p>Obraz na pl\u00e1tn\u011b s ml\u017enou krajinou a pt\u00e1ky v b\u00e9\u017eovo zlat\u00fdch t\u00f3nech. Jemn\u00e1 dekorace do ob\u00fdvac\u00edho pokoje, lo\u017enice, kancel\u00e1\u0159e, hotelu nebo p\u0159eds\u00edn\u011b.<\/p>\n","protected":false},"featured_media":273691,"comment_status":"closed","ping_status":"closed","template":"","meta":[],"product_brand":[],"product_cat":[95,74,289,86,207,135,68,297,102,105,83,71,111],"product_tag":[698,704,186],"class_list":{"0":"post-304594","1":"product","2":"type-product","3":"status-publish","4":"has-post-thumbnail","6":"product_cat-abstraktni","7":"product_cat-hotel-cs","8":"product_cat-ilustrace","9":"product_cat-kancelar","10":"product_cat-konceptualni-umeni","11":"product_cat-krajiny","12":"product_cat-loznice","13":"product_cat-malirsky","14":"product_cat-minimalisticky","15":"product_cat-moderni","16":"product_cat-obyvaci-pokoj","17":"product_cat-predsin","18":"product_cat-skandinavsky","19":"product_tag-moderni-obrazy","20":"product_tag-vertikalni","21":"product_tag-vicebarevny","22":"pa_size-finishing-20x30-standard-cs","23":"pa_size-finishing-20x30-na-ptnie-woskim-cs","24":"pa_size-finishing-20x30-premium-print-cs","25":"pa_size-finishing-20x30-akustyczny-cs","26":"pa_size-finishing-40x60-standard-cs","27":"pa_size-finishing-40x60-na-ptnie-woskim-cs","28":"pa_size-finishing-40x60-premium-print-cs","29":"pa_size-finishing-40x60-akustyczny-cs","30":"pa_size-finishing-40x60-w-ramie-drewnianej-naturalnej-cs","31":"pa_size-finishing-40x60-w-ramie-drewnianej-czarnej-cs","32":"pa_size-finishing-60x90-standard-cs","33":"pa_size-finishing-60x90-na-ptnie-woskim-cs","34":"pa_size-finishing-60x90-premium-print-cs","35":"pa_size-finishing-60x90-akustyczny-cs","36":"pa_size-finishing-60x90-w-ramie-drewnianej-naturalnej-cs","37":"pa_size-finishing-60x90-w-ramie-drewnianej-czarnej-cs","38":"pa_size-finishing-80x120-standard-cs","39":"pa_size-finishing-80x120-na-ptnie-woskim-cs","40":"pa_size-finishing-80x120-premium-print-cs","41":"pa_size-finishing-80x120-akustyczny-cs","42":"pa_size-finishing-80x120-w-ramie-drewnianej-naturalnej-cs","43":"pa_size-finishing-80x120-w-ramie-drewnianej-czarnej-cs","45":"first","46":"instock","47":"purchasable","48":"product-type-variable","49":"has-default-attributes"},"aioseo_notices":[],"_links":{"self":[{"href":"https:\/\/interiorposter.com\/cs\/wp-json\/wp\/v2\/product\/304594","targetHints":{"allow":["GET"]}}],"collection":[{"href":"https:\/\/interiorposter.com\/cs\/wp-json\/wp\/v2\/product"}],"about":[{"href":"https:\/\/interiorposter.com\/cs\/wp-json\/wp\/v2\/types\/product"}],"replies":[{"embeddable":true,"href":"https:\/\/interiorposter.com\/cs\/wp-json\/wp\/v2\/comments?post=304594"}],"wp:featuredmedia":[{"embeddable":true,"href":"https:\/\/interiorposter.com\/cs\/wp-json\/wp\/v2\/media\/273691"}],"wp:attachment":[{"href":"https:\/\/interiorposter.com\/cs\/wp-json\/wp\/v2\/media?parent=304594"}],"wp:term":[{"taxonomy":"product_brand","embeddable":true,"href":"https:\/\/interiorposter.com\/cs\/wp-json\/wp\/v2\/product_brand?post=304594"},{"taxonomy":"product_cat","embeddable":true,"href":"https:\/\/interiorposter.com\/cs\/wp-json\/wp\/v2\/product_cat?post=304594"},{"taxonomy":"product_tag","embeddable":true,"href":"https:\/\/interiorposter.com\/cs\/wp-json\/wp\/v2\/product_tag?post=304594"}],"curies":[{"name":"wp","href":"https:\/\/api.w.org\/{rel}","templated":true}]}}