{"id":304511,"date":"2026-03-21T00:16:46","date_gmt":"2026-03-20T23:16:46","guid":{"rendered":"https:\/\/interiorposter.com\/product\/obraz-na-plotnie-gory-w-blasku-miedzianego-slonca\/"},"modified":"2026-03-26T23:23:02","modified_gmt":"2026-03-26T22:23:02","slug":"obraz-na-plotnie-gory-w-blasku-miedzianego-slonca","status":"publish","type":"product","link":"https:\/\/interiorposter.com\/cs\/product\/obraz-na-plotnie-gory-w-blasku-miedzianego-slonca\/","title":{"rendered":"Obraz na pl\u00e1tn\u011b Hory v z\u00e1\u0159i m\u011bd\u011bn\u00e9ho slunce"},"content":{"rendered":"<p>Tento obraz na pl\u00e1tn\u011b zaujme p\u016fsobivou kompozic\u00ed, ve kter\u00e9 se tmav\u00e9 pozad\u00ed, hlubok\u00fd tyrkys a jemn\u00e9 zlat\u00e9 linie spojuj\u00ed s teplou z\u00e1\u0159\u00ed m\u011bd\u011bn\u00e9ho slunce. Stylizovan\u00e1 horsk\u00e1 krajina p\u0159itahuje pozornost eleganc\u00ed a modern\u00edm charakterem a vytv\u00e1\u0159\u00ed dekoraci plnou klidu, tajemna a vyt\u0159\u00edben\u00e9 atmosf\u00e9ry. Je ide\u00e1ln\u00ed do ob\u00fdvac\u00edho pokoje, lo\u017enice, kancel\u00e1\u0159e, hotelu nebo restaurace, kde podtrhne styl interi\u00e9ru a dod\u00e1 mu v\u00fdjime\u010dnou hloubku. Skv\u011ble se hod\u00ed do modern\u00edch, minimalistick\u00fdch, industri\u00e1ln\u00edch i glamour interi\u00e9r\u016f. Pokud hled\u00e1te obraz na st\u011bnu, kter\u00fd upout\u00e1 a vytvo\u0159\u00ed jedine\u010dnou atmosf\u00e9ru, tento motiv je skv\u011blou volbou.<\/p>\n","protected":false},"excerpt":{"rendered":"<p>Obraz na pl\u00e1tn\u011b s horskou krajinou, m\u011bd\u011bn\u00fdm sluncem a zlat\u00fdmi liniemi. Stylov\u00e1 dekorace do ob\u00fdvac\u00edho pokoje, lo\u017enice, kancel\u00e1\u0159e, hotelu nebo restaurace.<\/p>\n","protected":false},"featured_media":272668,"comment_status":"closed","ping_status":"closed","template":"","meta":[],"product_brand":[],"product_cat":[95,210,99,74,86,207,135,68,297,102,105,265,83,89],"product_tag":[702,698,271,186],"class_list":{"0":"post-304511","1":"product","2":"type-product","3":"status-publish","4":"has-post-thumbnail","6":"product_cat-abstraktni","7":"product_cat-geometricke","8":"product_cat-glamour-cs","9":"product_cat-hotel-cs","10":"product_cat-kancelar","11":"product_cat-konceptualni-umeni","12":"product_cat-krajiny","13":"product_cat-loznice","14":"product_cat-malirsky","15":"product_cat-minimalisticky","16":"product_cat-moderni","17":"product_cat-nocni","18":"product_cat-obyvaci-pokoj","19":"product_cat-restaurace","20":"product_tag-horizontalni","21":"product_tag-moderni-obrazy","22":"product_tag-tmave","23":"product_tag-vicebarevny","24":"pa_size-finishing-30x20-standard-cs","25":"pa_size-finishing-30x20-na-ptnie-woskim-cs","26":"pa_size-finishing-30x20-premium-print-cs","27":"pa_size-finishing-30x20-akustyczny-cs","28":"pa_size-finishing-60x40-standard-cs","29":"pa_size-finishing-60x40-na-ptnie-woskim-cs","30":"pa_size-finishing-60x40-premium-print-cs","31":"pa_size-finishing-60x40-akustyczny-cs","32":"pa_size-finishing-60x40-w-ramie-drewnianej-naturalnej-cs","33":"pa_size-finishing-60x40-w-ramie-drewnianej-czarnej-cs","34":"pa_size-finishing-90x60-standard-cs","35":"pa_size-finishing-90x60-na-ptnie-woskim-cs","36":"pa_size-finishing-90x60-premium-print-cs","37":"pa_size-finishing-90x60-akustyczny-cs","38":"pa_size-finishing-90x60-w-ramie-drewnianej-naturalnej-cs","39":"pa_size-finishing-90x60-w-ramie-drewnianej-czarnej-cs","40":"pa_size-finishing-120x80-standard-cs","41":"pa_size-finishing-120x80-na-ptnie-woskim-cs","42":"pa_size-finishing-120x80-premium-print-cs","43":"pa_size-finishing-120x80-akustyczny-cs","44":"pa_size-finishing-120x80-w-ramie-drewnianej-naturalnej-cs","45":"pa_size-finishing-120x80-w-ramie-drewnianej-czarnej-cs","47":"first","48":"instock","49":"purchasable","50":"product-type-variable","51":"has-default-attributes"},"aioseo_notices":[],"_links":{"self":[{"href":"https:\/\/interiorposter.com\/cs\/wp-json\/wp\/v2\/product\/304511","targetHints":{"allow":["GET"]}}],"collection":[{"href":"https:\/\/interiorposter.com\/cs\/wp-json\/wp\/v2\/product"}],"about":[{"href":"https:\/\/interiorposter.com\/cs\/wp-json\/wp\/v2\/types\/product"}],"replies":[{"embeddable":true,"href":"https:\/\/interiorposter.com\/cs\/wp-json\/wp\/v2\/comments?post=304511"}],"wp:featuredmedia":[{"embeddable":true,"href":"https:\/\/interiorposter.com\/cs\/wp-json\/wp\/v2\/media\/272668"}],"wp:attachment":[{"href":"https:\/\/interiorposter.com\/cs\/wp-json\/wp\/v2\/media?parent=304511"}],"wp:term":[{"taxonomy":"product_brand","embeddable":true,"href":"https:\/\/interiorposter.com\/cs\/wp-json\/wp\/v2\/product_brand?post=304511"},{"taxonomy":"product_cat","embeddable":true,"href":"https:\/\/interiorposter.com\/cs\/wp-json\/wp\/v2\/product_cat?post=304511"},{"taxonomy":"product_tag","embeddable":true,"href":"https:\/\/interiorposter.com\/cs\/wp-json\/wp\/v2\/product_tag?post=304511"}],"curies":[{"name":"wp","href":"https:\/\/api.w.org\/{rel}","templated":true}]}}