{"id":304342,"date":"2026-03-20T23:58:46","date_gmt":"2026-03-20T22:58:46","guid":{"rendered":"https:\/\/interiorposter.com\/product\/obraz-na-plotnie-biale-drzewo-kwiatow-ze-zlotym-akcentem\/"},"modified":"2026-03-23T01:14:22","modified_gmt":"2026-03-23T00:14:22","slug":"obraz-na-plotnie-biale-drzewo-kwiatow-ze-zlotym-akcentem","status":"publish","type":"product","link":"https:\/\/interiorposter.com\/cs\/product\/obraz-na-plotnie-biale-drzewo-kwiatow-ze-zlotym-akcentem\/","title":{"rendered":"Obraz na pl\u00e1tn\u011b B\u00edl\u00fd strom kv\u011bt\u016f se zlat\u00fdm akcentem"},"content":{"rendered":"<p>Tento elegantn\u00ed obraz na pl\u00e1tn\u011b s motivem rozkvetl\u00e9ho stromu okouzl\u00ed dekorativn\u00ed formou a jemn\u00fdm luxusn\u00edm proveden\u00edm. Delik\u00e1tn\u00ed b\u00edl\u00e9 kv\u011bty v kombinaci se zlat\u00fdm kmenem vytv\u00e1\u0159ej\u00ed harmonickou kompozici plnou lehkosti, sv\u011b\u017eesti a vyt\u0159\u00edben\u00e9ho p\u016fvabu. Sv\u011btl\u00e1 barevnost zalo\u017een\u00e1 na b\u00edl\u00e9, kr\u00e9mov\u00fdch t\u00f3nech a zlat\u00fdch detailech kr\u00e1sn\u011b projasn\u00ed interi\u00e9r a dod\u00e1 mu t\u0159\u00eddu i klidnou eleganci. Tento obraz na st\u011bnu se skv\u011ble hod\u00ed do ob\u00fdvac\u00edho pokoje, lo\u017enice, hotelu, p\u0159eds\u00edn\u011b nebo stylov\u00e9 kancel\u00e1\u0159e a podtrhuje charakter modern\u00edch, glamour a jemn\u011b luxusn\u00edch interi\u00e9r\u016f.<\/p>\n","protected":false},"excerpt":{"rendered":"<p>Stylov\u00fd obraz na pl\u00e1tn\u011b s b\u00edl\u00fdm stromem kv\u011bt\u016f a zlat\u00fdm akcentem vnese do interi\u00e9ru eleganci, lehkost a sv\u011btl\u00fd luxusn\u00ed charakter.<\/p>\n","protected":false},"featured_media":269125,"comment_status":"closed","ping_status":"closed","template":"","meta":[],"product_brand":[],"product_cat":[99,74,86,68,297,105,83,71,123],"product_tag":[702,698,1304,274,186],"class_list":{"0":"post-304342","1":"product","2":"type-product","3":"status-publish","4":"has-post-thumbnail","6":"product_cat-glamour-cs","7":"product_cat-hotel-cs","8":"product_cat-kancelar","9":"product_cat-loznice","10":"product_cat-malirsky","11":"product_cat-moderni","12":"product_cat-obyvaci-pokoj","13":"product_cat-predsin","14":"product_cat-rostliny-a-kvetiny","15":"product_tag-horizontalni","16":"product_tag-moderni-obrazy","17":"product_tag-strom","18":"product_tag-svetle","19":"product_tag-vicebarevny","20":"pa_size-finishing-30x20-standard-cs","21":"pa_size-finishing-30x20-na-italskem-platne","22":"pa_size-finishing-30x20-premium-print-cs","23":"pa_size-finishing-30x20-akusticky","24":"pa_size-finishing-60x40-standard-cs","25":"pa_size-finishing-60x40-na-italskem-platne","26":"pa_size-finishing-60x40-premium-print-cs","27":"pa_size-finishing-60x40-akusticky","28":"pa_size-finishing-60x40-v-prirodnim-drevenem-ramu","29":"pa_size-finishing-60x40-v-cernem-drevenem-ramu","30":"pa_size-finishing-90x60-standard-cs","31":"pa_size-finishing-90x60-na-italskem-platne","32":"pa_size-finishing-90x60-premium-print-cs","33":"pa_size-finishing-90x60-akusticky","34":"pa_size-finishing-90x60-v-prirodnim-drevenem-ramu","35":"pa_size-finishing-90x60-v-cernem-drevenem-ramu","36":"pa_size-finishing-120x80-standard-cs","37":"pa_size-finishing-120x80-na-italskem-platne","38":"pa_size-finishing-120x80-premium-print-cs","39":"pa_size-finishing-120x80-akusticky","40":"pa_size-finishing-120x80-v-prirodnim-drevenem-ramu","41":"pa_size-finishing-120x80-v-cernem-drevenem-ramu","43":"first","44":"instock","45":"purchasable","46":"product-type-variable","47":"has-default-attributes"},"aioseo_notices":[],"_links":{"self":[{"href":"https:\/\/interiorposter.com\/cs\/wp-json\/wp\/v2\/product\/304342","targetHints":{"allow":["GET"]}}],"collection":[{"href":"https:\/\/interiorposter.com\/cs\/wp-json\/wp\/v2\/product"}],"about":[{"href":"https:\/\/interiorposter.com\/cs\/wp-json\/wp\/v2\/types\/product"}],"replies":[{"embeddable":true,"href":"https:\/\/interiorposter.com\/cs\/wp-json\/wp\/v2\/comments?post=304342"}],"wp:featuredmedia":[{"embeddable":true,"href":"https:\/\/interiorposter.com\/cs\/wp-json\/wp\/v2\/media\/269125"}],"wp:attachment":[{"href":"https:\/\/interiorposter.com\/cs\/wp-json\/wp\/v2\/media?parent=304342"}],"wp:term":[{"taxonomy":"product_brand","embeddable":true,"href":"https:\/\/interiorposter.com\/cs\/wp-json\/wp\/v2\/product_brand?post=304342"},{"taxonomy":"product_cat","embeddable":true,"href":"https:\/\/interiorposter.com\/cs\/wp-json\/wp\/v2\/product_cat?post=304342"},{"taxonomy":"product_tag","embeddable":true,"href":"https:\/\/interiorposter.com\/cs\/wp-json\/wp\/v2\/product_tag?post=304342"}],"curies":[{"name":"wp","href":"https:\/\/api.w.org\/{rel}","templated":true}]}}