{"id":304262,"date":"2026-03-21T00:01:10","date_gmt":"2026-03-20T23:01:10","guid":{"rendered":"https:\/\/interiorposter.com\/product\/obraz-na-plotnie-szkic-drzew-w-czarno-bialej-tonacji\/"},"modified":"2026-03-23T01:09:59","modified_gmt":"2026-03-23T00:09:59","slug":"obraz-na-plotnie-szkic-drzew-w-czarno-bialej-tonacji","status":"publish","type":"product","link":"https:\/\/interiorposter.com\/cs\/product\/obraz-na-plotnie-szkic-drzew-w-czarno-bialej-tonacji\/","title":{"rendered":"Obraz na pl\u00e1tn\u011b Skica strom\u016f v \u010dernob\u00edl\u00fdch t\u00f3nech"},"content":{"rendered":"<p>Tento jemn\u00fd obraz na pl\u00e1tn\u011b s motivem \u0161t\u00edhl\u00fdch strom\u016f okouzl\u00ed lehkost\u00ed formy a elegantn\u00ed jednoduchost\u00ed. Delik\u00e1tn\u00ed skicov\u00e9 linie a tlumen\u00e1 paleta b\u00edl\u00e9, \u0161ed\u00e9 a kou\u0159ov\u011b \u010dern\u00e9 vytv\u00e1\u0159ej\u00ed kompozici plnou klidu, harmonie a modern\u00edho v\u00fdrazu. Tento obraz na st\u011bnu se kr\u00e1sn\u011b hod\u00ed do ob\u00fdvac\u00edho pokoje, lo\u017enice, kancel\u00e1\u0159e, hotelu nebo p\u0159eds\u00edn\u011b a dokonale podtrhuje charakter minimalistick\u00fdch, skandin\u00e1vsk\u00fdch a modern\u00edch interi\u00e9r\u016f. Je ide\u00e1ln\u00ed volbou pro ty, kte\u0159\u00ed hledaj\u00ed dekoraci s atmosf\u00e9rou, kter\u00e1 do prostoru vnese lehkost, zklidn\u011bn\u00ed a nad\u010dasovou eleganci.<\/p>\n","protected":false},"excerpt":{"rendered":"<p>Jemn\u00fd obraz na pl\u00e1tn\u011b se skicov\u00fdm motivem strom\u016f v b\u00edlo \u0161ed\u00fdch t\u00f3nech vnese do interi\u00e9ru klid, lehkost a modern\u00ed eleganci.<\/p>\n","protected":false},"featured_media":269328,"comment_status":"closed","ping_status":"closed","template":"","meta":[],"product_brand":[],"product_cat":[74,86,65,135,68,297,102,105,83,71,89,111],"product_tag":[698,180,1304,274,704],"class_list":{"0":"post-304262","1":"product","2":"type-product","3":"status-publish","4":"has-post-thumbnail","6":"product_cat-hotel-cs","7":"product_cat-kancelar","8":"product_cat-koupelna","9":"product_cat-krajiny","10":"product_cat-loznice","11":"product_cat-malirsky","12":"product_cat-minimalisticky","13":"product_cat-moderni","14":"product_cat-obyvaci-pokoj","15":"product_cat-predsin","16":"product_cat-restaurace","17":"product_cat-skandinavsky","18":"product_tag-moderni-obrazy","19":"product_tag-seda","20":"product_tag-strom","21":"product_tag-svetle","22":"product_tag-vertikalni","23":"pa_size-finishing-20x30-standard-cs","24":"pa_size-finishing-20x30-na-italskem-platne","25":"pa_size-finishing-20x30-premium-print-cs","26":"pa_size-finishing-20x30-akusticky","27":"pa_size-finishing-40x60-standard-cs","28":"pa_size-finishing-40x60-na-italskem-platne","29":"pa_size-finishing-40x60-premium-print-cs","30":"pa_size-finishing-40x60-acoustic-cs","31":"pa_size-finishing-40x60-w-ramie-drewnianej-naturalnej-cs","32":"pa_size-finishing-40x60-v-cernem-drevenem-ramu","33":"pa_size-finishing-60x90-standard-cs","34":"pa_size-finishing-60x90-na-italskem-platne","35":"pa_size-finishing-60x90-premium-print-cs","36":"pa_size-finishing-60x90-akustyczny-cs","37":"pa_size-finishing-60x90-v-prirodnim-drevenem-ramu","38":"pa_size-finishing-60x90-v-cernem-drevenem-ramu","39":"pa_size-finishing-80x120-standard-cs","40":"pa_size-finishing-80x120-na-italskem-platne","41":"pa_size-finishing-80x120-premium-print-cs","42":"pa_size-finishing-80x120-akustyczny-cs","43":"pa_size-finishing-80x120-v-prirodnim-drevenem-ramu","44":"pa_size-finishing-80x120-v-cernem-drevenem-ramu","46":"first","47":"instock","48":"purchasable","49":"product-type-variable","50":"has-default-attributes"},"aioseo_notices":[],"_links":{"self":[{"href":"https:\/\/interiorposter.com\/cs\/wp-json\/wp\/v2\/product\/304262","targetHints":{"allow":["GET"]}}],"collection":[{"href":"https:\/\/interiorposter.com\/cs\/wp-json\/wp\/v2\/product"}],"about":[{"href":"https:\/\/interiorposter.com\/cs\/wp-json\/wp\/v2\/types\/product"}],"replies":[{"embeddable":true,"href":"https:\/\/interiorposter.com\/cs\/wp-json\/wp\/v2\/comments?post=304262"}],"wp:featuredmedia":[{"embeddable":true,"href":"https:\/\/interiorposter.com\/cs\/wp-json\/wp\/v2\/media\/269328"}],"wp:attachment":[{"href":"https:\/\/interiorposter.com\/cs\/wp-json\/wp\/v2\/media?parent=304262"}],"wp:term":[{"taxonomy":"product_brand","embeddable":true,"href":"https:\/\/interiorposter.com\/cs\/wp-json\/wp\/v2\/product_brand?post=304262"},{"taxonomy":"product_cat","embeddable":true,"href":"https:\/\/interiorposter.com\/cs\/wp-json\/wp\/v2\/product_cat?post=304262"},{"taxonomy":"product_tag","embeddable":true,"href":"https:\/\/interiorposter.com\/cs\/wp-json\/wp\/v2\/product_tag?post=304262"}],"curies":[{"name":"wp","href":"https:\/\/api.w.org\/{rel}","templated":true}]}}