{"id":304179,"date":"2026-03-15T23:04:33","date_gmt":"2026-03-15T22:04:33","guid":{"rendered":"https:\/\/interiorposter.com\/product\/obraz-na-plotnie-drzewo-w-geometrycznej-kompozycji\/"},"modified":"2026-03-23T01:05:09","modified_gmt":"2026-03-23T00:05:09","slug":"obraz-na-plotnie-drzewo-w-geometrycznej-kompozycji","status":"publish","type":"product","link":"https:\/\/interiorposter.com\/cs\/product\/obraz-na-plotnie-drzewo-w-geometrycznej-kompozycji\/","title":{"rendered":"Obraz na pl\u00e1tn\u011b Strom v geometrick\u00e9 kompozici"},"content":{"rendered":"<p>Tento stylov\u00fd obraz na pl\u00e1tn\u011b s motivem stromu zasazen\u00e9ho do modern\u00ed geometrick\u00e9 formy zaujme elegantn\u00edm spojen\u00edm p\u0159\u00edrody a minimalistick\u00e9ho designu. Jemn\u00e9 odst\u00edny \u0161ed\u00e9, b\u00edl\u00e9, b\u00e9\u017eov\u00e9 a zlat\u00e9ho akcentu vytv\u00e1\u0159ej\u00ed harmonickou kompozici, kter\u00e1 do interi\u00e9ru vnese klid, lehkost a vyt\u0159\u00edben\u00fd charakter. Tento obraz na st\u011bnu se skv\u011ble hod\u00ed do ob\u00fdvac\u00edho pokoje, lo\u017enice, kancel\u00e1\u0159e, hotelu nebo p\u0159eds\u00edn\u011b a kr\u00e1sn\u011b podtrhne modern\u00ed i skandin\u00e1vsk\u00e9 aran\u017em\u00e1. Je to skv\u011bl\u00e1 volba pro ty, kte\u0159\u00ed hledaj\u00ed dekoraci inspirovanou p\u0159\u00edrodou v elegantn\u00edm, vyv\u00e1\u017een\u00e9m a velmi p\u016fsobiv\u00e9m proveden\u00ed.<\/p>\n","protected":false},"excerpt":{"rendered":"<p>Elegantn\u00ed obraz na pl\u00e1tn\u011b se stromem v geometrick\u00e9 kompozici v odst\u00ednech \u0161ed\u00e9, b\u00edl\u00e9, b\u00e9\u017eov\u00e9 a zlat\u00e9 vnese do interi\u00e9ru klid a modern\u00ed styl.<\/p>\n","protected":false},"featured_media":263329,"comment_status":"closed","ping_status":"closed","template":"","meta":[],"product_brand":[],"product_cat":[210,74,289,86,135,68,102,105,83,71,111],"product_tag":[698,274,704,186],"class_list":{"0":"post-304179","1":"product","2":"type-product","3":"status-publish","4":"has-post-thumbnail","6":"product_cat-geometricke","7":"product_cat-hotel-cs","8":"product_cat-ilustrace","9":"product_cat-kancelar","10":"product_cat-krajiny","11":"product_cat-loznice","12":"product_cat-minimalisticky","13":"product_cat-moderni","14":"product_cat-obyvaci-pokoj","15":"product_cat-predsin","16":"product_cat-skandinavsky","17":"product_tag-moderni-obrazy","18":"product_tag-svetle","19":"product_tag-vertikalni","20":"product_tag-vicebarevny","21":"pa_size-finishing-20x30-standard-cs","22":"pa_size-finishing-20x30-na-ptnie-woskim-cs","23":"pa_size-finishing-20x30-premium-print-cs","24":"pa_size-finishing-20x30-akustyczny-cs","25":"pa_size-finishing-40x60-standard-cs","26":"pa_size-finishing-40x60-na-ptnie-woskim-cs","27":"pa_size-finishing-40x60-premium-print-cs","28":"pa_size-finishing-40x60-akustyczny-cs","29":"pa_size-finishing-40x60-w-ramie-drewnianej-naturalnej-cs","30":"pa_size-finishing-40x60-w-ramie-drewnianej-czarnej-cs","31":"pa_size-finishing-60x90-standard-cs","32":"pa_size-finishing-60x90-na-ptnie-woskim-cs","33":"pa_size-finishing-60x90-premium-print-cs","34":"pa_size-finishing-60x90-akustyczny-cs","35":"pa_size-finishing-60x90-w-ramie-drewnianej-naturalnej-cs","36":"pa_size-finishing-60x90-w-ramie-drewnianej-czarnej-cs","37":"pa_size-finishing-80x120-standard-cs","38":"pa_size-finishing-80x120-na-ptnie-woskim-cs","39":"pa_size-finishing-80x120-premium-print-cs","40":"pa_size-finishing-80x120-akustyczny-cs","41":"pa_size-finishing-80x120-w-ramie-drewnianej-naturalnej-cs","42":"pa_size-finishing-80x120-w-ramie-drewnianej-czarnej-cs","44":"first","45":"instock","46":"purchasable","47":"product-type-variable","48":"has-default-attributes"},"aioseo_notices":[],"_links":{"self":[{"href":"https:\/\/interiorposter.com\/cs\/wp-json\/wp\/v2\/product\/304179","targetHints":{"allow":["GET"]}}],"collection":[{"href":"https:\/\/interiorposter.com\/cs\/wp-json\/wp\/v2\/product"}],"about":[{"href":"https:\/\/interiorposter.com\/cs\/wp-json\/wp\/v2\/types\/product"}],"replies":[{"embeddable":true,"href":"https:\/\/interiorposter.com\/cs\/wp-json\/wp\/v2\/comments?post=304179"}],"wp:featuredmedia":[{"embeddable":true,"href":"https:\/\/interiorposter.com\/cs\/wp-json\/wp\/v2\/media\/263329"}],"wp:attachment":[{"href":"https:\/\/interiorposter.com\/cs\/wp-json\/wp\/v2\/media?parent=304179"}],"wp:term":[{"taxonomy":"product_brand","embeddable":true,"href":"https:\/\/interiorposter.com\/cs\/wp-json\/wp\/v2\/product_brand?post=304179"},{"taxonomy":"product_cat","embeddable":true,"href":"https:\/\/interiorposter.com\/cs\/wp-json\/wp\/v2\/product_cat?post=304179"},{"taxonomy":"product_tag","embeddable":true,"href":"https:\/\/interiorposter.com\/cs\/wp-json\/wp\/v2\/product_tag?post=304179"}],"curies":[{"name":"wp","href":"https:\/\/api.w.org\/{rel}","templated":true}]}}