{"id":304098,"date":"2026-03-15T23:09:20","date_gmt":"2026-03-15T22:09:20","guid":{"rendered":"https:\/\/interiorposter.com\/product\/obraz-na-plotnie-pastelowe-roze-w-pudrowym-rozu\/"},"modified":"2026-03-23T01:00:56","modified_gmt":"2026-03-23T00:00:56","slug":"obraz-na-plotnie-pastelowe-roze-w-pudrowym-rozu","status":"publish","type":"product","link":"https:\/\/interiorposter.com\/cs\/product\/obraz-na-plotnie-pastelowe-roze-w-pudrowym-rozu\/","title":{"rendered":"Obraz na pl\u00e1tn\u011b Pastelov\u00e9 r\u016f\u017ee v pudrov\u011b r\u016f\u017eov\u00e9"},"content":{"rendered":"<p>Tento romantick\u00fd obraz na pl\u00e1tn\u011b s motivem r\u016f\u017e\u00ed okouzl\u00ed jemnost\u00ed, sv\u011bteln\u00fdm pojet\u00edm a mimo\u0159\u00e1dn\u011b delik\u00e1tn\u00ed barevnost\u00ed. Pudrov\u011b r\u016f\u017eov\u00e1, zesv\u011btlen\u00e9 t\u00f3ny, m\u011bkk\u00e9 p\u0159echody sv\u011btla a dekorativn\u00ed akcenty vytv\u00e1\u0159ej\u00ed kompozici plnou lehkosti, sv\u011b\u017eesti a \u017eensk\u00e9 elegance. Tento obraz na st\u011bnu kr\u00e1sn\u011b dopln\u00ed lo\u017enici, ob\u00fdvac\u00ed pokoj, p\u0159eds\u00ed\u0148, hotel nebo stylovou kancel\u00e1\u0159 a vnese do interi\u00e9ru \u00fatulnou atmosf\u00e9ru i romantick\u00e9 kouzlo. Je ide\u00e1ln\u00ed volbou pro ty, kte\u0159\u00ed hledaj\u00ed dekoraci, je\u017e prostor projasn\u00ed a dod\u00e1 mu jemn\u00fd a smysln\u00fd charakter.<\/p>\n","protected":false},"excerpt":{"rendered":"<p>Jemn\u00fd obraz na pl\u00e1tn\u011b s r\u016f\u017eemi v pudrov\u011b r\u016f\u017eov\u00e9 pastelov\u00e9 palet\u011b vnese do interi\u00e9ru romantickou atmosf\u00e9ru, lehkost a eleganci.<\/p>\n","protected":false},"featured_media":263540,"comment_status":"closed","ping_status":"closed","template":"","meta":[],"product_brand":[],"product_cat":[99,74,289,86,68,297,105,83,71,123],"product_tag":[702,698,277,274,704,186],"class_list":{"0":"post-304098","1":"product","2":"type-product","3":"status-publish","4":"has-post-thumbnail","6":"product_cat-glamour-cs","7":"product_cat-hotel-cs","8":"product_cat-ilustrace","9":"product_cat-kancelar","10":"product_cat-loznice","11":"product_cat-malirsky","12":"product_cat-moderni","13":"product_cat-obyvaci-pokoj","14":"product_cat-predsin","15":"product_cat-rostliny-a-kvetiny","16":"product_tag-horizontalni","17":"product_tag-moderni-obrazy","18":"product_tag-pastelove","19":"product_tag-svetle","20":"product_tag-vertikalni","21":"product_tag-vicebarevny","22":"pa_size-finishing-20x30-standard-cs","23":"pa_size-finishing-20x30-na-ptnie-woskim-cs","24":"pa_size-finishing-20x30-premium-print-cs","25":"pa_size-finishing-20x30-akustyczny-cs","26":"pa_size-finishing-40x60-standard-cs","27":"pa_size-finishing-40x60-na-ptnie-woskim-cs","28":"pa_size-finishing-40x60-premium-print-cs","29":"pa_size-finishing-40x60-akustyczny-cs","30":"pa_size-finishing-40x60-w-ramie-drewnianej-naturalnej-cs","31":"pa_size-finishing-40x60-w-ramie-drewnianej-czarnej-cs","32":"pa_size-finishing-60x90-standard-cs","33":"pa_size-finishing-60x90-na-ptnie-woskim-cs","34":"pa_size-finishing-60x90-premium-print-cs","35":"pa_size-finishing-60x90-akustyczny-cs","36":"pa_size-finishing-60x90-w-ramie-drewnianej-naturalnej-cs","37":"pa_size-finishing-60x90-w-ramie-drewnianej-czarnej-cs","38":"pa_size-finishing-80x120-standard-cs","39":"pa_size-finishing-80x120-na-ptnie-woskim-cs","40":"pa_size-finishing-80x120-premium-print-cs","41":"pa_size-finishing-80x120-akustyczny-cs","42":"pa_size-finishing-80x120-w-ramie-drewnianej-naturalnej-cs","43":"pa_size-finishing-80x120-w-ramie-drewnianej-czarnej-cs","45":"first","46":"instock","47":"purchasable","48":"product-type-variable","49":"has-default-attributes"},"aioseo_notices":[],"_links":{"self":[{"href":"https:\/\/interiorposter.com\/cs\/wp-json\/wp\/v2\/product\/304098","targetHints":{"allow":["GET"]}}],"collection":[{"href":"https:\/\/interiorposter.com\/cs\/wp-json\/wp\/v2\/product"}],"about":[{"href":"https:\/\/interiorposter.com\/cs\/wp-json\/wp\/v2\/types\/product"}],"replies":[{"embeddable":true,"href":"https:\/\/interiorposter.com\/cs\/wp-json\/wp\/v2\/comments?post=304098"}],"wp:featuredmedia":[{"embeddable":true,"href":"https:\/\/interiorposter.com\/cs\/wp-json\/wp\/v2\/media\/263540"}],"wp:attachment":[{"href":"https:\/\/interiorposter.com\/cs\/wp-json\/wp\/v2\/media?parent=304098"}],"wp:term":[{"taxonomy":"product_brand","embeddable":true,"href":"https:\/\/interiorposter.com\/cs\/wp-json\/wp\/v2\/product_brand?post=304098"},{"taxonomy":"product_cat","embeddable":true,"href":"https:\/\/interiorposter.com\/cs\/wp-json\/wp\/v2\/product_cat?post=304098"},{"taxonomy":"product_tag","embeddable":true,"href":"https:\/\/interiorposter.com\/cs\/wp-json\/wp\/v2\/product_tag?post=304098"}],"curies":[{"name":"wp","href":"https:\/\/api.w.org\/{rel}","templated":true}]}}