{"id":304015,"date":"2026-03-17T09:12:57","date_gmt":"2026-03-17T08:12:57","guid":{"rendered":"https:\/\/interiorposter.com\/product\/obraz-na-plotnie-minimalistyczne-miasto-w-jasnych-tonach\/"},"modified":"2026-03-23T00:54:59","modified_gmt":"2026-03-22T23:54:59","slug":"obraz-na-plotnie-minimalistyczne-miasto-w-jasnych-tonach","status":"publish","type":"product","link":"https:\/\/interiorposter.com\/cs\/product\/obraz-na-plotnie-minimalistyczne-miasto-w-jasnych-tonach\/","title":{"rendered":"Obraz na pl\u00e1tn\u011b Minimalistick\u00e9 m\u011bsto ve sv\u011btl\u00fdch t\u00f3nech"},"content":{"rendered":"<p>Tento jemn\u00fd obraz na pl\u00e1tn\u011b s motivem m\u011bstsk\u00e9 z\u00e1stavby zaujme jednoduchost\u00ed formy a klidnou, elegantn\u00ed barevnost\u00ed. Sv\u011btl\u00e9 odst\u00edny \u0161ed\u00e9, b\u00edl\u00e9 a kr\u00e9mov\u011b b\u00e9\u017eov\u00e9 vytv\u00e1\u0159ej\u00ed lehkou kompozici, kter\u00e1 interi\u00e9r projasn\u00ed a vnese do n\u011bj modern\u00ed a harmonickou atmosf\u00e9ru. Tento obraz na st\u011bnu se skv\u011ble hod\u00ed do ob\u00fdvac\u00edho pokoje, lo\u017enice, kancel\u00e1\u0159e, hotelu nebo p\u0159eds\u00edn\u011b a kr\u00e1sn\u011b dopln\u00ed minimalistick\u00e9 i modern\u00ed aran\u017em\u00e1. Je ide\u00e1ln\u00ed volbou pro ty, kte\u0159\u00ed hledaj\u00ed dekoraci inspirovanou m\u011bstem, ale v jemn\u00e9m a tlumen\u00e9m proveden\u00ed, kter\u00e9 prostoru dod\u00e1 eleganci a vizu\u00e1ln\u00ed lehkost.<\/p>\n","protected":false},"excerpt":{"rendered":"<p>Sv\u011btl\u00fd obraz na pl\u00e1tn\u011b s minimalistick\u00fdm motivem m\u011bsta v odst\u00ednech \u0161ed\u00e9, b\u00edl\u00e9 a b\u00e9\u017eov\u00e9 vnese do interi\u00e9ru klid, lehkost a modern\u00ed styl.<\/p>\n","protected":false},"featured_media":275960,"comment_status":"closed","ping_status":"closed","template":"","meta":[],"product_brand":[],"product_cat":[74,289,86,68,120,102,105,83,71,111],"product_tag":[702,698,274],"class_list":{"0":"post-304015","1":"product","2":"type-product","3":"status-publish","4":"has-post-thumbnail","6":"product_cat-hotel-cs","7":"product_cat-ilustrace","8":"product_cat-kancelar","9":"product_cat-loznice","10":"product_cat-mesta-a-mosty","11":"product_cat-minimalisticky","12":"product_cat-moderni","13":"product_cat-obyvaci-pokoj","14":"product_cat-predsin","15":"product_cat-skandinavsky","16":"product_tag-horizontalni","17":"product_tag-moderni-obrazy","18":"product_tag-svetle","19":"pa_size-finishing-30x20-standard-cs","20":"pa_size-finishing-30x20-na-italskem-platne","21":"pa_size-finishing-30x20-premium-print-cs","22":"pa_size-finishing-30x20-akusticky","23":"pa_size-finishing-60x40-standard-cs","24":"pa_size-finishing-60x40-na-italskem-platne","25":"pa_size-finishing-60x40-premium-print-cs","26":"pa_size-finishing-60x40-akusticky","27":"pa_size-finishing-60x40-v-prirodnim-drevenem-ramu","28":"pa_size-finishing-60x40-v-cernem-drevenem-ramu","29":"pa_size-finishing-90x60-standard-cs","30":"pa_size-finishing-90x60-na-italskem-platne","31":"pa_size-finishing-90x60-premium-print-cs","32":"pa_size-finishing-90x60-akusticky","33":"pa_size-finishing-90x60-v-prirodnim-drevenem-ramu","34":"pa_size-finishing-90x60-v-cernem-drevenem-ramu","35":"pa_size-finishing-120x80-standard-cs","36":"pa_size-finishing-120x80-na-italskem-platne","37":"pa_size-finishing-120x80-premium-print-cs","38":"pa_size-finishing-120x80-akusticky","39":"pa_size-finishing-120x80-v-prirodnim-drevenem-ramu","40":"pa_size-finishing-120x80-v-cernem-drevenem-ramu","42":"first","43":"instock","44":"purchasable","45":"product-type-variable","46":"has-default-attributes"},"aioseo_notices":[],"_links":{"self":[{"href":"https:\/\/interiorposter.com\/cs\/wp-json\/wp\/v2\/product\/304015","targetHints":{"allow":["GET"]}}],"collection":[{"href":"https:\/\/interiorposter.com\/cs\/wp-json\/wp\/v2\/product"}],"about":[{"href":"https:\/\/interiorposter.com\/cs\/wp-json\/wp\/v2\/types\/product"}],"replies":[{"embeddable":true,"href":"https:\/\/interiorposter.com\/cs\/wp-json\/wp\/v2\/comments?post=304015"}],"wp:featuredmedia":[{"embeddable":true,"href":"https:\/\/interiorposter.com\/cs\/wp-json\/wp\/v2\/media\/275960"}],"wp:attachment":[{"href":"https:\/\/interiorposter.com\/cs\/wp-json\/wp\/v2\/media?parent=304015"}],"wp:term":[{"taxonomy":"product_brand","embeddable":true,"href":"https:\/\/interiorposter.com\/cs\/wp-json\/wp\/v2\/product_brand?post=304015"},{"taxonomy":"product_cat","embeddable":true,"href":"https:\/\/interiorposter.com\/cs\/wp-json\/wp\/v2\/product_cat?post=304015"},{"taxonomy":"product_tag","embeddable":true,"href":"https:\/\/interiorposter.com\/cs\/wp-json\/wp\/v2\/product_tag?post=304015"}],"curies":[{"name":"wp","href":"https:\/\/api.w.org\/{rel}","templated":true}]}}