{"id":303932,"date":"2026-03-16T23:27:14","date_gmt":"2026-03-16T22:27:14","guid":{"rendered":"https:\/\/interiorposter.com\/?post_type=product&#038;p=303932"},"modified":"2026-03-23T00:43:20","modified_gmt":"2026-03-22T23:43:20","slug":"szeroki-obraz-na-plotnie-zloty-pejzaz-we-mgle","status":"publish","type":"product","link":"https:\/\/interiorposter.com\/cs\/product\/szeroki-obraz-na-plotnie-zloty-pejzaz-we-mgle\/","title":{"rendered":"\u0160irok\u00fd obraz na pl\u00e1tn\u011b Zlat\u00e1 krajina v mlze"},"content":{"rendered":"<p>Tento \u0161irok\u00fd obraz na pl\u00e1tn\u011b s n\u00e1ladovou krajinou p\u0159itahuje pohled elegantn\u00ed barevnost\u00ed a jedine\u010dnou atmosf\u00e9rou. Spojen\u00ed zlatav\u00fdch odlesk\u016f, hlubok\u00fdch hn\u011bd\u00fdch t\u00f3n\u016f, \u010dern\u00e9 a mlhav\u00fdch p\u0159echod\u016f vytv\u00e1\u0159\u00ed kompozici plnou tajemstv\u00ed, klidu a u\u0161lechtil\u00e9ho lesku. Panoramatick\u00fd form\u00e1t se skv\u011ble vyj\u00edm\u00e1 nad pohovkou, postel\u00ed, stolem nebo konzol\u00ed a kr\u00e1sn\u011b podtrhuje charakter ob\u00fdvac\u00edho pokoje, lo\u017enice, hotelu, restaurace \u010di p\u0159eds\u00edn\u011b. Je to ide\u00e1ln\u00ed dekorace na st\u011bnu pro ty, kte\u0159\u00ed hledaj\u00ed obraz s eleganc\u00ed, jen\u017e do interi\u00e9ru vnese hloubku, vyt\u0159\u00edben\u00fd styl a uklid\u0148uj\u00edc\u00ed atmosf\u00e9ru.<\/p>\n","protected":false},"excerpt":{"rendered":"<p>\u0160irok\u00fd obraz na pl\u00e1tn\u011b se zlatou krajinou v mlze vnese do interi\u00e9ru eleganci, hloubku a p\u016fsobivou atmosf\u00e9ru, ide\u00e1ln\u00ed do ob\u00fdvac\u00edho pokoje, lo\u017enice nebo hotelu.<\/p>\n","protected":false},"featured_media":274726,"comment_status":"closed","ping_status":"closed","template":"","meta":[],"product_brand":[],"product_cat":[99,74,135,68,297,105,265,83,71,89,254],"product_tag":[702,698,915,271,186],"class_list":{"0":"post-303932","1":"product","2":"type-product","3":"status-publish","4":"has-post-thumbnail","6":"product_cat-glamour-cs","7":"product_cat-hotel-cs","8":"product_cat-krajiny","9":"product_cat-loznice","10":"product_cat-malirsky","11":"product_cat-moderni","12":"product_cat-nocni","13":"product_cat-obyvaci-pokoj","14":"product_cat-predsin","15":"product_cat-restaurace","16":"product_cat-zvirata-a-priroda","17":"product_tag-horizontalni","18":"product_tag-moderni-obrazy","19":"product_tag-panoramaticke","20":"product_tag-tmave","21":"product_tag-vicebarevny","22":"pa_size-finishing-120x40-premium-print-cs","23":"pa_size-finishing-120x40-standard-cs","24":"pa_size-finishing-120x40-akusticky","25":"pa_size-finishing-120x40-na-italskem-platne","26":"pa_size-finishing-120x40-v-cernem-drevenem-ramu","27":"pa_size-finishing-120x40-v-prirodnim-drevenem-ramu","28":"pa_size-finishing-135x45-premium-print-cs","29":"pa_size-finishing-135x45-standard-cs","30":"pa_size-finishing-135x45-akusticky","31":"pa_size-finishing-135x45-na-italskem-platne","32":"pa_size-finishing-150x50-premium-print-cs","33":"pa_size-finishing-150x50-standard-cs","34":"pa_size-finishing-150x50-akusticky","35":"pa_size-finishing-150x50-na-italskem-platne","36":"pa_size-finishing-150x50-v-cernem-drevenem-ramu","37":"pa_size-finishing-150x50-v-prirodnim-drevenem-ramu","38":"pa_size-finishing-90x30-premium-print-cs","39":"pa_size-finishing-90x30-standard-cs","40":"pa_size-finishing-90x30-akustyczny-cs","41":"pa_size-finishing-90x30-na-italskem-platne","42":"pa_size-finishing-90x30-v-cernem-drevenem-ramu","43":"pa_size-finishing-90x30-v-prirodnim-drevenem-ramu","45":"first","46":"instock","47":"purchasable","48":"product-type-variable","49":"has-default-attributes"},"aioseo_notices":[],"_links":{"self":[{"href":"https:\/\/interiorposter.com\/cs\/wp-json\/wp\/v2\/product\/303932","targetHints":{"allow":["GET"]}}],"collection":[{"href":"https:\/\/interiorposter.com\/cs\/wp-json\/wp\/v2\/product"}],"about":[{"href":"https:\/\/interiorposter.com\/cs\/wp-json\/wp\/v2\/types\/product"}],"replies":[{"embeddable":true,"href":"https:\/\/interiorposter.com\/cs\/wp-json\/wp\/v2\/comments?post=303932"}],"wp:featuredmedia":[{"embeddable":true,"href":"https:\/\/interiorposter.com\/cs\/wp-json\/wp\/v2\/media\/274726"}],"wp:attachment":[{"href":"https:\/\/interiorposter.com\/cs\/wp-json\/wp\/v2\/media?parent=303932"}],"wp:term":[{"taxonomy":"product_brand","embeddable":true,"href":"https:\/\/interiorposter.com\/cs\/wp-json\/wp\/v2\/product_brand?post=303932"},{"taxonomy":"product_cat","embeddable":true,"href":"https:\/\/interiorposter.com\/cs\/wp-json\/wp\/v2\/product_cat?post=303932"},{"taxonomy":"product_tag","embeddable":true,"href":"https:\/\/interiorposter.com\/cs\/wp-json\/wp\/v2\/product_tag?post=303932"}],"curies":[{"name":"wp","href":"https:\/\/api.w.org\/{rel}","templated":true}]}}