{"id":303765,"date":"2026-03-16T22:19:27","date_gmt":"2026-03-16T21:19:27","guid":{"rendered":"https:\/\/interiorposter.com\/product\/obraz-na-plotnie-abstrakcyjna-laka-w-pastelowej-mgielce\/"},"modified":"2026-03-23T00:31:18","modified_gmt":"2026-03-22T23:31:18","slug":"obraz-na-plotnie-abstrakcyjna-laka-w-pastelowej-mgielce","status":"publish","type":"product","link":"https:\/\/interiorposter.com\/cs\/product\/obraz-na-plotnie-abstrakcyjna-laka-w-pastelowej-mgielce\/","title":{"rendered":"Obraz na pl\u00e1tn\u011b Abstraktn\u00ed louka v pastelov\u00e9m oparu"},"content":{"rendered":"<p>Tento lehk\u00fd a vzdu\u0161n\u00fd obraz na pl\u00e1tn\u011b inspirovan\u00fd n\u00e1ladovou krajinou okouzl\u00ed jemnou formou a subtiln\u00ed hrou barev. Delik\u00e1tn\u00ed p\u0159echody b\u00edl\u00e9, b\u00e9\u017eov\u00e9, pudrov\u011b r\u016f\u017eov\u00e9, \u0161ed\u00e9 a zlatav\u00fdch akcent\u016f vytv\u00e1\u0159ej\u00ed pastelovou kompozici, kter\u00e1 do interi\u00e9ru vnese klid, eleganci a um\u011bleckou sv\u011b\u017eest. Motiv p\u0159ipom\u00ednaj\u00edc\u00ed mlhavou louku nebo r\u00e1kos\u00ed u vody se kr\u00e1sn\u011b vyj\u00edm\u00e1 v ob\u00fdvac\u00edm pokoji, lo\u017enici, kancel\u00e1\u0159i, hotelu i p\u0159eds\u00edni a podtrhuje charakter modern\u00edch, minimalistick\u00fdch a mal\u00ed\u0159sk\u00fdch aran\u017em\u00e1. Je to ide\u00e1ln\u00ed dekorace na st\u011bnu pro ty, kte\u0159\u00ed hledaj\u00ed obraz s atmosf\u00e9rou, jen\u017e prostor jemn\u011b projasn\u00ed a dod\u00e1 mu v\u00fdjime\u010dnou m\u011bkkost.<\/p>\n","protected":false},"excerpt":{"rendered":"<p>Pastelov\u00fd obraz na pl\u00e1tn\u011b inspirovan\u00fd mlhavou loukou v odst\u00ednech b\u00e9\u017eov\u00e9, r\u016f\u017eov\u00e9, \u0161ed\u00e9 a zlat\u00e9 vnese do interi\u00e9ru klid, lehkost a eleganci.<\/p>\n","protected":false},"featured_media":273074,"comment_status":"closed","ping_status":"closed","template":"","meta":[],"product_brand":[],"product_cat":[95,74,86,135,68,297,102,105,83,71,123],"product_tag":[702,698,277,274],"class_list":{"0":"post-303765","1":"product","2":"type-product","3":"status-publish","4":"has-post-thumbnail","6":"product_cat-abstraktni","7":"product_cat-hotel-cs","8":"product_cat-kancelar","9":"product_cat-krajiny","10":"product_cat-loznice","11":"product_cat-malirsky","12":"product_cat-minimalisticky","13":"product_cat-moderni","14":"product_cat-obyvaci-pokoj","15":"product_cat-predsin","16":"product_cat-rostliny-a-kvetiny","17":"product_tag-horizontalni","18":"product_tag-moderni-obrazy","19":"product_tag-pastelove","20":"product_tag-svetle","21":"pa_size-finishing-30x20-standard-cs","22":"pa_size-finishing-30x20-na-ptnie-woskim-cs","23":"pa_size-finishing-30x20-premium-print-cs","24":"pa_size-finishing-30x20-akustyczny-cs","25":"pa_size-finishing-60x40-standard-cs","26":"pa_size-finishing-60x40-na-ptnie-woskim-cs","27":"pa_size-finishing-60x40-premium-print-cs","28":"pa_size-finishing-60x40-akustyczny-cs","29":"pa_size-finishing-60x40-w-ramie-drewnianej-naturalnej-cs","30":"pa_size-finishing-60x40-w-ramie-drewnianej-czarnej-cs","31":"pa_size-finishing-90x60-standard-cs","32":"pa_size-finishing-90x60-na-ptnie-woskim-cs","33":"pa_size-finishing-90x60-premium-print-cs","34":"pa_size-finishing-90x60-akustyczny-cs","35":"pa_size-finishing-90x60-w-ramie-drewnianej-naturalnej-cs","36":"pa_size-finishing-90x60-w-ramie-drewnianej-czarnej-cs","37":"pa_size-finishing-120x80-standard-cs","38":"pa_size-finishing-120x80-na-ptnie-woskim-cs","39":"pa_size-finishing-120x80-premium-print-cs","40":"pa_size-finishing-120x80-akustyczny-cs","41":"pa_size-finishing-120x80-w-ramie-drewnianej-naturalnej-cs","42":"pa_size-finishing-120x80-w-ramie-drewnianej-czarnej-cs","44":"first","45":"instock","46":"purchasable","47":"product-type-variable","48":"has-default-attributes"},"aioseo_notices":[],"_links":{"self":[{"href":"https:\/\/interiorposter.com\/cs\/wp-json\/wp\/v2\/product\/303765","targetHints":{"allow":["GET"]}}],"collection":[{"href":"https:\/\/interiorposter.com\/cs\/wp-json\/wp\/v2\/product"}],"about":[{"href":"https:\/\/interiorposter.com\/cs\/wp-json\/wp\/v2\/types\/product"}],"replies":[{"embeddable":true,"href":"https:\/\/interiorposter.com\/cs\/wp-json\/wp\/v2\/comments?post=303765"}],"wp:featuredmedia":[{"embeddable":true,"href":"https:\/\/interiorposter.com\/cs\/wp-json\/wp\/v2\/media\/273074"}],"wp:attachment":[{"href":"https:\/\/interiorposter.com\/cs\/wp-json\/wp\/v2\/media?parent=303765"}],"wp:term":[{"taxonomy":"product_brand","embeddable":true,"href":"https:\/\/interiorposter.com\/cs\/wp-json\/wp\/v2\/product_brand?post=303765"},{"taxonomy":"product_cat","embeddable":true,"href":"https:\/\/interiorposter.com\/cs\/wp-json\/wp\/v2\/product_cat?post=303765"},{"taxonomy":"product_tag","embeddable":true,"href":"https:\/\/interiorposter.com\/cs\/wp-json\/wp\/v2\/product_tag?post=303765"}],"curies":[{"name":"wp","href":"https:\/\/api.w.org\/{rel}","templated":true}]}}