{"id":303706,"date":"2026-03-16T21:25:39","date_gmt":"2026-03-16T20:25:39","guid":{"rendered":"https:\/\/interiorposter.com\/product\/obraz-na-plotnie-abstrakcyjny-pejzaz-w-blekicie-i-bezu\/"},"modified":"2026-03-23T00:22:50","modified_gmt":"2026-03-22T23:22:50","slug":"obraz-na-plotnie-abstrakcyjny-pejzaz-w-blekicie-i-bezu","status":"publish","type":"product","link":"https:\/\/interiorposter.com\/cs\/product\/obraz-na-plotnie-abstrakcyjny-pejzaz-w-blekicie-i-bezu\/","title":{"rendered":"Obraz na pl\u00e1tn\u011b Abstraktn\u00ed krajina v modr\u00e9 a b\u00e9\u017eov\u00e9"},"content":{"rendered":"<p>Tento stylov\u00fd obraz na pl\u00e1tn\u011b inspirovan\u00fd krajinou zaujme mal\u00ed\u0159skou lehkost\u00ed a klidnou, elegantn\u00ed barevnost\u00ed. Spojen\u00ed syt\u00e9 modr\u00e9, tyrkysov\u00e9, b\u00e9\u017eov\u00e9 a jemn\u011b zesv\u011btlen\u00fdch t\u00f3n\u016f vytv\u00e1\u0159\u00ed harmonickou kompozici, kter\u00e1 do interi\u00e9ru vnese sv\u011b\u017eest, zklidn\u011bn\u00ed a modern\u00ed charakter. Tento obraz na st\u011bnu se skv\u011ble hod\u00ed do ob\u00fdvac\u00edho pokoje, lo\u017enice, kancel\u00e1\u0159e, hotelu nebo p\u0159eds\u00edn\u011b a kr\u00e1sn\u011b dopln\u00ed minimalistick\u00e1, modern\u00ed i um\u011blecky lad\u011bn\u00e1 aran\u017em\u00e1. Je ide\u00e1ln\u00ed volbou pro ty, kte\u0159\u00ed hledaj\u00ed dekoraci s jemnou energi\u00ed, kter\u00e1 prostoru dod\u00e1 hloubku, lehkost a p\u0159\u00edjemnou atmosf\u00e9ru.<\/p>\n","protected":false},"excerpt":{"rendered":"<p>Elegantn\u00ed obraz na pl\u00e1tn\u011b v odst\u00ednech modr\u00e9, tyrkysov\u00e9 a b\u00e9\u017eov\u00e9 vnese do interi\u00e9ru klid, sv\u011b\u017eest a modern\u00ed styl.<\/p>\n","protected":false},"featured_media":272258,"comment_status":"closed","ping_status":"closed","template":"","meta":[],"product_brand":[],"product_cat":[95,74,86,135,68,297,102,105,141,83,71],"product_tag":[702,698,186],"class_list":{"0":"post-303706","1":"product","2":"type-product","3":"status-publish","4":"has-post-thumbnail","6":"product_cat-abstraktni","7":"product_cat-hotel-cs","8":"product_cat-kancelar","9":"product_cat-krajiny","10":"product_cat-loznice","11":"product_cat-malirsky","12":"product_cat-minimalisticky","13":"product_cat-moderni","14":"product_cat-more-a-pobrezi","15":"product_cat-obyvaci-pokoj","16":"product_cat-predsin","17":"product_tag-horizontalni","18":"product_tag-moderni-obrazy","19":"product_tag-vicebarevny","20":"pa_size-finishing-60x40-v-prirodnim-drevenem-ramu","21":"pa_size-finishing-60x40-v-cernem-drevenem-ramu","22":"pa_size-finishing-90x60-standard-cs","23":"pa_size-finishing-90x60-na-italskem-platne","24":"pa_size-finishing-90x60-premium-print-cs","25":"pa_size-finishing-90x60-akusticky","26":"pa_size-finishing-90x60-v-prirodnim-drevenem-ramu","27":"pa_size-finishing-90x60-v-cernem-drevenem-ramu","28":"pa_size-finishing-120x80-standard-cs","29":"pa_size-finishing-120x80-na-italskem-platne","30":"pa_size-finishing-120x80-premium-print-cs","31":"pa_size-finishing-120x80-akusticky","32":"pa_size-finishing-120x80-v-prirodnim-drevenem-ramu","33":"pa_size-finishing-120x80-v-cernem-drevenem-ramu","35":"first","36":"instock","37":"purchasable","38":"product-type-variable","39":"has-default-attributes"},"aioseo_notices":[],"_links":{"self":[{"href":"https:\/\/interiorposter.com\/cs\/wp-json\/wp\/v2\/product\/303706","targetHints":{"allow":["GET"]}}],"collection":[{"href":"https:\/\/interiorposter.com\/cs\/wp-json\/wp\/v2\/product"}],"about":[{"href":"https:\/\/interiorposter.com\/cs\/wp-json\/wp\/v2\/types\/product"}],"replies":[{"embeddable":true,"href":"https:\/\/interiorposter.com\/cs\/wp-json\/wp\/v2\/comments?post=303706"}],"wp:featuredmedia":[{"embeddable":true,"href":"https:\/\/interiorposter.com\/cs\/wp-json\/wp\/v2\/media\/272258"}],"wp:attachment":[{"href":"https:\/\/interiorposter.com\/cs\/wp-json\/wp\/v2\/media?parent=303706"}],"wp:term":[{"taxonomy":"product_brand","embeddable":true,"href":"https:\/\/interiorposter.com\/cs\/wp-json\/wp\/v2\/product_brand?post=303706"},{"taxonomy":"product_cat","embeddable":true,"href":"https:\/\/interiorposter.com\/cs\/wp-json\/wp\/v2\/product_cat?post=303706"},{"taxonomy":"product_tag","embeddable":true,"href":"https:\/\/interiorposter.com\/cs\/wp-json\/wp\/v2\/product_tag?post=303706"}],"curies":[{"name":"wp","href":"https:\/\/api.w.org\/{rel}","templated":true}]}}