{"id":303624,"date":"2026-03-16T10:10:26","date_gmt":"2026-03-16T09:10:26","guid":{"rendered":"https:\/\/interiorposter.com\/product\/obraz-na-plotnie-drzewa-w-mglistej-abstrakcji\/"},"modified":"2026-03-23T00:14:50","modified_gmt":"2026-03-22T23:14:50","slug":"obraz-na-plotnie-drzewa-w-mglistej-abstrakcji","status":"publish","type":"product","link":"https:\/\/interiorposter.com\/cs\/product\/obraz-na-plotnie-drzewa-w-mglistej-abstrakcji\/","title":{"rendered":"Obraz na pl\u00e1tn\u011b Stromy v mlhav\u00e9 abstrakci"},"content":{"rendered":"<p>Tento n\u00e1ladov\u00fd obraz na pl\u00e1tn\u011b s motivem strom\u016f zachycen\u00fdch v abstraktn\u00ed, rozost\u0159en\u00e9 form\u011b vytv\u00e1\u0159\u00ed v interi\u00e9ru atmosf\u00e9ru klidu, ticha a elegantn\u00ed hloubky. Tlumen\u00e1 barevnost zalo\u017een\u00e1 na odst\u00ednech \u0161ed\u00e9, b\u00edl\u00e9 a kou\u0159ov\u011b \u010dern\u00e9 p\u016fsob\u00ed modern\u011b a z\u00e1rove\u0148 nad\u010dasov\u011b. Tento obraz na st\u011bnu se skv\u011ble hod\u00ed do ob\u00fdvac\u00edho pokoje, lo\u017enice, kancel\u00e1\u0159e, hotelu nebo p\u0159eds\u00edn\u011b a jemn\u011b podtrhuje charakter minimalistick\u00fdch a modern\u00edch aran\u017em\u00e1. Je ide\u00e1ln\u00ed volbou pro ty, kte\u0159\u00ed hledaj\u00ed dekoraci s atmosf\u00e9rou, kter\u00e1 do prostoru vnese harmonii a um\u011bleckou lehkost.<\/p>\n","protected":false},"excerpt":{"rendered":"<p>Jemn\u00fd obraz na pl\u00e1tn\u011b se stromy v mlhav\u00e9m abstraktn\u00edm pojet\u00ed vnese do interi\u00e9ru klid, eleganci a modern\u00ed atmosf\u00e9ru.<\/p>\n","protected":false},"featured_media":271148,"comment_status":"closed","ping_status":"closed","template":"","meta":[],"product_brand":[],"product_cat":[95,74,86,135,68,297,102,105,83,71],"product_tag":[702,698,180,1304,274],"class_list":{"0":"post-303624","1":"product","2":"type-product","3":"status-publish","4":"has-post-thumbnail","6":"product_cat-abstraktni","7":"product_cat-hotel-cs","8":"product_cat-kancelar","9":"product_cat-krajiny","10":"product_cat-loznice","11":"product_cat-malirsky","12":"product_cat-minimalisticky","13":"product_cat-moderni","14":"product_cat-obyvaci-pokoj","15":"product_cat-predsin","16":"product_tag-horizontalni","17":"product_tag-moderni-obrazy","18":"product_tag-seda","19":"product_tag-strom","20":"product_tag-svetle","21":"pa_size-finishing-30x20-standard-cs","22":"pa_size-finishing-30x20-na-italskem-platne","23":"pa_size-finishing-30x20-premium-print-cs","24":"pa_size-finishing-30x20-akusticky","25":"pa_size-finishing-60x40-standard-cs","26":"pa_size-finishing-60x40-na-italskem-platne","27":"pa_size-finishing-60x40-premium-print-cs","28":"pa_size-finishing-60x40-akusticky","29":"pa_size-finishing-60x40-v-prirodnim-drevenem-ramu","30":"pa_size-finishing-60x40-v-cernem-drevenem-ramu","31":"pa_size-finishing-90x60-standard-cs","32":"pa_size-finishing-90x60-na-italskem-platne","33":"pa_size-finishing-90x60-premium-print-cs","34":"pa_size-finishing-90x60-akusticky","35":"pa_size-finishing-90x60-v-prirodnim-drevenem-ramu","36":"pa_size-finishing-90x60-v-cernem-drevenem-ramu","37":"pa_size-finishing-120x80-standard-cs","38":"pa_size-finishing-120x80-na-italskem-platne","39":"pa_size-finishing-120x80-premium-print-cs","40":"pa_size-finishing-120x80-akusticky","41":"pa_size-finishing-120x80-v-prirodnim-drevenem-ramu","42":"pa_size-finishing-120x80-v-cernem-drevenem-ramu","44":"first","45":"instock","46":"purchasable","47":"product-type-variable","48":"has-default-attributes"},"aioseo_notices":[],"_links":{"self":[{"href":"https:\/\/interiorposter.com\/cs\/wp-json\/wp\/v2\/product\/303624","targetHints":{"allow":["GET"]}}],"collection":[{"href":"https:\/\/interiorposter.com\/cs\/wp-json\/wp\/v2\/product"}],"about":[{"href":"https:\/\/interiorposter.com\/cs\/wp-json\/wp\/v2\/types\/product"}],"replies":[{"embeddable":true,"href":"https:\/\/interiorposter.com\/cs\/wp-json\/wp\/v2\/comments?post=303624"}],"wp:featuredmedia":[{"embeddable":true,"href":"https:\/\/interiorposter.com\/cs\/wp-json\/wp\/v2\/media\/271148"}],"wp:attachment":[{"href":"https:\/\/interiorposter.com\/cs\/wp-json\/wp\/v2\/media?parent=303624"}],"wp:term":[{"taxonomy":"product_brand","embeddable":true,"href":"https:\/\/interiorposter.com\/cs\/wp-json\/wp\/v2\/product_brand?post=303624"},{"taxonomy":"product_cat","embeddable":true,"href":"https:\/\/interiorposter.com\/cs\/wp-json\/wp\/v2\/product_cat?post=303624"},{"taxonomy":"product_tag","embeddable":true,"href":"https:\/\/interiorposter.com\/cs\/wp-json\/wp\/v2\/product_tag?post=303624"}],"curies":[{"name":"wp","href":"https:\/\/api.w.org\/{rel}","templated":true}]}}